{"id":1062,"date":"2018-02-12T09:39:36","date_gmt":"2018-02-12T09:39:36","guid":{"rendered":"http:\/\/osmp.edu.ba\/?page_id=1062"},"modified":"2025-09-25T07:18:58","modified_gmt":"2025-09-25T07:18:58","slug":"okvirni-plan-za-1-polugodiste","status":"publish","type":"page","link":"https:\/\/osmp.edu.ba\/?page_id=1062","title":{"rendered":"Okvirni plan pisanih provjera za 1. polugodi\u0161te"},"content":{"rendered":"\n<p class=\"has-background\" style=\"background-color:#cbe4f4;font-size:18px\">Dragi u\u010denici, roditelji i nastavnici, na linku ispod mo\u017eete preuzeti Okvirni plan pisanih provjera za I polugodi\u0161te \u0161kolske 2025\/2026. godine. <\/p>\n\n\n\n<p class=\"has-text-align-center has-white-color has-text-color has-background has-link-color has-medium-font-size wp-elements-832f9ed15c55e22de9a2151a764190f9\" style=\"background:linear-gradient(100deg,rgb(252,185,0) 42%,rgb(255,105,0) 100%)\"><strong><a href=\"https:\/\/osmp.edu.ba\/wp-content\/uploads\/2025\/09\/Okvirni-plan-pisanih-provjera-za-prvo-polugodiste-skolske-2025-2026-2.pdf\">OKVIRNI PLANI PISANIH PROVJERA ZA PRVO POLUGODI\u0160TE \u0160KOLSKE 2025\/2026. GODINE<\/a><\/strong><\/p>\n","protected":false},"excerpt":{"rendered":"<p>Dragi u\u010denici, roditelji i nastavnici, na linku ispod mo\u017eete preuzeti Okvirni plan pisanih provjera za&#8230;<\/p>\n","protected":false},"author":1,"featured_media":0,"parent":24,"menu_order":0,"comment_status":"closed","ping_status":"closed","template":"","meta":{"ngg_post_thumbnail":0,"footnotes":""},"class_list":["post-1062","page","type-page","status-publish","hentry"],"_links":{"self":[{"href":"https:\/\/osmp.edu.ba\/index.php?rest_route=\/wp\/v2\/pages\/1062","targetHints":{"allow":["GET"]}}],"collection":[{"href":"https:\/\/osmp.edu.ba\/index.php?rest_route=\/wp\/v2\/pages"}],"about":[{"href":"https:\/\/osmp.edu.ba\/index.php?rest_route=\/wp\/v2\/types\/page"}],"author":[{"embeddable":true,"href":"https:\/\/osmp.edu.ba\/index.php?rest_route=\/wp\/v2\/users\/1"}],"replies":[{"embeddable":true,"href":"https:\/\/osmp.edu.ba\/index.php?rest_route=%2Fwp%2Fv2%2Fcomments&post=1062"}],"version-history":[{"count":55,"href":"https:\/\/osmp.edu.ba\/index.php?rest_route=\/wp\/v2\/pages\/1062\/revisions"}],"predecessor-version":[{"id":14031,"href":"https:\/\/osmp.edu.ba\/index.php?rest_route=\/wp\/v2\/pages\/1062\/revisions\/14031"}],"up":[{"embeddable":true,"href":"https:\/\/osmp.edu.ba\/index.php?rest_route=\/wp\/v2\/pages\/24"}],"wp:attachment":[{"href":"https:\/\/osmp.edu.ba\/index.php?rest_route=%2Fwp%2Fv2%2Fmedia&parent=1062"}],"curies":[{"name":"wp","href":"https:\/\/api.w.org\/{rel}","templated":true}]}}