{"id":1064,"date":"2018-02-12T09:40:40","date_gmt":"2018-02-12T09:40:40","guid":{"rendered":"http:\/\/osmp.edu.ba\/?page_id=1064"},"modified":"2026-01-23T09:31:18","modified_gmt":"2026-01-23T09:31:18","slug":"okvirni-plan-za-2-polugodiste","status":"publish","type":"page","link":"https:\/\/osmp.edu.ba\/?page_id=1064","title":{"rendered":"Okvirni plan pisanih provjera za 2. polugodi\u0161te"},"content":{"rendered":"\n<p class=\"has-background\" style=\"background-color:#cbe4f4;font-size:18px\">Dragi u\u010denici, roditelji i nastavnici, na linku ispod mo\u017eete preuzeti Okvirni plan pisanih provjera za II polugodi\u0161te \u0161kolske 2025\/2026. godine.<\/p>\n\n\n\n<p class=\"has-white-color has-luminous-vivid-amber-to-luminous-vivid-orange-gradient-background has-text-color has-background has-link-color wp-elements-67a24abd7734c83bf599b4bf355e6988\"><a href=\"https:\/\/osmp.edu.ba\/wp-content\/uploads\/2026\/01\/Okvirni-plan-pisanih-provjera-za-drugo-polugodiste-skolske-2025-2026.pdf\">OKVIRNI PLANI PISANIH PROVJERA ZA DRUGO POLUGODI\u0160TE \u0160KOLSKE 2025\/2026. GODINE<\/a><\/p>\n","protected":false},"excerpt":{"rendered":"<p>Dragi u\u010denici, roditelji i nastavnici, na linku ispod mo\u017eete preuzeti Okvirni plan pisanih provjera za&#8230;<\/p>\n","protected":false},"author":1,"featured_media":5199,"parent":24,"menu_order":0,"comment_status":"closed","ping_status":"closed","template":"","meta":{"ngg_post_thumbnail":0,"footnotes":""},"class_list":["post-1064","page","type-page","status-publish","has-post-thumbnail","hentry"],"_links":{"self":[{"href":"https:\/\/osmp.edu.ba\/index.php?rest_route=\/wp\/v2\/pages\/1064","targetHints":{"allow":["GET"]}}],"collection":[{"href":"https:\/\/osmp.edu.ba\/index.php?rest_route=\/wp\/v2\/pages"}],"about":[{"href":"https:\/\/osmp.edu.ba\/index.php?rest_route=\/wp\/v2\/types\/page"}],"author":[{"embeddable":true,"href":"https:\/\/osmp.edu.ba\/index.php?rest_route=\/wp\/v2\/users\/1"}],"replies":[{"embeddable":true,"href":"https:\/\/osmp.edu.ba\/index.php?rest_route=%2Fwp%2Fv2%2Fcomments&post=1064"}],"version-history":[{"count":60,"href":"https:\/\/osmp.edu.ba\/index.php?rest_route=\/wp\/v2\/pages\/1064\/revisions"}],"predecessor-version":[{"id":14034,"href":"https:\/\/osmp.edu.ba\/index.php?rest_route=\/wp\/v2\/pages\/1064\/revisions\/14034"}],"up":[{"embeddable":true,"href":"https:\/\/osmp.edu.ba\/index.php?rest_route=\/wp\/v2\/pages\/24"}],"wp:featuredmedia":[{"embeddable":true,"href":"https:\/\/osmp.edu.ba\/index.php?rest_route=\/wp\/v2\/media\/5199"}],"wp:attachment":[{"href":"https:\/\/osmp.edu.ba\/index.php?rest_route=%2Fwp%2Fv2%2Fmedia&parent=1064"}],"curies":[{"name":"wp","href":"https:\/\/api.w.org\/{rel}","templated":true}]}}