{"id":15,"date":"2017-05-11T08:17:47","date_gmt":"2017-05-11T08:17:47","guid":{"rendered":"http:\/\/osmp.edu.ba\/?page_id=15"},"modified":"2023-11-22T19:05:32","modified_gmt":"2023-11-22T19:05:32","slug":"akti-skole","status":"publish","type":"page","link":"https:\/\/osmp.edu.ba\/?page_id=15","title":{"rendered":"PROPISI"},"content":{"rendered":"\n<figure class=\"wp-block-image\"><img fetchpriority=\"high\" decoding=\"async\" width=\"1024\" height=\"267\" src=\"http:\/\/osmp.edu.ba\/wp-content\/uploads\/2023\/11\/propisi_head-1024x267.png\" alt=\"\" class=\"wp-image-9024\" srcset=\"https:\/\/osmp.edu.ba\/wp-content\/uploads\/2023\/11\/propisi_head-1024x267.png 1024w, https:\/\/osmp.edu.ba\/wp-content\/uploads\/2023\/11\/propisi_head-300x78.png 300w, https:\/\/osmp.edu.ba\/wp-content\/uploads\/2023\/11\/propisi_head-768x200.png 768w, https:\/\/osmp.edu.ba\/wp-content\/uploads\/2023\/11\/propisi_head.png 1920w\" sizes=\"(max-width: 1024px) 100vw, 1024px\" \/><\/figure>\n\n\n\n<p style=\"background-color:#ebf1f3;font-size:18px\" class=\"has-background\">Da bi nastavni proces funkcionisao normalno i da bi svaka situacija bila rije\u0161ena moraju postojati propisi koja su isti za sve. U ispod navedenim selekcijama mo\u017eete prona\u0107i propise koje propisuje na\u0161a dr\u017eava, zatim Ministarstvo za odgoj i obrazovanje Kantona Sarajevo i sama \u0161kole.<\/p>\n\n\n\n<p><\/p>\n\n\n\n<p style=\"background-color:#f1e0d8;font-size:18px\" class=\"has-background\"><a href=\"http:\/\/osmp.edu.ba\/?page_id=3136\">\u2689 Okvirni propisi<\/a><br><a href=\"http:\/\/osmp.edu.ba\/?page_id=1950\">\u2689 Propisi MONKS &#8211; a<\/a><br><a href=\"http:\/\/osmp.edu.ba\/?page_id=47\">\u2689 Propisi \u0161kole<\/a><\/p>\n","protected":false},"excerpt":{"rendered":"<p>Da bi nastavni proces funkcionisao normalno i da bi svaka situacija bila rije\u0161ena moraju postojati&#8230;<\/p>\n","protected":false},"author":1,"featured_media":0,"parent":0,"menu_order":2,"comment_status":"closed","ping_status":"closed","template":"","meta":{"ngg_post_thumbnail":0,"footnotes":""},"class_list":["post-15","page","type-page","status-publish","hentry"],"_links":{"self":[{"href":"https:\/\/osmp.edu.ba\/index.php?rest_route=\/wp\/v2\/pages\/15","targetHints":{"allow":["GET"]}}],"collection":[{"href":"https:\/\/osmp.edu.ba\/index.php?rest_route=\/wp\/v2\/pages"}],"about":[{"href":"https:\/\/osmp.edu.ba\/index.php?rest_route=\/wp\/v2\/types\/page"}],"author":[{"embeddable":true,"href":"https:\/\/osmp.edu.ba\/index.php?rest_route=\/wp\/v2\/users\/1"}],"replies":[{"embeddable":true,"href":"https:\/\/osmp.edu.ba\/index.php?rest_route=%2Fwp%2Fv2%2Fcomments&post=15"}],"version-history":[{"count":8,"href":"https:\/\/osmp.edu.ba\/index.php?rest_route=\/wp\/v2\/pages\/15\/revisions"}],"predecessor-version":[{"id":9026,"href":"https:\/\/osmp.edu.ba\/index.php?rest_route=\/wp\/v2\/pages\/15\/revisions\/9026"}],"wp:attachment":[{"href":"https:\/\/osmp.edu.ba\/index.php?rest_route=%2Fwp%2Fv2%2Fmedia&parent=15"}],"curies":[{"name":"wp","href":"https:\/\/api.w.org\/{rel}","templated":true}]}}