{"id":26,"date":"2017-05-11T08:44:45","date_gmt":"2017-05-11T08:44:45","guid":{"rendered":"http:\/\/osmp.edu.ba\/?page_id=26"},"modified":"2023-11-22T15:53:40","modified_gmt":"2023-11-22T15:53:40","slug":"roditelji","status":"publish","type":"page","link":"https:\/\/osmp.edu.ba\/?page_id=26","title":{"rendered":"Roditelji"},"content":{"rendered":"\n<figure class=\"wp-block-image\"><img fetchpriority=\"high\" decoding=\"async\" width=\"1024\" height=\"267\" src=\"http:\/\/osmp.edu.ba\/wp-content\/uploads\/2023\/11\/ROD-1024x267.png\" alt=\"\" class=\"wp-image-9002\" srcset=\"https:\/\/osmp.edu.ba\/wp-content\/uploads\/2023\/11\/ROD-1024x267.png 1024w, https:\/\/osmp.edu.ba\/wp-content\/uploads\/2023\/11\/ROD-300x78.png 300w, https:\/\/osmp.edu.ba\/wp-content\/uploads\/2023\/11\/ROD-768x200.png 768w, https:\/\/osmp.edu.ba\/wp-content\/uploads\/2023\/11\/ROD.png 1920w\" sizes=\"(max-width: 1024px) 100vw, 1024px\" \/><figcaption><strong>FOTO: <a href=\"https:\/\/www.pngwing.com\/en\/free-png-zlgxh\">pngwing.com<\/a><\/strong><\/figcaption><\/figure>\n\n\n\n<p style=\"background-color:#d5f0fc\" class=\"has-background has-medium-font-size\">Po\u0161tovani roditelji\/staratelji u ovom dijelu stranice mo\u017eete prona\u0107i sve potrebne informacije koje \u0107e vama kao roditeljima olak\u0161ati planiranje dje\u010dijih, ali i svojih obaveza. U ispod navedenim selekcijama (linkovima) se nalazi vi\u0161e informacija.<\/p>\n\n\n\n<p style=\"background-color:#f3f3e9;font-size:18px\" class=\"has-background\"><a href=\"http:\/\/osmp.edu.ba\/?page_id=3876\">\u2689 Izjave roditelja<\/a>  <br>                                                                                                     <a href=\"http:\/\/osmp.edu.ba\/?page_id=59\">\u2689 Raspored \u010dasova i zvona <\/a>  <br>                                                                                 <a href=\"http:\/\/osmp.edu.ba\/?page_id=6219\">\u2689 \u0160kolski kalendar <\/a>  <br>                                                                                                     <a href=\"http:\/\/osmp.edu.ba\/?page_id=8929\">\u2689 Vije\u0107e roditelja<\/a>  <br>                                                                                              <a href=\"http:\/\/osmp.edu.ba\/?page_id=62\">\u2689 Raspored prevoza u\u010denika<\/a>  <br>                                                                                                <a href=\"http:\/\/osmp.edu.ba\/?page_id=66\">\u2689 Konsulatacije sa nastavnicima <\/a>                      <br>                                                        <a href=\"http:\/\/osmp.edu.ba\/?page_id=32\">\u2689 Izvedbeni planovi<\/a><\/p>\n","protected":false},"excerpt":{"rendered":"<p>Po\u0161tovani roditelji\/staratelji u ovom dijelu stranice mo\u017eete prona\u0107i sve potrebne informacije koje \u0107e vama kao&#8230;<\/p>\n","protected":false},"author":1,"featured_media":0,"parent":0,"menu_order":3,"comment_status":"closed","ping_status":"closed","template":"","meta":{"ngg_post_thumbnail":0,"footnotes":""},"class_list":["post-26","page","type-page","status-publish","hentry"],"_links":{"self":[{"href":"https:\/\/osmp.edu.ba\/index.php?rest_route=\/wp\/v2\/pages\/26","targetHints":{"allow":["GET"]}}],"collection":[{"href":"https:\/\/osmp.edu.ba\/index.php?rest_route=\/wp\/v2\/pages"}],"about":[{"href":"https:\/\/osmp.edu.ba\/index.php?rest_route=\/wp\/v2\/types\/page"}],"author":[{"embeddable":true,"href":"https:\/\/osmp.edu.ba\/index.php?rest_route=\/wp\/v2\/users\/1"}],"replies":[{"embeddable":true,"href":"https:\/\/osmp.edu.ba\/index.php?rest_route=%2Fwp%2Fv2%2Fcomments&post=26"}],"version-history":[{"count":13,"href":"https:\/\/osmp.edu.ba\/index.php?rest_route=\/wp\/v2\/pages\/26\/revisions"}],"predecessor-version":[{"id":9011,"href":"https:\/\/osmp.edu.ba\/index.php?rest_route=\/wp\/v2\/pages\/26\/revisions\/9011"}],"wp:attachment":[{"href":"https:\/\/osmp.edu.ba\/index.php?rest_route=%2Fwp%2Fv2%2Fmedia&parent=26"}],"curies":[{"name":"wp","href":"https:\/\/api.w.org\/{rel}","templated":true}]}}