{"id":28,"date":"2017-05-11T08:46:36","date_gmt":"2017-05-11T08:46:36","guid":{"rendered":"http:\/\/osmp.edu.ba\/?page_id=28"},"modified":"2024-03-26T14:15:56","modified_gmt":"2024-03-26T14:15:56","slug":"historija-skole","status":"publish","type":"page","link":"https:\/\/osmp.edu.ba\/?page_id=28","title":{"rendered":"Historijat \u0161kole"},"content":{"rendered":"\n<p class=\"has-background has-luminous-vivid-amber-background-color\">Na\u0161i po\u010deci se\u017eu u daleku <strong>1952\/53<\/strong>. godinu kada smo po\u010deli kao &#8220;<strong>Deveta osmogodi\u0161nja \u0161kola<\/strong>&#8220;, da bismo rasli skupa sa fabrikom &#8220;<a href=\"https:\/\/bs.wikipedia.org\/wiki\/Pretis_(kompanija)\"><strong>Pretis<\/strong><\/a>&#8221; i mladim naseljem koje je krenulo da stasava na lokalitetu Jo\u0161anica.<\/p>\n\n\n\n<p class=\"has-background has-very-light-gray-background-color\">\u0160kola je <strong>1959.<\/strong> godine dobila ime po revolucionaru <strong><a href=\"https:\/\/hr.wikipedia.org\/wiki\/Mo%C5%A1a_Pijade\">Mo\u0161i Pijade<\/a><\/strong>, a rastom fabrike i naselja <strong>1967.<\/strong> godine pola u\u010denika prelazi u novoizgra\u0111enu \u0161kolu &#8220;<strong><a href=\"https:\/\/bs.wikipedia.org\/wiki\/Igmanski_mar%C5%A1\">Igmanski mar\u0161<\/a><\/strong>&#8220;.<\/p>\n\n\n\n<p class=\"has-background has-luminous-vivid-amber-background-color\">Ratna kataklizma nas je <strong>1992.<\/strong> godine zatekla u sklopu <strong>Radne organizacije osnovnog obrazovanja i vaspitanja na nivou op\u0107ine Vogo\u0161\u0107a<\/strong> u \u010dijem sklopu se pored jo\u0161 tri osnovne \u0161kole nalazila i Muzi\u010dka \u0161kola, jedno vrijeme i obdani\u0161te &#8220;<strong><a href=\"https:\/\/sr.wikipedia.org\/sr-el\/%D0%9C%D0%B8%D1%80%D0%B0_%D0%A6%D0%B8%D0%BA%D0%BE%D1%82%D0%B0\">Mira Cikota<\/a><\/strong>&#8220;.<\/p>\n\n\n\n<p class=\"has-background has-very-light-gray-background-color\">U toku rata od <strong>1992.<\/strong> do <strong>1995.<\/strong> godine svi prosvjetari Vogo\u0161\u0107e su spa\u0161avali \u010detri generacije u\u010denika u sklopu <strong>zajedni\u010dke \u0161kole &#8220;Vogo\u0161\u0107a&#8221;<\/strong>. A onda smo se u septembru <strong>1996.<\/strong> godine na\u0161li na samom po\u010detku.<br>Osnovna \u0161kola &#8220;<strong>Vogo\u0161\u0107a I<\/strong>&#8221; je sa jedanaest &#8220;ni\u017eih&#8221; odjeljenja bila smje\u0161tena u <strong><a href=\"https:\/\/www.oszb.edu.ba\/\">Osnovnoj \u0161koli &#8220;Zahid Baru\u010dija<\/a><\/strong>&#8221; i dvanaest &#8220;starijih&#8221; u <strong><a href=\"https:\/\/mssvogosca.edu.ba\/\">Srednjoj mje\u0161ovitoj \u0161koli<\/a><\/strong>.<\/p>\n\n\n\n<p class=\"has-background has-luminous-vivid-amber-background-color\"><strong>1997.<\/strong> \u0161kolsku godinu smo po\u010deli kao \u0161kola &#8220;Vogo\u0161\u0107a I&#8221; da bi zavr\u0161ili kao <strong>Osnovna \u0161kola &#8220;Mirsad Prnjavorac&#8221;<\/strong>.<\/p>\n\n\n\n<div class=\"wp-block-image\"><figure class=\"aligncenter is-resized\"><a href=\"http:\/\/osmp.edu.ba\/wp-content\/uploads\/2017\/05\/rekonstrukcijaskole.jpg\"><img fetchpriority=\"high\" decoding=\"async\" src=\"http:\/\/osmp.edu.ba\/wp-content\/uploads\/2017\/05\/rekonstrukcijaskole-300x288.jpg\" alt=\"Zajedni\u010dkim presijecanjem vrpce \u0161kolu su otvorili ambasador Italije u BiH Sebi D'elii, brigadni general Domeniko Cukoro i direktor \u0161kole Sadik Habul.\" class=\"wp-image-598\" width=\"367\" height=\"352\" srcset=\"https:\/\/osmp.edu.ba\/wp-content\/uploads\/2017\/05\/rekonstrukcijaskole-300x288.jpg 300w, https:\/\/osmp.edu.ba\/wp-content\/uploads\/2017\/05\/rekonstrukcijaskole.jpg 500w\" sizes=\"(max-width: 367px) 100vw, 367px\" \/><\/a><figcaption> FOTO: O\u0160 \u201cMirsad Prnjavorac\u201d <\/figcaption><\/figure><\/div>\n\n\n\n<p class=\"has-background has-very-light-gray-background-color\"><strong>2013.<\/strong> godine kada je za direktoricu JU O\u0160 \u201cMirsad Prnjavorac\u201d izabrana <strong>g\u0111a. Sabiha Sal\u010din<\/strong>, \u0161kola do\u017eivljava svoj pravi procvat. Zahvaljuju\u0107i radu i trudu menad\u017ementa \u0161kole stvoreni su bolji uslovi za boravak i rad u \u0161koli. U \u0161koli su realizovani mnogobrojni projekti, koji su za cilj imali unapre\u0111enje i pobolj\u0161anje uslova rada i u\u010denja za sve na\u0161e u\u010denike i uposlenike.<\/p>\n\n\n\n<p class=\"has-background has-luminous-vivid-amber-background-color\">Kroz brojne projekte u \u0161kolu je ulo\u017eeno oko <strong>1 000 000 KM<\/strong>. Nabrojat \u0107emo samo neke projekte realizirane u proteklom periodu (2013. god. \u2013 2019.  god.):<\/p>\n\n\n\n<p class=\"has-background has-very-light-gray-background-color\"> \u25c6 Prvi u Kantonu Sarajevo&nbsp; uveli izu\u010davanje turskog jezika kao drugog stranog jezika;<\/p>\n\n\n\n<p class=\"has-background has-very-light-gray-background-color\">\u25c6 U saradnji sa Turskom ambasadom potpisan je &nbsp;sporazum bratimljenja sa dvije bratske \u0161kole u Istanbulu, te je na taj na\u010din u\u010denicima omugu\u0107en odlazak u Tursku i usavr\u0161avanje turskog jezika;<\/p>\n\n\n\n<p class=\"has-background has-very-light-gray-background-color\">\u25c6 U saradnji sa Njema\u010dkom ambasadom jedina smo \u0161kola u Kantonu Sarajevo koja je uvela intenzivnije izu\u010davanje njema\u010dkog jezika, program DSD;<\/p>\n\n\n\n<p class=\"has-background has-very-light-gray-background-color\">\u25c6 Opremljen savremeni kabinet za izu\u010davanje stranih jezika;<\/p>\n\n\n\n<p class=\"has-background has-very-light-gray-background-color\">\u25c6 Nabavljena je muzi\u010dka oprema (mikseta, zvu\u010dnici, oprema za hor);<\/p>\n\n\n\n<p class=\"has-background has-very-light-gray-background-color\">\u25c6 Renovirana je i obnovljena mala fiskulturna sala i svla\u010dionice (tatami pod);<\/p>\n\n\n\n<p class=\"has-background has-very-light-gray-background-color\">\u25c6 Utopljena je velika fiskulturna sala;<\/p>\n\n\n\n<p class=\"has-background has-very-light-gray-background-color\">\u25c6 Ura\u0111ena rekonstrukcija ko\u0161arka\u0161kog igrali\u0161ta;<\/p>\n\n\n\n<p class=\"has-background has-very-light-gray-background-color\">\u25c6 Uvedeno grijanje u muzi\u010dku \u0161kolu;<\/p>\n\n\n\n<p class=\"has-background has-very-light-gray-background-color\">\u25c6 Zamjenjena i ura\u0111ena hidratanska unutra\u0161nja i vanjska mre\u017ea;<\/p>\n\n\n\n<p class=\"has-background has-very-light-gray-background-color\">\u25c6 Obnovljene vodovodne instalacije (novim instalacijama provedena voda do \u0161kole); <\/p>\n\n\n\n<p class=\"has-background has-very-light-gray-background-color\">\u25c6 Uvedena rasvjeta na parking (pristup muzi\u010dkoj \u0161koli);<\/p>\n\n\n\n<p class=\"has-background has-very-light-gray-background-color\">\u25c6 Napravljen je potporni zid &nbsp;i zatvorena ograda na po\u017earnom putu iza \u0161kole;<\/p>\n\n\n\n<p class=\"has-background has-very-light-gray-background-color\">\u25c6 Utopljavanjem \u0161kole osigurane su toplije u\u010dionice za na\u0161e u\u010denike;<\/p>\n\n\n\n<p class=\"has-background has-very-light-gray-background-color\">\u25c6 Ura\u0111ena je sanacija i termoizolacija fasade i krova;<\/p>\n\n\n\n<p class=\"has-background has-very-light-gray-background-color\">\u25c6 Zamijenjena je dotrajala stolarija energetski efikasnijom;<\/p>\n\n\n\n<p class=\"has-background has-very-light-gray-background-color\">\u25c6 Izvr\u0161ena je rekonstrukcija centralnog grijanja; <\/p>\n\n\n\n<p class=\"has-background has-very-light-gray-background-color\">\u25c6 Ura\u0111ena rekonstrukcija mokrih \u010dvorova na tri eta\u017ee uz saradnju sa UNDP-om, Njema\u010dkom ambasadom, Intesa Sanpaolo bankom i Hayat TV-om;<\/p>\n\n\n\n<p class=\"has-background has-very-light-gray-background-color\">\u25c6 Izgra\u0111en parking i pristupni put prema muzi\u010dkoj \u0161koli; <\/p>\n\n\n\n<p class=\"has-background has-very-light-gray-background-color\">\u25c6 Ugra\u0111ene nove kamere, alarmni sistem, vatro dojava; <\/p>\n\n\n\n<p class=\"has-background has-very-light-gray-background-color\">\u25c6 Ure\u0111eno dvori\u0161te,&nbsp; zasa\u0111ene sadnice i&nbsp; izvr\u0161ena popravka klupa za odmor;<\/p>\n\n\n\n<p class=\"has-background has-very-light-gray-background-color\">\u25c6 Nabavljena multimedijalna nastavna sredstava;<\/p>\n\n\n\n<p class=\"has-background has-very-light-gray-background-color\">\u25c6 Izgra\u0111en prilaz za invalidne osobe;<\/p>\n\n\n\n<p class=\"has-background has-very-light-gray-background-color\">\u25c6 Otvorena je muzi\u010dka \u0161kola;<\/p>\n\n\n\n<p class=\"has-background has-very-light-gray-background-color\">\u25c6 Otvoren je ra\u010dunarski Centar za digitalne kompetencije;<\/p>\n\n\n\n<p class=\"has-background has-very-light-gray-background-color\">\u25c6 Osmi\u0161ljen i osposobljen \u201eKutak za \u010ditanje\u201c;<\/p>\n\n\n\n<p class=\"has-background has-very-light-gray-background-color\">\u25c6 Renovirana biblioteka i opremljena sa najsavremenijom opremom.<\/p>\n\n\n\n<p><\/p>\n\n\n\n<figure class=\"wp-block-image\"><img decoding=\"async\" width=\"820\" height=\"544\" src=\"http:\/\/osmp.edu.ba\/wp-content\/uploads\/2019\/08\/New-Picture.jpg\" alt=\"\" class=\"wp-image-2637\" srcset=\"https:\/\/osmp.edu.ba\/wp-content\/uploads\/2019\/08\/New-Picture.jpg 820w, https:\/\/osmp.edu.ba\/wp-content\/uploads\/2019\/08\/New-Picture-300x199.jpg 300w, https:\/\/osmp.edu.ba\/wp-content\/uploads\/2019\/08\/New-Picture-768x510.jpg 768w\" sizes=\"(max-width: 820px) 100vw, 820px\" \/><figcaption> Otvaranje utopljene, renovirane \u0161kole  <br>(FOTO: O\u0160 \u201cMirsad Prnjavorac\u201d ) <\/figcaption><\/figure>\n\n\n\n<figure class=\"wp-block-image\"><img decoding=\"async\" width=\"820\" height=\"487\" src=\"http:\/\/osmp.edu.ba\/wp-content\/uploads\/2019\/08\/New-Picture-1.png\" alt=\"\" class=\"wp-image-2638\" srcset=\"https:\/\/osmp.edu.ba\/wp-content\/uploads\/2019\/08\/New-Picture-1.png 820w, https:\/\/osmp.edu.ba\/wp-content\/uploads\/2019\/08\/New-Picture-1-300x178.png 300w, https:\/\/osmp.edu.ba\/wp-content\/uploads\/2019\/08\/New-Picture-1-768x456.png 768w\" sizes=\"(max-width: 820px) 100vw, 820px\" \/><figcaption>  Otvaranje&nbsp; savremenog kabineta za izu\u010davanje stranih jezika  <br>(FOTO: O\u0160 \u201cMirsad Prnjavorac\u201d ) <\/figcaption><\/figure>\n\n\n\n<figure class=\"wp-block-image\"><img loading=\"lazy\" decoding=\"async\" width=\"888\" height=\"589\" src=\"http:\/\/osmp.edu.ba\/wp-content\/uploads\/2019\/08\/esafd.jpg\" alt=\"\" class=\"wp-image-2642\" srcset=\"https:\/\/osmp.edu.ba\/wp-content\/uploads\/2019\/08\/esafd.jpg 888w, https:\/\/osmp.edu.ba\/wp-content\/uploads\/2019\/08\/esafd-300x199.jpg 300w, https:\/\/osmp.edu.ba\/wp-content\/uploads\/2019\/08\/esafd-768x509.jpg 768w\" sizes=\"(max-width: 888px) 100vw, 888px\" \/><figcaption>  Otvaranje najsavremenijeg Centra za digitalne kompetencije u KS  <br>(FOTO: O\u0160 \u201cMirsad Prnjavorac\u201d ) <\/figcaption><\/figure>\n\n\n\n<figure class=\"wp-block-image\"><img loading=\"lazy\" decoding=\"async\" width=\"768\" height=\"1024\" src=\"http:\/\/osmp.edu.ba\/wp-content\/uploads\/2019\/08\/IMG-4dd3a7727fa4c72857dd5290a299f621-V-768x1024.jpg\" alt=\"\" class=\"wp-image-2650\" srcset=\"https:\/\/osmp.edu.ba\/wp-content\/uploads\/2019\/08\/IMG-4dd3a7727fa4c72857dd5290a299f621-V-768x1024.jpg 768w, https:\/\/osmp.edu.ba\/wp-content\/uploads\/2019\/08\/IMG-4dd3a7727fa4c72857dd5290a299f621-V-225x300.jpg 225w, https:\/\/osmp.edu.ba\/wp-content\/uploads\/2019\/08\/IMG-4dd3a7727fa4c72857dd5290a299f621-V.jpg 960w\" sizes=\"(max-width: 768px) 100vw, 768px\" \/><figcaption>Otvaranje \u0161kolske biblioteke  <br>(FOTO: O\u0160 \u201cMirsad Prnjavorac\u201d ) <\/figcaption><\/figure>\n\n\n\n<p class=\"has-background has-very-light-gray-background-color\">Da se rad i trud cijeni govori i \u010dinjenica da u na\u0161oj \u0161koli svakim danom raste broj upisanih u\u010denika.<\/p>\n\n\n\n<table style=\" text-align:center; background-color:#f7f5e6; border-color:#bd4715;border:1px;border-style:solid\">\n<tr style=\"background-color:#c5eced;border-color:#bd4715;border:1px;border-style:solid\">\n<td style=\"border:1px;border-style:solid\">\u0160kolska godina<\/td>\n<td style=\"border:1px;border-style:solid\">Broj u\u010denika<\/td>\n<\/tr>\n<tr>\n<td style=\"border:1px;border-style:solid\">2013\/2014.<\/td>\n<td style=\"border:1px;border-style:solid\">841<\/td>\n<\/tr>\n<tr>\n<td style=\"border:1px;border-style:solid\">2014\/2015.<\/td>\n<td style=\"border:1px;border-style:solid\">845 <\/td>\n<\/tr>\n<tr>\n<td style=\"border:1px;border-style:solid\">2015\/2016.<\/td>\n<td style=\"border:1px;border-style:solid\">882 <\/td>\n<\/tr>\n<tr>\n<td style=\"border:1px;border-style:solid\">2016\/2017.<\/td>\n<td style=\"border:1px;border-style:solid\">910 <\/td>\n<\/tr>\n<tr>\n<td style=\"border:1px;border-style:solid\">2017\/2018.<\/td>\n<td style=\"border:1px;border-style:solid\">949 <\/td>\n<\/tr>\n<tr>\n<td style=\"border:1px;border-style:solid\">2018\/2019.<\/td>\n<td style=\"border:1px;border-style:solid\">973<\/td>\n<\/tr>\n<tr>\n<td style=\"border:1px;border-style:solid\">2019\/2020.<\/td>\n<td style=\"border:1px;border-style:solid\">1020<\/td>\n<\/tr>\n<\/table>\n","protected":false},"excerpt":{"rendered":"<p>Na\u0161i po\u010deci se\u017eu u daleku 1952\/53. godinu kada smo po\u010deli kao &#8220;Deveta osmogodi\u0161nja \u0161kola&#8220;, da&#8230;<\/p>\n","protected":false},"author":1,"featured_media":0,"parent":77,"menu_order":4,"comment_status":"closed","ping_status":"closed","template":"","meta":{"ngg_post_thumbnail":0,"footnotes":""},"class_list":["post-28","page","type-page","status-publish","hentry"],"_links":{"self":[{"href":"https:\/\/osmp.edu.ba\/index.php?rest_route=\/wp\/v2\/pages\/28","targetHints":{"allow":["GET"]}}],"collection":[{"href":"https:\/\/osmp.edu.ba\/index.php?rest_route=\/wp\/v2\/pages"}],"about":[{"href":"https:\/\/osmp.edu.ba\/index.php?rest_route=\/wp\/v2\/types\/page"}],"author":[{"embeddable":true,"href":"https:\/\/osmp.edu.ba\/index.php?rest_route=\/wp\/v2\/users\/1"}],"replies":[{"embeddable":true,"href":"https:\/\/osmp.edu.ba\/index.php?rest_route=%2Fwp%2Fv2%2Fcomments&post=28"}],"version-history":[{"count":50,"href":"https:\/\/osmp.edu.ba\/index.php?rest_route=\/wp\/v2\/pages\/28\/revisions"}],"predecessor-version":[{"id":11094,"href":"https:\/\/osmp.edu.ba\/index.php?rest_route=\/wp\/v2\/pages\/28\/revisions\/11094"}],"up":[{"embeddable":true,"href":"https:\/\/osmp.edu.ba\/index.php?rest_route=\/wp\/v2\/pages\/77"}],"wp:attachment":[{"href":"https:\/\/osmp.edu.ba\/index.php?rest_route=%2Fwp%2Fv2%2Fmedia&parent=28"}],"curies":[{"name":"wp","href":"https:\/\/api.w.org\/{rel}","templated":true}]}}