{"id":36,"date":"2017-05-11T09:24:25","date_gmt":"2017-05-11T09:24:25","guid":{"rendered":"http:\/\/osmp.edu.ba\/?page_id=36"},"modified":"2024-03-07T21:50:00","modified_gmt":"2024-03-07T21:50:00","slug":"galerija","status":"publish","type":"page","link":"https:\/\/osmp.edu.ba\/?page_id=36","title":{"rendered":"Galerija"},"content":{"rendered":"\n<p><\/p>\n\n\n\n<p class=\"has-background has-medium-font-size has-luminous-vivid-amber-background-color\"><strong>\u0160KOLSKE SLIKE &#8211; 2024. GODINA<\/strong><\/p>\n\n\n\nngg_shortcode_0_placeholder\n\n\n\n<p class=\"has-background has-medium-font-size has-luminous-vivid-amber-background-color\"><strong>\u0160KOLSKE SLIKE &#8211; 2023. GODINA<\/strong><\/p>\n\n\n\nngg_shortcode_1_placeholder\n\n\n\n<p class=\"has-background has-medium-font-size has-luminous-vivid-amber-background-color\"><strong>\u0160KOLSKE SLIKE &#8211; 2022. GODINA<\/strong><\/p>\n\n\nngg_shortcode_2_placeholder\n\n\n<hr>\n\n\n\n<p style=\"text-align:center\" class=\"has-background has-medium-font-size has-luminous-vivid-amber-background-color\"><strong>\u0160KOLSKE SLIKE &#8211; 2021. GODINA<\/strong><\/p>\n\n\nngg_shortcode_3_placeholder\n\n\n<hr>\n\n\n\n<p style=\"text-align:center\" class=\"has-background has-medium-font-size has-luminous-vivid-amber-background-color\"><strong>\u0160KOLSKE SLIKE &#8211; 2020. GODINA<\/strong><\/p>\n\n\nngg_shortcode_4_placeholder\n<p>&nbsp;<\/p>\n\n\n<hr>\n\n\n\n<p style=\"text-align:center\" class=\"has-background has-medium-font-size has-luminous-vivid-amber-background-color\"><strong>\u0160KOLSKE SLIKE &#8211; 2019. GODINA<\/strong><\/p>\n\n\nngg_shortcode_5_placeholder\n\n\n<hr>\n","protected":false},"excerpt":{"rendered":"<p>\u0160KOLSKE SLIKE &#8211; 2024. GODINA \u0160KOLSKE SLIKE &#8211; 2023. GODINA \u0160KOLSKE SLIKE &#8211; 2022. GODINA&#8230;<\/p>\n","protected":false},"author":1,"featured_media":0,"parent":77,"menu_order":9,"comment_status":"closed","ping_status":"closed","template":"","meta":{"ngg_post_thumbnail":0,"footnotes":""},"class_list":["post-36","page","type-page","status-publish","hentry"],"_links":{"self":[{"href":"https:\/\/osmp.edu.ba\/index.php?rest_route=\/wp\/v2\/pages\/36","targetHints":{"allow":["GET"]}}],"collection":[{"href":"https:\/\/osmp.edu.ba\/index.php?rest_route=\/wp\/v2\/pages"}],"about":[{"href":"https:\/\/osmp.edu.ba\/index.php?rest_route=\/wp\/v2\/types\/page"}],"author":[{"embeddable":true,"href":"https:\/\/osmp.edu.ba\/index.php?rest_route=\/wp\/v2\/users\/1"}],"replies":[{"embeddable":true,"href":"https:\/\/osmp.edu.ba\/index.php?rest_route=%2Fwp%2Fv2%2Fcomments&post=36"}],"version-history":[{"count":91,"href":"https:\/\/osmp.edu.ba\/index.php?rest_route=\/wp\/v2\/pages\/36\/revisions"}],"predecessor-version":[{"id":10985,"href":"https:\/\/osmp.edu.ba\/index.php?rest_route=\/wp\/v2\/pages\/36\/revisions\/10985"}],"up":[{"embeddable":true,"href":"https:\/\/osmp.edu.ba\/index.php?rest_route=\/wp\/v2\/pages\/77"}],"wp:attachment":[{"href":"https:\/\/osmp.edu.ba\/index.php?rest_route=%2Fwp%2Fv2%2Fmedia&parent=36"}],"curies":[{"name":"wp","href":"https:\/\/api.w.org\/{rel}","templated":true}]}}