{"id":3736,"date":"2020-10-04T19:05:42","date_gmt":"2020-10-04T19:05:42","guid":{"rendered":"http:\/\/osmp.edu.ba\/?page_id=3736"},"modified":"2026-02-19T18:13:15","modified_gmt":"2026-02-19T18:13:15","slug":"kontakt-2","status":"publish","type":"page","link":"https:\/\/osmp.edu.ba\/?page_id=3736","title":{"rendered":"Kontakt"},"content":{"rendered":"\n<figure class=\"wp-block-image\"><img fetchpriority=\"high\" decoding=\"async\" width=\"2264\" height=\"410\" src=\"http:\/\/osmp.edu.ba\/wp-content\/uploads\/2024\/02\/kontakt_header.jpg\" alt=\"\" class=\"wp-image-9858\" srcset=\"https:\/\/osmp.edu.ba\/wp-content\/uploads\/2024\/02\/kontakt_header.jpg 2264w, https:\/\/osmp.edu.ba\/wp-content\/uploads\/2024\/02\/kontakt_header-300x54.jpg 300w, https:\/\/osmp.edu.ba\/wp-content\/uploads\/2024\/02\/kontakt_header-768x139.jpg 768w, https:\/\/osmp.edu.ba\/wp-content\/uploads\/2024\/02\/kontakt_header-1024x185.jpg 1024w\" sizes=\"(max-width: 2264px) 100vw, 2264px\" \/><\/figure>\n\n\n\n<p><\/p>\n\n\n\n<p class=\"has-luminous-vivid-amber-background-color has-background has-medium-font-size\"><strong>Kontakt O\u0160 &#8220;Mirsad Prnjavorac&#8221;<\/strong><\/p>\n\n\n\n<p class=\"has-very-light-gray-background-color has-background\"><strong>Adresa:<\/strong>&nbsp;Jo\u0161ani\u010dka 51 71320 Vogo\u0161\u0107a<\/p>\n\n\n\n<p class=\"has-very-light-gray-background-color has-background\"><strong> Telefon:<br><br>  <\/strong>                                                                                                              <strong>Direktor: <\/strong><a href=\"tel:38733430911\">033 430 &#8211; 911<\/a><br><strong>Pomo\u0107nik direktora:<\/strong> <a href=\"tel:38733424261\">033 424 &#8211; 261<\/a><br><strong>Pedagog: <\/strong><a href=\"tel:38733424260\">033 424 &#8211; 260<\/a><br><strong>Ra\u010dunovo\u0111a:<\/strong> <a href=\"tel:38733424262\">033 424 &#8211; 262<\/a><br><strong>Sekretar: <\/strong><a href=\"tel:38733430910\">033 430 &#8211; 910<\/a><br><strong>Mobilni tim:<\/strong> <a href=\"tel:38733432208\">033 432 &#8211; 208<\/a><br><strong>Socijalni radnik: <\/strong><a href=\"tel:38733430912\">033 430 &#8211; 912<\/a><\/p>\n\n\n\n<p class=\"has-very-light-gray-background-color has-background\"><strong>Fax:<\/strong> <a href=\"tel:38733430911\">033 430 &#8211; 911<\/a><\/p>\n\n\n\n<p class=\"has-very-light-gray-background-color has-background\"><strong>E &#8211; mail adresa:\u00a0<\/strong> <a href=\"mailto:osnovnaskolamirsadprnjavorac1@gmail.com\">osnovnaskolamirsadprnjavorac1@gmail.com<\/a><\/p>\n\n\n\n<p class=\"has-very-light-gray-background-color has-background\"><strong>Radno vrijeme uprave \u0161kole:<\/strong> Svaki radni dan od <strong><u>8:00<\/u><\/strong> do <strong><u>16:00<\/u><\/strong> sati.<\/p>\n\n\n\n<p class=\"has-background\" style=\"background-color:#efc5cd\"><strong>Lokacija:<\/strong><\/p>\n\n\n\n<center><figure class=\"wp-block-image\"><a href=\"https:\/\/www.google.com\/maps\/place\/Osnovna+%C5%A1kola+Mirsad+Prnjavorac\/@43.9005846,18.3427281,18.01z\/data=!4m6!3m5!1s0x4758cc429a49b7c3:0xb5fcb4e1da33221f!8m2!3d43.9001585!4d18.3432318!16s%2Fg%2F11bw2_dym3?entry=ttu\"><img decoding=\"async\" width=\"1024\" height=\"710\" style=\"border:0px; height:485px; width:700px; border-color:#efc5cd;border-style:solid\" src=\"http:\/\/osmp.edu.ba\/wp-content\/uploads\/2023\/09\/Screenshot-75-1024x710.png\" alt=\"\" class=\"wp-image-6146\" srcset=\"https:\/\/osmp.edu.ba\/wp-content\/uploads\/2023\/09\/Screenshot-75-1024x710.png 1024w, https:\/\/osmp.edu.ba\/wp-content\/uploads\/2023\/09\/Screenshot-75-300x208.png 300w, https:\/\/osmp.edu.ba\/wp-content\/uploads\/2023\/09\/Screenshot-75-768x533.png 768w, https:\/\/osmp.edu.ba\/wp-content\/uploads\/2023\/09\/Screenshot-75.png 1619w\" sizes=\"(max-width: 1024px) 100vw, 1024px\" \/><\/a><\/figure><\/center>\n\n\n\n<br>\n<br>\n<hr style=\"height:4px; background-color:#db2751\">\n\n\n\n<p><\/p>\n\n\n\n<p class=\"has-luminous-vivid-amber-background-color has-background has-medium-font-size\"><strong>Kontakt Ministarstva za odgoj i obrazovanje Kantona Sarajevo<\/strong><\/p>\n\n\n\n<p class=\"has-very-light-gray-background-color has-background\"><strong>Adresa:<\/strong> Reisa D\u017eemaludina \u010cau\u0161evi\u0107a 1<\/p>\n\n\n\n<p class=\"has-very-light-gray-background-color has-background\"><strong>Telefon:<\/strong> <a href=\"tel:387033562128\">033 562 128<\/a><\/p>\n\n\n\n<p class=\"has-very-light-gray-background-color has-background\"><strong>E &#8211; mail adresa:&nbsp;<\/strong> <a href=\"mailto:mo@mo.ks.gov.ba\">mo@mo.ks.gov.ba<\/a><\/p>\n\n\n\n<p class=\"has-background\" style=\"background-color:#efc5cd\"><strong>Lokacija:<\/strong><\/p>\n\n\n\n<center><figure class=\"wp-block-image\"><a href=\"https:\/\/www.google.com\/maps\/place\/Ministarstvo+za+odgoj+i+obrazovanje+Kantona+Sarajevo\/@43.8575444,18.4111253,17z\/data=!3m1!4b1!4m6!3m5!1s0x4758c9cfb7800af7:0xc711993f60f79d47!8m2!3d43.8575406!4d18.4137002!16s%2Fg%2F11l2yjgncy?entry=ttu\"><img decoding=\"async\" width=\"1024\" height=\"694\" style=\"height:484px; width:700px\" src=\"http:\/\/osmp.edu.ba\/wp-content\/uploads\/2023\/09\/Screenshot-76-1024x694.png\" alt=\"\" class=\"wp-image-6162\" srcset=\"https:\/\/osmp.edu.ba\/wp-content\/uploads\/2023\/09\/Screenshot-76-1024x694.png 1024w, https:\/\/osmp.edu.ba\/wp-content\/uploads\/2023\/09\/Screenshot-76-300x203.png 300w, https:\/\/osmp.edu.ba\/wp-content\/uploads\/2023\/09\/Screenshot-76-768x520.png 768w, https:\/\/osmp.edu.ba\/wp-content\/uploads\/2023\/09\/Screenshot-76.png 1625w\" sizes=\"(max-width: 1024px) 100vw, 1024px\" \/><\/a><\/figure><\/center>\n\n\n\n<p><\/p>\n","protected":false},"excerpt":{"rendered":"<p>Kontakt O\u0160 &#8220;Mirsad Prnjavorac&#8221; Adresa:&nbsp;Jo\u0161ani\u010dka 51 71320 Vogo\u0161\u0107a Telefon: Direktor: 033 430 &#8211; 911Pomo\u0107nik direktora:&#8230;<\/p>\n","protected":false},"author":1,"featured_media":0,"parent":77,"menu_order":0,"comment_status":"closed","ping_status":"closed","template":"","meta":{"ngg_post_thumbnail":0,"footnotes":""},"class_list":["post-3736","page","type-page","status-publish","hentry"],"_links":{"self":[{"href":"https:\/\/osmp.edu.ba\/index.php?rest_route=\/wp\/v2\/pages\/3736","targetHints":{"allow":["GET"]}}],"collection":[{"href":"https:\/\/osmp.edu.ba\/index.php?rest_route=\/wp\/v2\/pages"}],"about":[{"href":"https:\/\/osmp.edu.ba\/index.php?rest_route=\/wp\/v2\/types\/page"}],"author":[{"embeddable":true,"href":"https:\/\/osmp.edu.ba\/index.php?rest_route=\/wp\/v2\/users\/1"}],"replies":[{"embeddable":true,"href":"https:\/\/osmp.edu.ba\/index.php?rest_route=%2Fwp%2Fv2%2Fcomments&post=3736"}],"version-history":[{"count":48,"href":"https:\/\/osmp.edu.ba\/index.php?rest_route=\/wp\/v2\/pages\/3736\/revisions"}],"predecessor-version":[{"id":14116,"href":"https:\/\/osmp.edu.ba\/index.php?rest_route=\/wp\/v2\/pages\/3736\/revisions\/14116"}],"up":[{"embeddable":true,"href":"https:\/\/osmp.edu.ba\/index.php?rest_route=\/wp\/v2\/pages\/77"}],"wp:attachment":[{"href":"https:\/\/osmp.edu.ba\/index.php?rest_route=%2Fwp%2Fv2%2Fmedia&parent=3736"}],"curies":[{"name":"wp","href":"https:\/\/api.w.org\/{rel}","templated":true}]}}