{"id":4087,"date":"2021-08-29T17:18:58","date_gmt":"2021-08-29T17:18:58","guid":{"rendered":"http:\/\/osmp.edu.ba\/?page_id=4087"},"modified":"2023-10-06T18:56:36","modified_gmt":"2023-10-06T18:56:36","slug":"online-nastava","status":"publish","type":"page","link":"https:\/\/osmp.edu.ba\/?page_id=4087","title":{"rendered":"EDUKATIVNA PLATFORMA"},"content":{"rendered":"\n<br>\n<hr>\n\n\n\n<div class=\"wp-block-image\"><figure class=\"alignleft is-resized\"><img decoding=\"async\" src=\"http:\/\/osmp.edu.ba\/wp-content\/uploads\/2021\/08\/5e8cdf0a664eae000408545b.png\" alt=\"\" class=\"wp-image-4164\" width=\"127\" height=\"127\" srcset=\"https:\/\/osmp.edu.ba\/wp-content\/uploads\/2021\/08\/5e8cdf0a664eae000408545b.png 1000w, https:\/\/osmp.edu.ba\/wp-content\/uploads\/2021\/08\/5e8cdf0a664eae000408545b-150x150.png 150w, https:\/\/osmp.edu.ba\/wp-content\/uploads\/2021\/08\/5e8cdf0a664eae000408545b-300x300.png 300w, https:\/\/osmp.edu.ba\/wp-content\/uploads\/2021\/08\/5e8cdf0a664eae000408545b-768x768.png 768w\" sizes=\"(max-width: 127px) 100vw, 127px\" \/><\/figure><\/div>\n\n\n\n<p class=\"has-background has-very-light-gray-background-color\">Za komunikaciju sa u\u010denicima na\u0161a \u0161kola koristi platformu <strong>Office 365<\/strong>, ta\u010dnije <strong>Microsoft Teams<\/strong> aplikaciju koja mo\u017ee biti kori\u0161tena putem ra\u010dunara ili mobitela (tableta). Svi u\u010denici \u0161kole, od svojih razrednika dobijaju e &#8211; mail adrese i \u0161ifre za pristup istoj. Ukoliko se desi da je <strong>\u0161ifra zaboravljena<\/strong>, ista mora biti restartovana i to ide preko \u0161kolskog administratora, ta\u010dnije po principu komunikacije <em>U\u010cENIK ILI RODITELJ ->RAZREDNIK -> \u0160KOLSKI ADMINISTRATOR<\/em>.<\/p>\n\n\n\n<p class=\"has-text-color has-background has-very-dark-gray-color has-very-light-gray-background-color\">Na sljede\u0107em <a href=\"https:\/\/www.microsoft.com\/en-ww\/microsoft-teams\/download-app#desktopAppDownloadregion\">linku<\/a> mo\u017eete instalirati Teams aplikaciju za ra\u010dunar, mada je mo\u017eete koristiti i putem bilo kojeg internet preglednika (Google Chrome, Mozila Firefox, Microsoft Edge, Chromium, Safari) na stranici: <a href=\"https:\/\/www.microsoft.com\/en-ww\/microsoft-teams\/log-in\">https:\/\/www.microsoft.com\/en-ww\/microsoft-teams\/log-in<\/a><\/p>\n\n\n\n<p class=\"has-background has-very-light-gray-background-color\">Tako\u0111er, linkovi za Teams aplikaciju na mobilnim ure\u0111ajima su: <\/p>\n\n\n\n<p class=\"has-background has-luminous-vivid-amber-background-color\"><strong>ANDROID:<\/strong><a href=\"https:\/\/play.google.com\/store\/apps\/details?id=com.microsoft.teams&amp;hl=hr&amp;gl=US\">https:\/\/play.google.com\/store\/apps\/details?id=com.microsoft.teams&amp;hl=hr&amp;gl=US\ufeff<\/a><\/p>\n\n\n\n<p class=\"has-background has-luminous-vivid-amber-background-color\"><strong>iOS:<\/strong><a href=\"https:\/\/apps.apple.com\/us\/app\/microsoft-teams\/id1113153706\">https:\/\/apps.apple.com\/us\/app\/microsoft-teams\/id1113153706<\/a><\/p>\n\n\n\n<p class=\"has-background has-very-light-gray-background-color\">Ono \u0161to je va\u017eno spomenuti je da u sklopu iste platforme (Office 365) u\u010denici imaju pristup velikom broju dodatnih aplikacija koje olaka\u0161avaju u\u010denje, ali i podi\u017eu nivo informati\u010dke pismenosti. Neke od tih aplikacija su: Word, Excel, PowerPoint, Outlook,&#8230; Dovoljno je samo na <a href=\"https:\/\/www.office.com\/apps?auth=2\">linku<\/a> unijeti svoje Teams pristupne podatke i otvara se stranica sa mno\u0161tvom korisnih aplikacija. <\/p>\n\n\n\n<figure class=\"wp-block-image\"><img fetchpriority=\"high\" decoding=\"async\" width=\"2584\" height=\"1441\" src=\"http:\/\/osmp.edu.ba\/wp-content\/uploads\/2023\/10\/teams2.jpg\" alt=\"\" class=\"wp-image-6469\" srcset=\"https:\/\/osmp.edu.ba\/wp-content\/uploads\/2023\/10\/teams2.jpg 2584w, https:\/\/osmp.edu.ba\/wp-content\/uploads\/2023\/10\/teams2-300x167.jpg 300w, https:\/\/osmp.edu.ba\/wp-content\/uploads\/2023\/10\/teams2-768x428.jpg 768w, https:\/\/osmp.edu.ba\/wp-content\/uploads\/2023\/10\/teams2-1024x571.jpg 1024w\" sizes=\"(max-width: 2584px) 100vw, 2584px\" \/><figcaption>FOTO: Screenshot<\/figcaption><\/figure>\n\n\n\n<p><\/p>\n\n\n\n<hr style=\"height:4px; background-color:#db2751\">\n\n\n\n<figure class=\"wp-block-image\"><img decoding=\"async\" width=\"850\" height=\"384\" src=\"http:\/\/osmp.edu.ba\/wp-content\/uploads\/2021\/08\/85117-OHASHQ-516.png\" alt=\"\" class=\"wp-image-4169\" srcset=\"https:\/\/osmp.edu.ba\/wp-content\/uploads\/2021\/08\/85117-OHASHQ-516.png 850w, https:\/\/osmp.edu.ba\/wp-content\/uploads\/2021\/08\/85117-OHASHQ-516-300x136.png 300w, https:\/\/osmp.edu.ba\/wp-content\/uploads\/2021\/08\/85117-OHASHQ-516-768x347.png 768w\" sizes=\"(max-width: 850px) 100vw, 850px\" \/><figcaption>FOTO: freepik.com<\/figcaption><\/figure>\n\n\n\n<p class=\"has-background has-very-light-gray-background-color\">Da bi nastavni proces bio \u0161to kvalitetniji, na\u0161i uposlenici su koristili razne online alate i software da bi svojim u\u010denicima nastavu u\u010dinili \u0161to kvalitetnijom i interesantnijom. Ispod se nalazi lista svih kori\u0161tenih alata odobrenih od strane \u0161kole, kao i linkovi za pristup istim.  <\/p>\n\n\n\n<p class=\"has-background has-very-light-gray-background-color\"><a href=\"https:\/\/testmoz.com\/\">Testmoz<\/a><\/p>\n\n\n\n<p class=\"has-background has-luminous-vivid-amber-background-color\"><a href=\"http:\/\/www.pixton.com\/\">Pixton<\/a><\/p>\n\n\n\n<p class=\"has-background has-very-light-gray-background-color\"><a href=\"https:\/\/wordwall.net\/hr\">Wordwall<\/a><\/p>\n\n\n\n<p class=\"has-background has-luminous-vivid-amber-background-color\"><a href=\"https:\/\/genial.ly\/\">genially<\/a><\/p>\n\n\n\n<p class=\"has-background has-very-light-gray-background-color\"><a href=\"https:\/\/www.powtoon.com\/\">Powtoon<\/a><\/p>\n\n\n\n<p class=\"has-background has-luminous-vivid-amber-background-color\"><a href=\"https:\/\/padlet.com\/\">Padlet<\/a><\/p>\n\n\n\n<p class=\"has-background has-very-light-gray-background-color\"><a href=\"https:\/\/wakelet.com\/\">Wakelet<\/a><\/p>\n\n\n\n<p class=\"has-background has-luminous-vivid-amber-background-color\"><a href=\"https:\/\/www.storyjumper.com\/\">storyjumper<\/a><\/p>\n\n\n\n<p class=\"has-background has-very-light-gray-background-color\"><a href=\"https:\/\/www.canva.com\/hr_hr\/\">Canva<\/a><\/p>\n\n\n\n<p class=\"has-background has-luminous-vivid-amber-background-color\"><a href=\"https:\/\/www.tricider.com\/\">tricider\ufeff<\/a><\/p>\n\n\n\n<p class=\"has-background has-very-light-gray-background-color\"><a href=\"https:\/\/kahoot.com\/\">Kahoot<\/a><\/p>\n\n\n\n<p class=\"has-background has-luminous-vivid-amber-background-color\"><a href=\"https:\/\/www.sli.do\/\">slido<\/a><\/p>\n\n\n\n<p class=\"has-background has-very-light-gray-background-color\"><a href=\"https:\/\/notepad-plus-plus.org\/downloads\/\">Notepad++<\/a><\/p>\n\n\n\n<p class=\"has-background has-luminous-vivid-amber-background-color\"><a href=\"https:\/\/quizlet.com\/\">Quizlet<\/a><\/p>\n\n\n\n<p class=\"has-background has-very-light-gray-background-color\"><a href=\"https:\/\/discord.com\/\">Discord<\/a><\/p>\n\n\n\n<p class=\"has-background has-luminous-vivid-amber-background-color\"><a href=\"https:\/\/office.live.com\/start\/word.aspx\">Word &#8211; integriran uz Teams aplikaciju<\/a><\/p>\n\n\n\n<p class=\"has-background has-very-light-gray-background-color\"><a href=\"https:\/\/office.live.com\/start\/excel.aspx\">Excel &#8211; integriran uz Teams aplikaciju<\/a><\/p>\n\n\n\n<p class=\"has-background has-luminous-vivid-amber-background-color\"><a href=\"https:\/\/office.live.com\/start\/powerpoint.aspx\">PowerPoint &#8211; integriran uz Teams aplikaciju<\/a><\/p>\n\n\n\n<p class=\"has-background has-very-light-gray-background-color\"><a href=\"https:\/\/outlook.live.com\/owa\/\">Outlook<\/a><\/p>\n\n\n\n<p class=\"has-background has-luminous-vivid-amber-background-color\"><a href=\"https:\/\/forms.microsoft.com\/\">Forms &#8211; integriran uz Teams aplikaciju<\/a><\/p>\n\n\n\n<p class=\"has-background has-very-light-gray-background-color\">Aplikacije koje su integrirane uz Windows OS kao \u0161to su: Notepad, WordPad, Paint, Paint 3D<\/p>\n\n\n\n<p class=\"has-text-color has-background has-very-dark-gray-color has-luminous-vivid-amber-background-color\"><a href=\"https:\/\/www.microsoft.com\/en-ww\/microsoft-365\/microsoft-whiteboard\/digital-whiteboard-app\">Microsoft Whiteboard<\/a><\/p>\n\n\n\n<p class=\"has-background has-very-light-gray-background-color\">Adobe Programi (<a href=\"https:\/\/www.adobe.com\/products\/photoshop.html\">Adobe Photoshop<\/a>, <a href=\"https:\/\/www.adobe.com\/products\/illustrator.html\">Adobe Illustrator<\/a>)<\/p>\n\n\n\n<p class=\"has-background has-luminous-vivid-amber-background-color\"><a href=\"https:\/\/www.gimp.org\/\">GIMP<\/a><\/p>\n\n\n\n<p class=\"has-background has-very-light-gray-background-color\"><a href=\"https:\/\/www.autodesk.com\/products\/fusion-360\/overview\">Fusion 360<\/a><\/p>\n","protected":false},"excerpt":{"rendered":"<p>Za komunikaciju sa u\u010denicima na\u0161a \u0161kola koristi platformu Office 365, ta\u010dnije Microsoft Teams aplikaciju koja&#8230;<\/p>\n","protected":false},"author":1,"featured_media":0,"parent":6458,"menu_order":0,"comment_status":"closed","ping_status":"closed","template":"","meta":{"ngg_post_thumbnail":0,"footnotes":""},"class_list":["post-4087","page","type-page","status-publish","hentry"],"_links":{"self":[{"href":"https:\/\/osmp.edu.ba\/index.php?rest_route=\/wp\/v2\/pages\/4087","targetHints":{"allow":["GET"]}}],"collection":[{"href":"https:\/\/osmp.edu.ba\/index.php?rest_route=\/wp\/v2\/pages"}],"about":[{"href":"https:\/\/osmp.edu.ba\/index.php?rest_route=\/wp\/v2\/types\/page"}],"author":[{"embeddable":true,"href":"https:\/\/osmp.edu.ba\/index.php?rest_route=\/wp\/v2\/users\/1"}],"replies":[{"embeddable":true,"href":"https:\/\/osmp.edu.ba\/index.php?rest_route=%2Fwp%2Fv2%2Fcomments&post=4087"}],"version-history":[{"count":41,"href":"https:\/\/osmp.edu.ba\/index.php?rest_route=\/wp\/v2\/pages\/4087\/revisions"}],"predecessor-version":[{"id":6506,"href":"https:\/\/osmp.edu.ba\/index.php?rest_route=\/wp\/v2\/pages\/4087\/revisions\/6506"}],"up":[{"embeddable":true,"href":"https:\/\/osmp.edu.ba\/index.php?rest_route=\/wp\/v2\/pages\/6458"}],"wp:attachment":[{"href":"https:\/\/osmp.edu.ba\/index.php?rest_route=%2Fwp%2Fv2%2Fmedia&parent=4087"}],"curies":[{"name":"wp","href":"https:\/\/api.w.org\/{rel}","templated":true}]}}