{"id":43,"date":"2017-05-11T09:28:15","date_gmt":"2017-05-11T09:28:15","guid":{"rendered":"http:\/\/osmp.edu.ba\/?page_id=43"},"modified":"2026-02-27T18:52:42","modified_gmt":"2026-02-27T18:52:42","slug":"nastavno-osoblje","status":"publish","type":"page","link":"https:\/\/osmp.edu.ba\/?page_id=43","title":{"rendered":"Nastavno osoblje"},"content":{"rendered":"\n<p class=\"has-background\" style=\"background-color:#b7d9ed;font-size:22px\"><strong>Nastavno osoblje u \u0161kolskoj 2025\/2026. godini:<\/strong><\/p>\n\n\n\n<p class=\"has-very-light-gray-color has-luminous-vivid-amber-background-color has-text-color has-background has-medium-font-size\"><strong>PREDMETNA NASTAVA<\/strong><\/p>\n\n\n\n<p class=\"has-very-light-gray-background-color has-background\"><strong>Dlouhi Admira<\/strong> \u2013 Nastavnica Bosanskog, hrvatskog, srpskog jezka i knji\u017eevnosti<\/p>\n\n\n\n<p class=\"has-very-light-gray-background-color has-background\"><strong>Dru\u0161ki\u0107 Amira<\/strong> &#8211; Nastavnica Bosanskog, hrvatskog, srpskog jezka i knji\u017eevnosti<\/p>\n\n\n\n<p class=\"has-very-light-gray-background-color has-background\"><strong>\u010cerkez &#8211; Biki\u0107 Lejla<\/strong>&nbsp;&#8211;&nbsp;Nastavnica Bosanskog, hrvatskog, srpskog jezka i knji\u017eevnosti<\/p>\n\n\n\n<p class=\"has-very-light-gray-background-color has-background\"><strong>Roka Elvira<\/strong> &#8211;&nbsp;Nastavnica Bosanskog, hrvatskog, srpskog jezka i knji\u017eevnosti<\/p>\n\n\n\n<p class=\"has-very-light-gray-background-color has-background\"><strong>Selimovi\u0107 Aida<\/strong> &#8211; Nastavnica Bosanskog, hrvatskog, srpskog jezka i knji\u017eevnosti<\/p>\n\n\n\n<p class=\"has-very-light-gray-background-color has-background\"><strong>Be\u0161lija Merima<\/strong> &#8211;&nbsp;Nastavnica Engleskog jezika<\/p>\n\n\n\n<p class=\"has-very-light-gray-background-color has-background\"><strong>Boti\u0107 Adisa<\/strong> &#8211;&nbsp;Nastavnica Engleskog jezika<\/p>\n\n\n\n<p class=\"has-very-light-gray-background-color has-background\"><strong>Nurki\u0107 Sanela<\/strong> &#8211;&nbsp;Nastavnica Engleskog jezika<\/p>\n\n\n\n<p class=\"has-very-light-gray-background-color has-background\"><strong>Nuriki\u0107 Elvedina<\/strong> &#8211;&nbsp;Nastavnica Engleskog jezika<\/p>\n\n\n\n<p class=\"has-very-light-gray-background-color has-background\"><strong>Mulaomerovi\u0107 Zakira<\/strong> &#8211;&nbsp;Nastavnica Engleskog jezika<\/p>\n\n\n\n<p class=\"has-very-light-gray-background-color has-background\"><strong>Biber Sanela<\/strong> &#8211;&nbsp;Nastavnica Engleskog jezika <\/p>\n\n\n\n<p class=\"has-very-light-gray-background-color has-background\"><strong>\u010cehi\u0107 Lejla<\/strong> \u2013 Nastavnica Njema\u010dkog jezika<\/p>\n\n\n\n<p class=\"has-very-light-gray-background-color has-background\"><strong>Herak Nevena<\/strong> &#8211; Nastavnica Njema\u010dkog jezika<\/p>\n\n\n\n<p class=\"has-very-light-gray-background-color has-background\"><strong>\u0160eta Amila<\/strong> &#8211; Nastavnica Njema\u010dkog jezika<\/p>\n\n\n\n<p class=\"has-very-light-gray-background-color has-background\"><strong>Alikadi\u0107 Edina<\/strong>&nbsp;&#8211; Nastavnica Turskog jezika<\/p>\n\n\n\n<p class=\"has-very-light-gray-background-color has-background\"><strong>Duranovi\u0107 Amina<\/strong>&nbsp;&#8211; Nastavnica Turskog jezika <\/p>\n\n\n\n<p class=\"has-very-light-gray-background-color has-background\"><strong>Red\u017eepagi\u0107 Nevzeta<\/strong> &#8211; Nastavnica Historije<\/p>\n\n\n\n<p class=\"has-very-light-gray-background-color has-background\"><strong>Ali\u010di\u0107 Lejla<\/strong> &#8211;&nbsp;Nastavnica Historije<\/p>\n\n\n\n<p class=\"has-very-light-gray-background-color has-background\"><strong>\u010cutura &#8211; Ko\u017eljak Adna<\/strong> &#8211;&nbsp;Nastavnica Historije <\/p>\n\n\n\n<p class=\"has-very-light-gray-background-color has-background\"><strong>Leko Alen<\/strong> &#8211;\u00a0Nastavnik Historije<\/p>\n\n\n\n<p class=\"has-very-light-gray-background-color has-background\"><strong>Kahved\u017ei\u0107 Edina<\/strong> &#8211; Nastavnica Geografije<\/p>\n\n\n\n<p class=\"has-very-light-gray-background-color has-background\"><strong>Buljuba\u0161i\u0107 Amela<\/strong>&nbsp;&#8211; Nastavnica Geografije<\/p>\n\n\n\n<p class=\"has-very-light-gray-background-color has-background\"><strong>Avdi\u0107 Salko<\/strong>&nbsp;&#8211; Nastavnik Matematike<\/p>\n\n\n\n<p class=\"has-very-light-gray-background-color has-background\"><strong>Maci\u0107 Aida<\/strong> &#8211; Nastavnica Matematike<\/p>\n\n\n\n<p class=\"has-very-light-gray-background-color has-background\">&nbsp;<strong>Halilovi\u0107 Ai\u0161a <\/strong>&#8211; Nastavnica Matematike<\/p>\n\n\n\n<p class=\"has-very-light-gray-background-color has-background\"><strong>Ak\u0161amovi\u0107 Armin<\/strong> &#8211; Nastavnik Fizike<\/p>\n\n\n\n<p class=\"has-very-light-gray-background-color has-background\"><strong>Hasi\u0107 Adelisa<\/strong> &#8211; Nastavnica Fizike<\/p>\n\n\n\n<p class=\"has-very-light-gray-background-color has-background\"><strong>Djedovi\u0107 Emina<\/strong> &#8211; Nastavnica Biologije<\/p>\n\n\n\n<p class=\"has-very-light-gray-background-color has-background\"><strong>Hamamd\u017ei\u0107 Adna<\/strong> &#8211; Nastavnica Biologije<\/p>\n\n\n\n<p class=\"has-very-light-gray-background-color has-background\"><strong>Kulovac Amira<\/strong>&nbsp;&#8211; Nastavnica Biologije<\/p>\n\n\n\n<p class=\"has-very-light-gray-background-color has-background\"><strong>Kulovac Amira<\/strong> \u2013 Nastavnica Hemije&nbsp;<\/p>\n\n\n\n<p class=\"has-very-light-gray-background-color has-background\"><strong>Halilovi\u0107 Ned\u017ead<\/strong>&nbsp;&#8211; Nastavnik Tehni\u010dke kulture<\/p>\n\n\n\n<p class=\"has-very-light-gray-background-color has-background\"><strong>Omerovi\u0107 Emir<\/strong> &#8211; Nastavnik Tehni\u010dke kulture<\/p>\n\n\n\n<p class=\"has-very-light-gray-background-color has-background\"><strong>Jahi\u0107 Alma<\/strong> &#8211; Nastavnica Osnova Tehnike<\/p>\n\n\n\n<p class=\"has-very-light-gray-background-color has-background\"><strong>Papi\u0107 Fatmir<\/strong> &#8211; Nastavnik Informatike<\/p>\n\n\n\n<p class=\"has-very-light-gray-background-color has-background\"><strong>Hod\u017ei\u0107 Amar<\/strong>&#8211; Nastavnik Informatike<\/p>\n\n\n\n<p class=\"has-very-light-gray-background-color has-background\"><strong>Peci Ismir<\/strong> &#8211; Nastavnik Likovne kulture<\/p>\n\n\n\n<p class=\"has-very-light-gray-background-color has-background\"><strong>Taind\u017ei\u0107 Midhat<\/strong> &#8211; Nastavnik muzi\u010dke kulture<\/p>\n\n\n\n<p class=\"has-very-light-gray-background-color has-background\"><strong>Had\u017ei\u0107 Emin<\/strong> &#8211; Nastavnik Tjelesnog i zdravstvenog odgoja<\/p>\n\n\n\n<p class=\"has-very-light-gray-background-color has-background\"><strong>Hajdarevi\u0107 Mirela<\/strong> &#8211; Nastavnik Tjelesnog i zdravstvenog odgoja<\/p>\n\n\n\n<p class=\"has-very-light-gray-background-color has-background\"><strong>Prnjavorac Amela<\/strong>&nbsp;&#8211;&nbsp;Nastavnica Tjelesnog i zdravstvenog odgoja<\/p>\n\n\n\n<p class=\"has-very-light-gray-background-color has-background\"><strong>Salihagi\u0107 D\u017eevad<\/strong> &#8211;&nbsp;Nastavnik Islamske Vjeronauke<\/p>\n\n\n\n<p class=\"has-very-light-gray-background-color has-background\"><strong>Hafizovi\u0107 D\u017eenita<\/strong> &#8211; Nastavnica Islamske Vjeronauke<\/p>\n\n\n\n<p class=\"has-very-light-gray-background-color has-background\"><strong>Kamenja\u0161evi\u0107 Ismeta<\/strong>&nbsp;&#8211; Nastavnica Islamske Vjeronauke<\/p>\n\n\n\n<p class=\"has-very-light-gray-background-color has-background\"><strong>Mujaba\u0161i\u0107 Sini\u0161a<\/strong> &#8211;&nbsp;Nastavnik Katoli\u010dkog Vjeronauka<\/p>\n\n\n\n<p class=\"has-very-light-gray-background-color has-background\"><strong>Nedi\u0107 Dejan<\/strong> &#8211;&nbsp;Nastavnik Pravoslavnog Vjeronauka<\/p>\n\n\n\n<p class=\"has-very-light-gray-background-color has-background\"><strong>Ku\u0107anovi\u0107 \u0110ulka<\/strong> &#8211; Nastavnica Gra\u0111anskog obrazovanja<\/p>\n\n\n\n<p class=\"has-very-light-gray-background-color has-background\"><strong>Butmir Nihada<\/strong>&nbsp;&#8211; Nastavnica Kulture \u017eivljenja<\/p>\n\n\n\n<p class=\"has-very-light-gray-color has-luminous-vivid-amber-background-color has-text-color has-background has-medium-font-size\"><strong>RAZREDNA NASTAVA<\/strong><\/p>\n\n\n\n<p class=\"has-very-light-gray-background-color has-background\"><strong>Bjelica Zlata<\/strong> \u2013 Razredna nastava&nbsp; II-1<\/p>\n\n\n\n<p class=\"has-very-light-gray-background-color has-background\"><strong>Sir\u010di\u0107 Vildana<\/strong> \u2013 Razredna nastava&nbsp; II-2<\/p>\n\n\n\n<p class=\"has-very-light-gray-background-color has-background\"><strong>Kadija \u0110enana<\/strong> \u2013 Razredna nastava&nbsp; II-3<\/p>\n\n\n\n<p class=\"has-very-light-gray-background-color has-background\"><strong>Planja Belma<\/strong> &nbsp;\u2013 Razredna nastava&nbsp;II-4<\/p>\n\n\n\n<p class=\"has-very-light-gray-background-color has-background\"><strong>\u0160ahmanija Enisa<\/strong> \u2013 Razredna nastava&nbsp; III-1<\/p>\n\n\n\n<p class=\"has-very-light-gray-background-color has-background\"><strong>Omerovi\u0107 Fahira<\/strong> \u2013 Razredna nastava &nbsp;III-2<\/p>\n\n\n\n<p class=\"has-very-light-gray-background-color has-background\"><strong>Mehmedoski Samira<\/strong> \u2013 Razredna nastava&nbsp; III-3<\/p>\n\n\n\n<p class=\"has-very-light-gray-background-color has-background\"><strong>Zekovi\u0107 Umihana<\/strong> \u2013 Razredna nastava&nbsp; III-4<\/p>\n\n\n\n<p class=\"has-very-light-gray-background-color has-background\"><strong>Sir\u010di\u0107 D\u017eana<\/strong> &#8211; Razredna nastava IV-1<\/p>\n\n\n\n<p class=\"has-very-light-gray-background-color has-background\"><strong>Hod\u017ei\u0107 Aida &#8211; <\/strong>Razredna nastava IV-2<\/p>\n\n\n\n<p class=\"has-very-light-gray-background-color has-background\"><strong>Malki\u0107 Aida &#8211;<\/strong> Razredna nastava IV-3<\/p>\n\n\n\n<p class=\"has-very-light-gray-background-color has-background\"><strong>Begi\u0107 Ilma &#8211; <\/strong>Razredna nastava IV-4<\/p>\n\n\n\n<p class=\"has-very-light-gray-background-color has-background\"><strong>Durak Emina<\/strong> &#8211; Razredna nastava V-1<\/p>\n\n\n\n<p class=\"has-very-light-gray-background-color has-background\"><strong>D\u017eakmi\u0107 Jasmina<\/strong> &#8211; Razredna nastava V-2<\/p>\n\n\n\n<p class=\"has-very-light-gray-background-color has-background\"><strong>D\u017eaka Okanovi\u0107 Samija<\/strong> &#8211; Razredna nastava V-3<\/p>\n\n\n\n<p class=\"has-very-light-gray-background-color has-background\"><strong>Smajlovi\u0107 Fatima<\/strong> &#8211; Razredna nastava V-4<\/p>\n\n\n\n<p class=\"has-very-light-gray-background-color has-background\"><strong>Osmanovi\u0107 Enisa<\/strong> \u2013 Razredna nastava&nbsp; <\/p>\n\n\n\n<p class=\"has-very-light-gray-background-color has-background\"><strong>Dokara Adna<\/strong> \u2013 Razredna nastava&nbsp; <\/p>\n\n\n\n<p class=\"has-very-light-gray-background-color has-background\"><strong>Karda\u0161 Azra<\/strong> \u2013 Razredna nastava <\/p>\n\n\n\n<p class=\"has-very-light-gray-background-color has-background\"><strong>Nazifovi\u0107 Fikreta<\/strong> &#8211; Razredna nastava &nbsp;<\/p>\n\n\n\n<p class=\"has-very-light-gray-background-color has-background\"><strong>Sarajli\u0107 Nezira<\/strong> &#8211; Razredna nastava <\/p>\n\n\n\n<p class=\"has-very-light-gray-color has-luminous-vivid-amber-background-color has-text-color has-background has-medium-font-size\"><strong>ASISTENTI U NASTAVI<\/strong><\/p>\n\n\n\n<p class=\"has-very-light-gray-background-color has-background\"><strong>Bakovi\u0107 Mustafi\u0107 Nafa<\/strong> &#8211; asistent u odjeljenju<\/p>\n\n\n\n<p class=\"has-very-light-gray-background-color has-background\"><strong>Kamenja\u0161evi\u0107 Ismeta<\/strong> &#8211; asistent u odjeljenju <\/p>\n\n\n\n<p class=\"has-very-light-gray-background-color has-background\"><strong>Muji\u0107 Emina<\/strong> &#8211; asistent u odjeljenju<\/p>\n\n\n\n<p class=\"has-very-light-gray-background-color has-background\"><strong>Ceri\u0107 Emina<\/strong> &#8211; asistent u odjeljenju<\/p>\n\n\n\n<p class=\"has-very-light-gray-background-color has-background\"><strong>Mali\u0161evi\u0107 Amela<\/strong> &#8211; asistent u odjeljenju<\/p>\n\n\n\n<p><\/p>\n","protected":false},"excerpt":{"rendered":"<p>Nastavno osoblje u \u0161kolskoj 2025\/2026. godini: PREDMETNA NASTAVA Dlouhi Admira \u2013 Nastavnica Bosanskog, hrvatskog, srpskog&#8230;<\/p>\n","protected":false},"author":1,"featured_media":0,"parent":77,"menu_order":1,"comment_status":"closed","ping_status":"closed","template":"","meta":{"ngg_post_thumbnail":0,"footnotes":""},"class_list":["post-43","page","type-page","status-publish","hentry"],"_links":{"self":[{"href":"https:\/\/osmp.edu.ba\/index.php?rest_route=\/wp\/v2\/pages\/43","targetHints":{"allow":["GET"]}}],"collection":[{"href":"https:\/\/osmp.edu.ba\/index.php?rest_route=\/wp\/v2\/pages"}],"about":[{"href":"https:\/\/osmp.edu.ba\/index.php?rest_route=\/wp\/v2\/types\/page"}],"author":[{"embeddable":true,"href":"https:\/\/osmp.edu.ba\/index.php?rest_route=\/wp\/v2\/users\/1"}],"replies":[{"embeddable":true,"href":"https:\/\/osmp.edu.ba\/index.php?rest_route=%2Fwp%2Fv2%2Fcomments&post=43"}],"version-history":[{"count":51,"href":"https:\/\/osmp.edu.ba\/index.php?rest_route=\/wp\/v2\/pages\/43\/revisions"}],"predecessor-version":[{"id":14217,"href":"https:\/\/osmp.edu.ba\/index.php?rest_route=\/wp\/v2\/pages\/43\/revisions\/14217"}],"up":[{"embeddable":true,"href":"https:\/\/osmp.edu.ba\/index.php?rest_route=\/wp\/v2\/pages\/77"}],"wp:attachment":[{"href":"https:\/\/osmp.edu.ba\/index.php?rest_route=%2Fwp%2Fv2%2Fmedia&parent=43"}],"curies":[{"name":"wp","href":"https:\/\/api.w.org\/{rel}","templated":true}]}}