{"id":45,"date":"2017-05-11T09:28:47","date_gmt":"2017-05-11T09:28:47","guid":{"rendered":"http:\/\/osmp.edu.ba\/?page_id=45"},"modified":"2026-02-27T18:43:01","modified_gmt":"2026-02-27T18:43:01","slug":"tehnicko-osoblje","status":"publish","type":"page","link":"https:\/\/osmp.edu.ba\/?page_id=45","title":{"rendered":"Tehni\u010dko osoblje"},"content":{"rendered":"\n<p class=\"has-luminous-vivid-amber-background-color has-background\"><strong>Vatre\u0161 Jasmina<\/strong> &#8211;  Sprema\u010dica\/Radnik na odr\u017eavanju \u010disto\u0107e    <\/p>\n\n\n\n<p class=\"has-luminous-vivid-amber-background-color has-background\"><strong>Osmanovi\u0107 Mensada<\/strong> &#8211;  Sprema\u010dica\/Radnik na odr\u017eavanju \u010disto\u0107e    <\/p>\n\n\n\n<p class=\"has-luminous-vivid-amber-background-color has-background\"> <strong>Arnaut   Nasiha<\/strong> &#8211;  Sprema\u010dica\/Radnik na odr\u017eavanju \u010disto\u0107e  <\/p>\n\n\n\n<p class=\"has-luminous-vivid-amber-background-color has-background\"><strong>Avdi\u0107   Mirsada<\/strong> &#8211;  Sprema\u010dica\/Radnik na odr\u017eavanju \u010disto\u0107e  <\/p>\n\n\n\n<p class=\"has-luminous-vivid-amber-background-color has-background\"><strong> D\u017eakmi\u0107   Muamera<\/strong> &#8211;  Sprema\u010dica\/Radnik na odr\u017eavanju \u010disto\u0107e  <\/p>\n\n\n\n<p class=\"has-luminous-vivid-amber-background-color has-background\"> <strong>Hod\u017ei\u0107   Adisa<\/strong> &#8211;  Sprema\u010dica\/Radnik na odr\u017eavanju \u010disto\u0107e   <\/p>\n\n\n\n<p class=\"has-luminous-vivid-amber-background-color has-background\"> <strong>Mehi\u0107&nbsp; Isnama<\/strong> &#8211;  Sprema\u010dica\/Radnik na odr\u017eavanju \u010disto\u0107e<\/p>\n\n\n\n<p class=\"has-luminous-vivid-amber-background-color has-background\"><strong>Ja\u017ei\u0107 Jasmina<\/strong> &#8211;  Sprema\u010dica\/Radnik na odr\u017eavanju \u010disto\u0107e   <\/p>\n\n\n\n<p class=\"has-background\" style=\"background-color:#c2e4fa\"> <strong>Mehmedovi\u0107  Adil<\/strong> &#8211;  Domar\/lo\u017ea\u010d        <\/p>\n\n\n\n<p class=\"has-background\" style=\"background-color:#c2e4fa\"> <strong>Muminovi\u0107  Abid<\/strong> &#8211;  Domar\/lo\u017ea\u010d   <\/p>\n\n\n\n<p class=\"has-very-light-gray-background-color has-background\"><strong>Nihada Rami\u0107 \u0106ati\u0107 <\/strong>&#8211; Dnevni \u010duvar<\/p>\n\n\n\n<p class=\"has-very-light-gray-background-color has-background\"><strong>Mustafa D\u017eanko<\/strong> &#8211;  Dnevni \u010duvar  <\/p>\n\n\n\n<p class=\"has-background\" style=\"background-color:#fce5fe\"> <strong>Hala\u010d Senada<\/strong> &#8211;  Servirka\/Kuhar <\/p>\n","protected":false},"excerpt":{"rendered":"<p>Vatre\u0161 Jasmina &#8211; Sprema\u010dica\/Radnik na odr\u017eavanju \u010disto\u0107e Osmanovi\u0107 Mensada &#8211; Sprema\u010dica\/Radnik na odr\u017eavanju \u010disto\u0107e Arnaut&#8230;<\/p>\n","protected":false},"author":1,"featured_media":0,"parent":77,"menu_order":2,"comment_status":"closed","ping_status":"closed","template":"","meta":{"ngg_post_thumbnail":0,"footnotes":""},"class_list":["post-45","page","type-page","status-publish","hentry"],"_links":{"self":[{"href":"https:\/\/osmp.edu.ba\/index.php?rest_route=\/wp\/v2\/pages\/45","targetHints":{"allow":["GET"]}}],"collection":[{"href":"https:\/\/osmp.edu.ba\/index.php?rest_route=\/wp\/v2\/pages"}],"about":[{"href":"https:\/\/osmp.edu.ba\/index.php?rest_route=\/wp\/v2\/types\/page"}],"author":[{"embeddable":true,"href":"https:\/\/osmp.edu.ba\/index.php?rest_route=\/wp\/v2\/users\/1"}],"replies":[{"embeddable":true,"href":"https:\/\/osmp.edu.ba\/index.php?rest_route=%2Fwp%2Fv2%2Fcomments&post=45"}],"version-history":[{"count":16,"href":"https:\/\/osmp.edu.ba\/index.php?rest_route=\/wp\/v2\/pages\/45\/revisions"}],"predecessor-version":[{"id":14214,"href":"https:\/\/osmp.edu.ba\/index.php?rest_route=\/wp\/v2\/pages\/45\/revisions\/14214"}],"up":[{"embeddable":true,"href":"https:\/\/osmp.edu.ba\/index.php?rest_route=\/wp\/v2\/pages\/77"}],"wp:attachment":[{"href":"https:\/\/osmp.edu.ba\/index.php?rest_route=%2Fwp%2Fv2%2Fmedia&parent=45"}],"curies":[{"name":"wp","href":"https:\/\/api.w.org\/{rel}","templated":true}]}}