{"id":47,"date":"2017-05-11T09:30:11","date_gmt":"2017-05-11T09:30:11","guid":{"rendered":"http:\/\/osmp.edu.ba\/?page_id=47"},"modified":"2026-03-05T19:48:09","modified_gmt":"2026-03-05T19:48:09","slug":"kucni-red","status":"publish","type":"page","link":"https:\/\/osmp.edu.ba\/?page_id=47","title":{"rendered":"3. PROPISI \u0160KOLE"},"content":{"rendered":"\n<p class=\"has-luminous-vivid-amber-background-color has-background\"><a href=\"https:\/\/osmp.edu.ba\/wp-content\/uploads\/2025\/04\/Pravila-JU-OS-Mirsad-Prnjavorac-Vogosca.pdf\">Pravila JU O\u0160 &#8220;Mirsad Prnjavorac&#8221;<\/a><\/p>\n\n\n\n<p class=\"has-luminous-vivid-amber-background-color has-background\"> <a href=\"http:\/\/osmp.edu.ba\/wp-content\/uploads\/2022\/05\/Pravilnik-o-sukobu-interesa-O\u0160-Mirsad-Prnjavorac.pdf\">Pravilnik o sukobu interesa O\u0160 Mirsad Prnjavorac<\/a> <\/p>\n\n\n\n<p class=\"has-luminous-vivid-amber-background-color has-background\"><a href=\"http:\/\/osmp.edu.ba\/wp-content\/uploads\/2024\/02\/SMJERNICE-ZA-POSTUPANJE-U-SLU\u010cAJEVIMA-NASILJA-NAD-DJECOM-U-BIH.pdf\">Smjernice za postupanje u slu\u010dajevima nasilja na djecom u Bosni i Hercegovini<\/a><\/p>\n\n\n\n<p class=\"has-luminous-vivid-amber-background-color has-background\"><a href=\"http:\/\/osmp.edu.ba\/wp-content\/uploads\/2024\/06\/Protokol-o-saradnji-i-komunikaciji-izme\u0111u-roditelja-i-\u0161kole.pdf\">Protokol o saradnji i komunikaciji izme\u0111u roditelja i \u0161kole<\/a><\/p>\n\n\n\n<p class=\"has-luminous-vivid-amber-background-color has-background\"> <a href=\"http:\/\/osmp.edu.ba\/wp-content\/uploads\/2022\/05\/Pravilnik-o-davanju-na-kori\u0161tenej-\u0161kolskog-prostora.pdf\">Pravilnik o davanju na kori\u0161tenje \u0161kolskog prostora<\/a> <\/p>\n\n\n\n<p class=\"has-luminous-vivid-amber-background-color has-background\"><a href=\"http:\/\/osmp.edu.ba\/wp-content\/uploads\/2021\/09\/Ku\u0107ni-red-\u0161kole-1.doc\"> Ku\u0107ni red \u0161kole<\/a> <\/p>\n\n\n\n<p class=\"has-luminous-vivid-amber-background-color has-background\"><a href=\"http:\/\/osmp.edu.ba\/wp-content\/uploads\/2023\/03\/PRAVILNIK-O-JAVNIM-NABAVKAMA-ROBA-USLUGA-I-RADOVA-OS-MIRSAD-PRNJAVORAC.pdf\"> PRAVILNIK O JAVNIM NABAVKAMA ROBA, USLUGA I RADOVA &#8211; OS MIRSAD PRNJAVORAC <\/a><\/p>\n\n\n\n<p class=\"has-luminous-vivid-amber-background-color has-background\"><a href=\"http:\/\/osmp.edu.ba\/wp-content\/uploads\/2023\/10\/Plan-za\u0161tite-u-slu\u010daju-nepogoda-O\u0160-Mirsad-Prnjavorac.pdf\"> Plan za\u0161tite u slu\u010daju nepogoda O\u0160 Mirsad Prnjavorac<\/a> <\/p>\n\n\n\n<p class=\"has-luminous-vivid-amber-background-color has-background\"> <a href=\"http:\/\/osmp.edu.ba\/wp-content\/uploads\/2023\/12\/Interni-akt-o-za\u0161titi-na-radu-JU-O\u0160-Mirsad-Prnjavorac.pdf\">Interni akt o za\u0161titi na radu JU O\u0160 Mirsad Prnjavorac<\/a> <\/p>\n\n\n\n<p class=\"has-luminous-vivid-amber-background-color has-background\"><a href=\"http:\/\/osmp.edu.ba\/wp-content\/uploads\/2024\/02\/Pravilnik-o-vlastitim-javnim-prihodima.pdf\">Pravilnik o vlastitim javnim prihodima<\/a><\/p>\n\n\n\n<p class=\"has-luminous-vivid-amber-background-color has-background\"><a href=\"http:\/\/osmp.edu.ba\/wp-content\/uploads\/2024\/02\/PRAVILNIK-O-RADU.pdf\">Pravilnik o radu<\/a><\/p>\n\n\n\n<p class=\"has-luminous-vivid-amber-background-color has-background\"><a href=\"http:\/\/osmp.edu.ba\/wp-content\/uploads\/2024\/09\/PRAVILA-\u0160KOLSKE-ISHRANE-2024.pdf\"> PRAVILA \u0160KOLSKE ISHRANE <\/a><\/p>\n\n\n\n<p class=\"has-luminous-vivid-amber-background-color has-background\"><a href=\"http:\/\/osmp.edu.ba\/wp-content\/uploads\/2025\/01\/Poslovnik-o-radu-stru\u010dnih-organa-2025.pdf\">Poslovnik o radu stru\u010dnih organa 2025<\/a><\/p>\n\n\n\n<p class=\"has-luminous-vivid-amber-background-color has-background\"><a href=\"https:\/\/osmp.edu.ba\/wp-content\/uploads\/2026\/03\/Pravilnik-o-unutrasnjoj-organizaciji-i-sistematizaciji-radnih-mjesta.pdf\">Pravilnik o unutra\u0161njoj organizaciji i sistematizaciji radnih mjesta<\/a><\/p>\n\n\n\n<p class=\"has-luminous-vivid-amber-background-color has-background\"><a href=\"https:\/\/osmp.edu.ba\/wp-content\/uploads\/2026\/03\/Pravilnik-o-ostalim-poslovima-po-nalogu-direktora.pdf\">Pravilnik o ostalim poslovima po nalogu direktora<\/a><\/p>\n","protected":false},"excerpt":{"rendered":"<p>Pravila JU O\u0160 &#8220;Mirsad Prnjavorac&#8221; Pravilnik o sukobu interesa O\u0160 Mirsad Prnjavorac Smjernice za postupanje&#8230;<\/p>\n","protected":false},"author":1,"featured_media":0,"parent":15,"menu_order":0,"comment_status":"closed","ping_status":"closed","template":"","meta":{"ngg_post_thumbnail":0,"footnotes":""},"class_list":["post-47","page","type-page","status-publish","hentry"],"_links":{"self":[{"href":"https:\/\/osmp.edu.ba\/index.php?rest_route=\/wp\/v2\/pages\/47","targetHints":{"allow":["GET"]}}],"collection":[{"href":"https:\/\/osmp.edu.ba\/index.php?rest_route=\/wp\/v2\/pages"}],"about":[{"href":"https:\/\/osmp.edu.ba\/index.php?rest_route=\/wp\/v2\/types\/page"}],"author":[{"embeddable":true,"href":"https:\/\/osmp.edu.ba\/index.php?rest_route=\/wp\/v2\/users\/1"}],"replies":[{"embeddable":true,"href":"https:\/\/osmp.edu.ba\/index.php?rest_route=%2Fwp%2Fv2%2Fcomments&post=47"}],"version-history":[{"count":48,"href":"https:\/\/osmp.edu.ba\/index.php?rest_route=\/wp\/v2\/pages\/47\/revisions"}],"predecessor-version":[{"id":14228,"href":"https:\/\/osmp.edu.ba\/index.php?rest_route=\/wp\/v2\/pages\/47\/revisions\/14228"}],"up":[{"embeddable":true,"href":"https:\/\/osmp.edu.ba\/index.php?rest_route=\/wp\/v2\/pages\/15"}],"wp:attachment":[{"href":"https:\/\/osmp.edu.ba\/index.php?rest_route=%2Fwp%2Fv2%2Fmedia&parent=47"}],"curies":[{"name":"wp","href":"https:\/\/api.w.org\/{rel}","templated":true}]}}