{"id":4888,"date":"2022-10-26T19:12:03","date_gmt":"2022-10-26T19:12:03","guid":{"rendered":"http:\/\/osmp.edu.ba\/?page_id=4888"},"modified":"2023-11-30T16:37:45","modified_gmt":"2023-11-30T16:37:45","slug":"korupcija","status":"publish","type":"page","link":"https:\/\/osmp.edu.ba\/?page_id=4888","title":{"rendered":"KORUPCIJA"},"content":{"rendered":"\n<p style=\"background-color:#deeaf0;font-size:18px\" class=\"has-background\"><strong>Korupcija<\/strong> (lat. corruptus \u2013 potpla\u0107en) ili podmitljivost u pravnom smislu kazneno djelo zlouporabe povjerenja ili du\u017enosti koju se obna\u0161a u upravi, sudskoj vlasti, gospodarstvu, politici, \u0161kolstvu, kulturi i umjetnosti te u negospodarskim subjektima ili organizacijama, radi stjecanja materijalne ili nematerijalne koristi na koju nema pravnu osnovu. Korupcija ozna\u010dava potpla\u0107ivanje. U politi\u010dkim pogledu je po definiciji politologa Harolda Dwighta Lasswella povrjeda op\u0107eg interesa zbog osobnoga koristoljublja.  <br>Po drugim definicijama se korupcija definira i kao \u201emoralna pokvarenost\u201c. (izvor: <a href=\"https:\/\/hr.wikipedia.org\/wiki\/Korupcija\">Wikipedia<\/a>)<\/p>\n\n\n\n<figure class=\"wp-block-image\"><img fetchpriority=\"high\" decoding=\"async\" width=\"996\" height=\"562\" src=\"http:\/\/osmp.edu.ba\/wp-content\/uploads\/2023\/10\/61615661-mito-i-korupcija-ilustracija.jpg\" alt=\"\" class=\"wp-image-8305\" srcset=\"https:\/\/osmp.edu.ba\/wp-content\/uploads\/2023\/10\/61615661-mito-i-korupcija-ilustracija.jpg 996w, https:\/\/osmp.edu.ba\/wp-content\/uploads\/2023\/10\/61615661-mito-i-korupcija-ilustracija-300x169.jpg 300w, https:\/\/osmp.edu.ba\/wp-content\/uploads\/2023\/10\/61615661-mito-i-korupcija-ilustracija-768x433.jpg 768w\" sizes=\"(max-width: 996px) 100vw, 996px\" \/><figcaption> <br><strong>FOTO: iStock \/ Getty Images Plus <\/strong><\/figcaption><\/figure>\n\n\n\n<p style=\"background-color:#fef4da;font-size:18px\" class=\"has-background\"><strong> Plan integriteta<\/strong> je dokument koji predstavlja skup mehanizama kojim se identificiraju aktivnosti i rad podlo\u017eni nepravilnostima, korupciji i kriminalu. Plan integriteta rezultira indentifikaciji slabih segmenata u radu institucije i ranjivosti na razli\u010dite oblike korupcije te iznala\u017eenjenju metoda koje \u0107e preduprijediti takve radnje. Na linku ispod mo\u017eete pogledati i preuzeti Plan integriteta O\u0160 &#8220;Mirsad Prnjavorac&#8221;.<\/p>\n\n\n\n<p style=\"font-size:18px\" class=\"has-background has-luminous-vivid-amber-background-color\"><a href=\"https:\/\/www.mediafire.com\/file\/mwaealrp9czbxbo\/Plan+integriteta+OS+Mirsad+Prnjavorac+korekcije+12.09.2023..pdf\/file\"> Plan integriteta JU O\u0160 Mirsad Prnjavorac Vogo\u0161\u0107a<\/a><a href=\"http:\/\/Plan integriteta JU O\u0160 Mirsad Prnjavorac Vogo\u0161\u0107a\"> <\/a><\/p>\n\n\n\n<p style=\"background-color:#fef4da;font-size:18px\" class=\"has-background\"> <strong>Pravilnikom o internom prijavljivanju korupcije<\/strong> ure\u0111uje se na\u010din internog prijavljivanja korupcije po zaprimljenim prijavama i drugih oblika nepravilnosti &nbsp;u Javnoj ustanovi Osnovnoj \u0161koli \u201eMirsad Prnjavorac\u201c u Vogo\u0161\u0107i. Pravilnik mo\u017eete pogledati i preuzeti na linku ispod.<\/p>\n\n\n\n<p style=\"font-size:18px\" class=\"has-background has-luminous-vivid-amber-background-color\"><a href=\"https:\/\/www.mediafire.com\/file\/94mw2vo55s1w9yr\/Pravilnik-o-internom-prijavljivanju-korupcije-JU-O\u0160-MP.docx\/file\"> Pravilnik o internom prijavljivanju korupcije JU O\u0160 MP <\/a><\/p>\n\n\n\n<p style=\"font-size:18px\" class=\"has-background has-luminous-vivid-amber-background-color\"><a href=\"http:\/\/osmp.edu.ba\/wp-content\/uploads\/2023\/11\/Izmjene-i-dopune-Pravilnika-o-internom-prijavljivanju-korupcije_30.11.2023..pdf\">Izmjene i dopune Pravilnika o internom prijavljivanju korupcije_30.11.2023.<\/a><\/p>\n\n\n\n<p><\/p>\n","protected":false},"excerpt":{"rendered":"<p>Korupcija (lat. corruptus \u2013 potpla\u0107en) ili podmitljivost u pravnom smislu kazneno djelo zlouporabe povjerenja ili&#8230;<\/p>\n","protected":false},"author":1,"featured_media":0,"parent":0,"menu_order":11,"comment_status":"closed","ping_status":"closed","template":"","meta":{"ngg_post_thumbnail":0,"footnotes":""},"class_list":["post-4888","page","type-page","status-publish","hentry"],"_links":{"self":[{"href":"https:\/\/osmp.edu.ba\/index.php?rest_route=\/wp\/v2\/pages\/4888","targetHints":{"allow":["GET"]}}],"collection":[{"href":"https:\/\/osmp.edu.ba\/index.php?rest_route=\/wp\/v2\/pages"}],"about":[{"href":"https:\/\/osmp.edu.ba\/index.php?rest_route=\/wp\/v2\/types\/page"}],"author":[{"embeddable":true,"href":"https:\/\/osmp.edu.ba\/index.php?rest_route=\/wp\/v2\/users\/1"}],"replies":[{"embeddable":true,"href":"https:\/\/osmp.edu.ba\/index.php?rest_route=%2Fwp%2Fv2%2Fcomments&post=4888"}],"version-history":[{"count":16,"href":"https:\/\/osmp.edu.ba\/index.php?rest_route=\/wp\/v2\/pages\/4888\/revisions"}],"predecessor-version":[{"id":9176,"href":"https:\/\/osmp.edu.ba\/index.php?rest_route=\/wp\/v2\/pages\/4888\/revisions\/9176"}],"wp:attachment":[{"href":"https:\/\/osmp.edu.ba\/index.php?rest_route=%2Fwp%2Fv2%2Fmedia&parent=4888"}],"curies":[{"name":"wp","href":"https:\/\/api.w.org\/{rel}","templated":true}]}}