{"id":5253,"date":"2023-09-26T20:01:42","date_gmt":"2023-09-26T20:01:42","guid":{"rendered":"http:\/\/osmp.edu.ba\/?page_id=5253"},"modified":"2023-12-20T21:17:05","modified_gmt":"2023-12-20T21:17:05","slug":"biblioteka","status":"publish","type":"page","link":"https:\/\/osmp.edu.ba\/?page_id=5253","title":{"rendered":"Biblioteka"},"content":{"rendered":"\n<div class=\"wp-block-image\"><figure class=\"alignleft is-resized\"><img fetchpriority=\"high\" decoding=\"async\" src=\"http:\/\/osmp.edu.ba\/wp-content\/uploads\/2023\/10\/l1-1024x768.jpg\" alt=\"\" class=\"wp-image-8477\" width=\"332\" height=\"249\" srcset=\"https:\/\/osmp.edu.ba\/wp-content\/uploads\/2023\/10\/l1-1024x768.jpg 1024w, https:\/\/osmp.edu.ba\/wp-content\/uploads\/2023\/10\/l1-300x225.jpg 300w, https:\/\/osmp.edu.ba\/wp-content\/uploads\/2023\/10\/l1-768x576.jpg 768w\" sizes=\"(max-width: 332px) 100vw, 332px\" \/><\/figure><\/div>\n\n\n\n<p style=\"background-color:#f0efd9;font-size:19px\" class=\"has-background\"> <strong>Na\u0161a \u0161kolska biblioteka<\/strong> je zasigurno jedno od najposje\u0107enijih mjesta u \u0161koli i uvijek je tako prometno. Prema rije\u010dima na\u0161e bibliotekarke, Vesne Omeragi\u0107, biblioteku posje\u0107uju u\u010denici svih razreda kako zbog obaveznih lektira, tako i zbog dodatne literature. Biblioteka je opremljena svim potrebnim \u0161kolskim lektirama, ali i velikim brojem drugih knjiga koje uvijek preporu\u010duje na\u0161a bibliotekarka.<\/p>\n\n\n\n<p style=\"background-color:#e3ecc3;text-align:center\" class=\"has-background has-medium-font-size\"><strong style=\"color:white;font-size:25px;text-shadow: -1px 1px 0 #000, \n                          1px 1px 0 #000, \n                         1px -1px 0 #000, \n                        -1px -1px 0 #000;\">RADNO VRIJEME BIBLIOTEKE <\/strong>  \n<br>                                                                 <b>Ponedjeljak &#8211; <\/b>    07:30 &#8211; 15:30,  <br>                                                                               <b>Utorak &#8211;    <\/b>         07:30 &#8211; 15:30,     <br>                                                                                    <b>Srijeda &#8211;     <\/b>       07:30 &#8211; 15:30,    <br>                                                                                              <b>\u010cetvrtak &#8211;    <\/b>       07:30 &#8211; 15:30,   <br>                                                                                      <b>Petak &#8211;    <\/b>          07:30 &#8211; 15:30  <\/p>\n\n\n\n<p> <\/p>\n\n\n\n<p style=\"background-color:#b5e3f7;text-align:center\" class=\"has-text-color has-background has-medium-font-size has-very-light-gray-color\"><strong style=\"color:white;font-size:25px;text-shadow: -1px 1px 0 #000, \n                          1px 1px 0 #000, \n                         1px -1px 0 #000, \n                        -1px -1px 0 #000;\">PRAVILA PONA\u0160ANJA  U BIBLIOTECI<\/strong><\/p>\n\n\n\n<h4 class=\"wp-block-heading\"><\/h4>\n\n\n\n<div class=\"wp-block-image\"><figure class=\"alignleft is-resized\"><img decoding=\"async\" src=\"http:\/\/osmp.edu.ba\/wp-content\/uploads\/2023\/10\/Untitled-2-219x1024.png\" alt=\"\" class=\"wp-image-8516\" width=\"220\" height=\"1029\" srcset=\"https:\/\/osmp.edu.ba\/wp-content\/uploads\/2023\/10\/Untitled-2-219x1024.png 219w, https:\/\/osmp.edu.ba\/wp-content\/uploads\/2023\/10\/Untitled-2-64x300.png 64w\" sizes=\"(max-width: 220px) 100vw, 220px\" \/><\/figure><\/div>\n\n\n\n<p style=\"background-color:#e3f9da;\" class=\"has-background has-medium-font-size\"><strong style=\"color:white;font-size:25px;text-shadow: -1px 1px 0 #000, \n                          1px 1px 0 #000, \n                         1px -1px 0 #000, \n                        -1px -1px 0 #000;\">Po\u0161tujte radno vrijeme biblioteke<\/strong>\ufeff<br> Kao i svaka ustanova, biblioteka ima svoje radno vrijeme kao i radnike koji u njoj rade. Bonton pona\u0161anje ka\u017ee da svako treba po\u0161tovati rado vrijeme doti\u010dnog objekta koji je uredno naveden na glavnim vratima biblioteke.  <br><strong style=\"color:white;font-size:25px;text-shadow: -1px 1px 0 #000, \n                          1px 1px 0 #000, \n                         1px -1px 0 #000, \n                        -1px -1px 0 #000;\"> Pravila o knjigama<br><\/strong> Knjige se posu\u0111uju, \u010duvaju i vra\u0107aju<strong>.<\/strong> Kada posudite \u017eeljenu literaturu vodite brigu da je vratite onakvu kakvu ste ju i uzeli jer mislite na to da \u0107e te knjige kasnije posu\u0111ivati i drugi ljudi. Nad knjigama se ne pije, ne jede, ne izrezuje i ne trga. Tako\u0111e je va\u017eno napomenuti da svi trebaju po\u0161tovati datume vra\u0107anja knjiga. Imajte na umu da pojedine knjige postoje u samo nekoliko primjeraka. <br><strong style=\"color:white;font-size:25px;text-shadow: -1px 1px 0 #000, \n                          1px 1px 0 #000, \n                         1px -1px 0 #000, \n                        -1px -1px 0 #000;\"> \ufeffPona\u0161anje u biblioteci<\/strong><br>  U biblioteci vlada mir i ti\u0161ina. Po\u0161tujte pravila ku\u0107e. Mnogo ljudi dolazi u biblioteku kako bi u miru pro\u010ditali novine ili knjigu. Nemojte im naru\u0161avati mir dernjavom, glasnim razgovorima ili pri\u010danjem na mobilni telefon. <strong style=\"color:white;font-size:25px;text-shadow: -1px 1px 0 #000, \n                          1px 1px 0 #000, \n                         1px -1px 0 #000, \n                        -1px -1px 0 #000;\"><br> Zabranjeno je jesti u bibliotekama<\/strong><br> Konzumiranje hrane kao i ispijanje napitaka u bibliotekama je strogo zabranjeno. <strong style=\"color:white;font-size:25px;text-shadow: -1px 1px 0 #000, \n                          1px 1px 0 #000, \n                         1px -1px 0 #000, \n                        -1px -1px 0 #000;\"><br> Isklju\u010dite mobilni telefon<\/strong><br> Budu\u0107i da u bibliotekama vladaju mir i ti\u0161ina potrebno je ugasiti mobilne telefone i ure\u0111aje za muziku kako ne bi ometali prisutne posjetioce.<strong style=\"color:white;font-size:25px;text-shadow: -1px 1px 0 #000, \n                          1px 1px 0 #000, \n                         1px -1px 0 #000, \n                        -1px -1px 0 #000;\"><br> Knjige vra\u0107ajte gdje ste ih i prona\u0161li<\/strong>\ufeff<br> Prilikom razgledavanja u biblioteci, ako smatrate da neka knjiga ipak nije za vas, vratite je na mjesto na kojem ste je prona\u0161li. Nemojte je ostavljati na druge police jer \u0107e tako do\u0107i do pomutnje u biblioteci, a radnicima \u0107ete zadati nepotreban posao.<\/p>\n\n\n\n<p><\/p>\n\n\n\n<div class=\"wp-block-image\"><figure class=\"aligncenter\"><img decoding=\"async\" width=\"1024\" height=\"813\" src=\"http:\/\/osmp.edu.ba\/wp-content\/uploads\/2023\/10\/t3-1024x813.jpg\" alt=\"\" class=\"wp-image-8486\" srcset=\"https:\/\/osmp.edu.ba\/wp-content\/uploads\/2023\/10\/t3-1024x813.jpg 1024w, https:\/\/osmp.edu.ba\/wp-content\/uploads\/2023\/10\/t3-300x238.jpg 300w, https:\/\/osmp.edu.ba\/wp-content\/uploads\/2023\/10\/t3-768x610.jpg 768w\" sizes=\"(max-width: 1024px) 100vw, 1024px\" \/><\/figure><\/div>\n\n\n\n<p style=\"background-color:#c1dfec;font-size:18px\" class=\"has-background\">U na\u0161oj \u0161koli ve\u0107 dugi niz godina postoji <strong>Bibliotekarska sekcija<\/strong> koja se trudi da obilje\u017ei sve najva\u017enije datume koji se vezuju za knjigu. Na linku ispod (<em>ikonica knjige<\/em>) mo\u017eete prona\u0107i selekciju BIBLIOTEKA, sa svim povezanim \u010dlancima o posjetama, radu i humanitarnim akcijama ove na\u0161e vrijedne sekcije. Tako\u0111er na na\u0161oj web stranici mo\u017eete prona\u0107i i rubriku &#8220;<strong><a href=\"http:\/\/osmp.edu.ba\/?cat=15\">KNJIGA ZA \u010cITANJE<\/a><\/strong>&#8221; gdje na\u0161a bibliotekarka preporu\u010duje koju to knjigu pro\u010ditati.<\/p>\n\n\n\n<p><\/p>\n\n\n\n<hr>\n\n\n\n<center><figure class=\"wp-block-image is-resized\"><figure><figure><figure><a href=\"http:\/\/osmp.edu.ba\/?cat=13\"><img loading=\"lazy\" decoding=\"async\" src=\"http:\/\/osmp.edu.ba\/wp-content\/uploads\/2023\/09\/pngwing.com-2-1024x492.png\" class=\"wp-image-5517\" width=\"293\" height=\"140\" srcset=\"https:\/\/osmp.edu.ba\/wp-content\/uploads\/2023\/09\/pngwing.com-2-1024x492.png 1024w, https:\/\/osmp.edu.ba\/wp-content\/uploads\/2023\/09\/pngwing.com-2-300x144.png 300w, https:\/\/osmp.edu.ba\/wp-content\/uploads\/2023\/09\/pngwing.com-2-768x369.png 768w\" sizes=\"(max-width: 293px) 100vw, 293px\" \/><\/a><\/figure><\/figure><\/figure><\/figure><center><\/center><\/center>\n\n\n\n<br>\n<hr>\n","protected":false},"excerpt":{"rendered":"<p>Na\u0161a \u0161kolska biblioteka je zasigurno jedno od najposje\u0107enijih mjesta u \u0161koli i uvijek je tako&#8230;<\/p>\n","protected":false},"author":1,"featured_media":5501,"parent":24,"menu_order":0,"comment_status":"closed","ping_status":"closed","template":"","meta":{"ngg_post_thumbnail":0,"footnotes":""},"class_list":["post-5253","page","type-page","status-publish","has-post-thumbnail","hentry"],"_links":{"self":[{"href":"https:\/\/osmp.edu.ba\/index.php?rest_route=\/wp\/v2\/pages\/5253","targetHints":{"allow":["GET"]}}],"collection":[{"href":"https:\/\/osmp.edu.ba\/index.php?rest_route=\/wp\/v2\/pages"}],"about":[{"href":"https:\/\/osmp.edu.ba\/index.php?rest_route=\/wp\/v2\/types\/page"}],"author":[{"embeddable":true,"href":"https:\/\/osmp.edu.ba\/index.php?rest_route=\/wp\/v2\/users\/1"}],"replies":[{"embeddable":true,"href":"https:\/\/osmp.edu.ba\/index.php?rest_route=%2Fwp%2Fv2%2Fcomments&post=5253"}],"version-history":[{"count":135,"href":"https:\/\/osmp.edu.ba\/index.php?rest_route=\/wp\/v2\/pages\/5253\/revisions"}],"predecessor-version":[{"id":9815,"href":"https:\/\/osmp.edu.ba\/index.php?rest_route=\/wp\/v2\/pages\/5253\/revisions\/9815"}],"up":[{"embeddable":true,"href":"https:\/\/osmp.edu.ba\/index.php?rest_route=\/wp\/v2\/pages\/24"}],"wp:featuredmedia":[{"embeddable":true,"href":"https:\/\/osmp.edu.ba\/index.php?rest_route=\/wp\/v2\/media\/5501"}],"wp:attachment":[{"href":"https:\/\/osmp.edu.ba\/index.php?rest_route=%2Fwp%2Fv2%2Fmedia&parent=5253"}],"curies":[{"name":"wp","href":"https:\/\/api.w.org\/{rel}","templated":true}]}}