{"id":6174,"date":"2023-09-30T19:14:22","date_gmt":"2023-09-30T19:14:22","guid":{"rendered":"http:\/\/osmp.edu.ba\/?page_id=6174"},"modified":"2024-02-08T11:47:31","modified_gmt":"2024-02-08T11:47:31","slug":"ednevnik","status":"publish","type":"page","link":"https:\/\/osmp.edu.ba\/?page_id=6174","title":{"rendered":"eDnevnik"},"content":{"rendered":"\n<p class=\"has-background has-very-light-gray-background-color\">Po\u0161tovani roditelji (staratelji) i u\u010denici, u ovoj selekciji mo\u017eete prona\u0107i sve vezano za eDnevnik. Jo\u0161 od samog po\u010detka upotrebe eDnevnika kada je sve po\u010delo kao pilot projekat pa do danas, na\u0161a \u0161kola nudi mogu\u0107nost uvida u  ocjene, vladanje i izostanake u\u010denika. Od drugog polugodi\u0161ta \u0161kolske 2023\/2024. godine u upotrebi je novi elektronski dnevnik koji je povezan za EMIS bazom svih u\u010denika u Kantonu Sarajevo. Novom eDnevniku mo\u017eete pristupiti preko linka: <a href=\"https:\/\/emis.edu.ba\/\">https:\/\/emis.edu.ba\/<\/a>  <\/p>\n\n\n\n<figure class=\"wp-block-image\"><img fetchpriority=\"high\" decoding=\"async\" width=\"1024\" height=\"587\" src=\"http:\/\/osmp.edu.ba\/wp-content\/uploads\/2024\/01\/1706545380670-1024x587.jpg\" alt=\"\" class=\"wp-image-9680\" srcset=\"https:\/\/osmp.edu.ba\/wp-content\/uploads\/2024\/01\/1706545380670-1024x587.jpg 1024w, https:\/\/osmp.edu.ba\/wp-content\/uploads\/2024\/01\/1706545380670-300x172.jpg 300w, https:\/\/osmp.edu.ba\/wp-content\/uploads\/2024\/01\/1706545380670-768x440.jpg 768w, https:\/\/osmp.edu.ba\/wp-content\/uploads\/2024\/01\/1706545380670.jpg 1080w\" sizes=\"(max-width: 1024px) 100vw, 1024px\" \/><figcaption><strong>FOTO: Screenshot<\/strong><br><\/figcaption><\/figure>\n\n\n\n<a href=\"https:\/\/play.google.com\/store\/apps\/details?id=com.sismobileandroid.sismobileandroid&amp;pli=1\"><figure class=\"wp-block-image\"><img decoding=\"async\" width=\"1024\" height=\"341\" src=\"http:\/\/osmp.edu.ba\/wp-content\/uploads\/2024\/01\/ANDROIDAPPEDN-1024x341.png\" alt=\"\" class=\"wp-image-9691\" srcset=\"https:\/\/osmp.edu.ba\/wp-content\/uploads\/2024\/01\/ANDROIDAPPEDN-1024x341.png 1024w, https:\/\/osmp.edu.ba\/wp-content\/uploads\/2024\/01\/ANDROIDAPPEDN-300x100.png 300w, https:\/\/osmp.edu.ba\/wp-content\/uploads\/2024\/01\/ANDROIDAPPEDN-768x256.png 768w, https:\/\/osmp.edu.ba\/wp-content\/uploads\/2024\/01\/ANDROIDAPPEDN.png 1800w\" sizes=\"(max-width: 1024px) 100vw, 1024px\" \/><\/figure><\/a>\n\n\n\n<p style=\"background-color:#f3cdcd\" class=\"has-background has-medium-font-size\"><strong>Kreiranje ra\u010duna<\/strong> je veoma jednostavan proces. Nakon \u0161to kliknete na <a href=\"https:\/\/web.emis.edu.ba\/#\/auth\/prijava\">link<\/a> eDnevnika i budete proslije\u0111eni na web stranicu, dalje korake imate u obja\u0161njenju na slikama ispod. <\/p>\n\n\n\n<figure class=\"wp-block-image\"><img decoding=\"async\" width=\"1920\" height=\"4358\" src=\"http:\/\/osmp.edu.ba\/wp-content\/uploads\/2024\/02\/ednevnik1.jpg\" alt=\"\" class=\"wp-image-9882\" srcset=\"https:\/\/osmp.edu.ba\/wp-content\/uploads\/2024\/02\/ednevnik1.jpg 1920w, https:\/\/osmp.edu.ba\/wp-content\/uploads\/2024\/02\/ednevnik1-132x300.jpg 132w, https:\/\/osmp.edu.ba\/wp-content\/uploads\/2024\/02\/ednevnik1-768x1743.jpg 768w, https:\/\/osmp.edu.ba\/wp-content\/uploads\/2024\/02\/ednevnik1-451x1024.jpg 451w, https:\/\/osmp.edu.ba\/wp-content\/uploads\/2024\/02\/ednevnik1-1024x2324.jpg 1024w\" sizes=\"(max-width: 1920px) 100vw, 1920px\" \/><\/figure>\n\n\n\n<p style=\"font-size:18px\" class=\"has-background has-very-light-gray-background-color\"><strong style=\"color:#e84f4f;  font-size:20px\">NAPOMENA:<\/strong><br> &#8211; Polje <b>korisni\u010dko ime<\/b> treba da sadr\u017ei samo <b>mala slova bez<\/b> dijakriti\u010dkih\nznakova <b>(\u010d, \u0107, \u0111, d\u017e, \u0161 i \u017e )<\/b>. Korisni\u010dko ime mo\u017ee biti ime.prezime roditelja.\nZapi\u0161ite koje korisni\u010dko ime ste unijeli jer \u0107e Vam trebati za prijavu. <br> &#8211; U polje ime i prezime upisujete ime i prezime roditelja koji kreira nalog.<br>  &#8211; E\u2013mail adresa koju unesete prilikom procesa registracije mora biti aktivna<br> &#8211; <b>Lozinka <\/b>treba sadr\u017eavati <b>velika slova, mala slova i brojeve<\/b>. Zapi\u0161ite koju \nlozinku ste unijeli jer \u0107e Vam trebati za prijavu.\n<br> &#8211; Broj mobitela unijeti u formatu 38761000000\n\n\n\n<\/p>\n\n\n\n<p style=\"background-color:#f3cdcd\" class=\"has-background has-medium-font-size\"><strong>\u0160ta ako sam zaboravio pristupne podatke ili za  ulazne podatke dobijene od razrednika\/u\u010ditelja pi\u0161e da su ve\u0107 iskori\u0161teni?<\/strong><\/p>\n\n\n\n<p style=\"font-size:18px\" class=\"has-background has-very-light-gray-background-color\">Ukoliko se desi situacija da za dobijene ulazne podatke od razrednika\/u\u010ditelja dobijete poruku <b>&#8220;Ranije iskori\u0161ten pristupni kod&#8221;<\/b> potrebno je da se javite razredniku\/u\u010ditelju va\u0161eg odjeljenja. Isti \u0107e generisati nove ulazne podatke. Isti slu\u010daj je i sa <b>zaboravljenim pristupnim podacima (e &#8211; mail i \u0161ifra)<\/b>, tj. potrebno je da se javite razredniku\/u\u010ditelju odjeljenja koji ima mogu\u0107nost mijenjanja pristupnih podataka.<b> Korisni\u010dko ime se ne mo\u017ee mijenjati.<\/b> <\/p>\n\n\n\n<p style=\"background-color:#f3cdcd\" class=\"has-background has-medium-font-size\"><strong>Za roditelje koji imaju vi\u0161e djece!<\/strong><\/p>\n\n\n\n<figure class=\"wp-block-image\"><img loading=\"lazy\" decoding=\"async\" width=\"1920\" height=\"4202\" src=\"http:\/\/osmp.edu.ba\/wp-content\/uploads\/2024\/02\/tutorial_ednevnik_roditelji.jpg\" alt=\"\" class=\"wp-image-9880\" srcset=\"https:\/\/osmp.edu.ba\/wp-content\/uploads\/2024\/02\/tutorial_ednevnik_roditelji.jpg 1920w, https:\/\/osmp.edu.ba\/wp-content\/uploads\/2024\/02\/tutorial_ednevnik_roditelji-137x300.jpg 137w, https:\/\/osmp.edu.ba\/wp-content\/uploads\/2024\/02\/tutorial_ednevnik_roditelji-768x1681.jpg 768w, https:\/\/osmp.edu.ba\/wp-content\/uploads\/2024\/02\/tutorial_ednevnik_roditelji-468x1024.jpg 468w, https:\/\/osmp.edu.ba\/wp-content\/uploads\/2024\/02\/tutorial_ednevnik_roditelji-1024x2241.jpg 1024w\" sizes=\"(max-width: 1920px) 100vw, 1920px\" \/><\/figure>\n","protected":false},"excerpt":{"rendered":"<p>Po\u0161tovani roditelji (staratelji) i u\u010denici, u ovoj selekciji mo\u017eete prona\u0107i sve vezano za eDnevnik. Jo\u0161&#8230;<\/p>\n","protected":false},"author":1,"featured_media":9686,"parent":6458,"menu_order":1,"comment_status":"closed","ping_status":"closed","template":"","meta":{"ngg_post_thumbnail":0,"footnotes":""},"class_list":["post-6174","page","type-page","status-publish","has-post-thumbnail","hentry"],"_links":{"self":[{"href":"https:\/\/osmp.edu.ba\/index.php?rest_route=\/wp\/v2\/pages\/6174","targetHints":{"allow":["GET"]}}],"collection":[{"href":"https:\/\/osmp.edu.ba\/index.php?rest_route=\/wp\/v2\/pages"}],"about":[{"href":"https:\/\/osmp.edu.ba\/index.php?rest_route=\/wp\/v2\/types\/page"}],"author":[{"embeddable":true,"href":"https:\/\/osmp.edu.ba\/index.php?rest_route=\/wp\/v2\/users\/1"}],"replies":[{"embeddable":true,"href":"https:\/\/osmp.edu.ba\/index.php?rest_route=%2Fwp%2Fv2%2Fcomments&post=6174"}],"version-history":[{"count":75,"href":"https:\/\/osmp.edu.ba\/index.php?rest_route=\/wp\/v2\/pages\/6174\/revisions"}],"predecessor-version":[{"id":9892,"href":"https:\/\/osmp.edu.ba\/index.php?rest_route=\/wp\/v2\/pages\/6174\/revisions\/9892"}],"up":[{"embeddable":true,"href":"https:\/\/osmp.edu.ba\/index.php?rest_route=\/wp\/v2\/pages\/6458"}],"wp:featuredmedia":[{"embeddable":true,"href":"https:\/\/osmp.edu.ba\/index.php?rest_route=\/wp\/v2\/media\/9686"}],"wp:attachment":[{"href":"https:\/\/osmp.edu.ba\/index.php?rest_route=%2Fwp%2Fv2%2Fmedia&parent=6174"}],"curies":[{"name":"wp","href":"https:\/\/api.w.org\/{rel}","templated":true}]}}