{"id":6219,"date":"2023-10-01T09:10:21","date_gmt":"2023-10-01T09:10:21","guid":{"rendered":"http:\/\/osmp.edu.ba\/?page_id=6219"},"modified":"2025-09-24T19:44:02","modified_gmt":"2025-09-24T19:44:02","slug":"skolski-kalendar","status":"publish","type":"page","link":"https:\/\/osmp.edu.ba\/?page_id=6219","title":{"rendered":"\u0160KOLSKI KALENDAR"},"content":{"rendered":"\n<p class=\"has-very-light-gray-background-color has-background\">Po\u0161tovani roditelji (staratelji) i u\u010denici, u ovoj selekciji mo\u017eete prona\u0107i \u0161kolski kalendar donesen od strane Ministarstva za odgoj i obrazovanje Kantona Sarajevo za \u0161kolsku 2025\/2026. godinu. <\/p>\n\n\n\n<figure class=\"wp-block-image size-full\"><a href=\"https:\/\/osmp.edu.ba\/wp-content\/uploads\/2025\/09\/sk_kalendar25.jpg\"><img fetchpriority=\"high\" decoding=\"async\" width=\"2200\" height=\"1554\" src=\"https:\/\/osmp.edu.ba\/wp-content\/uploads\/2025\/09\/sk_kalendar25.jpg\" alt=\"\" class=\"wp-image-13510\" srcset=\"https:\/\/osmp.edu.ba\/wp-content\/uploads\/2025\/09\/sk_kalendar25.jpg 2200w, https:\/\/osmp.edu.ba\/wp-content\/uploads\/2025\/09\/sk_kalendar25-300x212.jpg 300w, https:\/\/osmp.edu.ba\/wp-content\/uploads\/2025\/09\/sk_kalendar25-1024x723.jpg 1024w, https:\/\/osmp.edu.ba\/wp-content\/uploads\/2025\/09\/sk_kalendar25-768x542.jpg 768w, https:\/\/osmp.edu.ba\/wp-content\/uploads\/2025\/09\/sk_kalendar25-1536x1085.jpg 1536w, https:\/\/osmp.edu.ba\/wp-content\/uploads\/2025\/09\/sk_kalendar25-2048x1447.jpg 2048w\" sizes=\"(max-width: 2200px) 100vw, 2200px\" \/><\/a><\/figure>\n\n\n\n<p class=\"has-white-color has-luminous-vivid-amber-to-luminous-vivid-orange-gradient-background has-text-color has-background has-link-color wp-elements-864a13aaf90748956244ba8dd954dd4c\" style=\"font-size:20px;text-transform:capitalize\"><strong>ONLINE SEDMICA U \u0160KOLSKOJ 2025\/2026. GODINI JE OD 03.11. DO 07.11.2025. GODINE.<\/strong><\/p>\n","protected":false},"excerpt":{"rendered":"<p>Po\u0161tovani roditelji (staratelji) i u\u010denici, u ovoj selekciji mo\u017eete prona\u0107i \u0161kolski kalendar donesen od strane&#8230;<\/p>\n","protected":false},"author":1,"featured_media":0,"parent":26,"menu_order":0,"comment_status":"closed","ping_status":"closed","template":"","meta":{"ngg_post_thumbnail":0,"footnotes":""},"class_list":["post-6219","page","type-page","status-publish","hentry"],"_links":{"self":[{"href":"https:\/\/osmp.edu.ba\/index.php?rest_route=\/wp\/v2\/pages\/6219","targetHints":{"allow":["GET"]}}],"collection":[{"href":"https:\/\/osmp.edu.ba\/index.php?rest_route=\/wp\/v2\/pages"}],"about":[{"href":"https:\/\/osmp.edu.ba\/index.php?rest_route=\/wp\/v2\/types\/page"}],"author":[{"embeddable":true,"href":"https:\/\/osmp.edu.ba\/index.php?rest_route=\/wp\/v2\/users\/1"}],"replies":[{"embeddable":true,"href":"https:\/\/osmp.edu.ba\/index.php?rest_route=%2Fwp%2Fv2%2Fcomments&post=6219"}],"version-history":[{"count":11,"href":"https:\/\/osmp.edu.ba\/index.php?rest_route=\/wp\/v2\/pages\/6219\/revisions"}],"predecessor-version":[{"id":13511,"href":"https:\/\/osmp.edu.ba\/index.php?rest_route=\/wp\/v2\/pages\/6219\/revisions\/13511"}],"up":[{"embeddable":true,"href":"https:\/\/osmp.edu.ba\/index.php?rest_route=\/wp\/v2\/pages\/26"}],"wp:attachment":[{"href":"https:\/\/osmp.edu.ba\/index.php?rest_route=%2Fwp%2Fv2%2Fmedia&parent=6219"}],"curies":[{"name":"wp","href":"https:\/\/api.w.org\/{rel}","templated":true}]}}