{"id":6458,"date":"2023-10-04T21:07:40","date_gmt":"2023-10-04T21:07:40","guid":{"rendered":"http:\/\/osmp.edu.ba\/?page_id=6458"},"modified":"2024-01-30T00:13:25","modified_gmt":"2024-01-30T00:13:25","slug":"online","status":"publish","type":"page","link":"https:\/\/osmp.edu.ba\/?page_id=6458","title":{"rendered":"ONLINE NASTAVA"},"content":{"rendered":"\n<p style=\"background-color:#cfedfa;font-size:18px\" class=\"has-background\">Na\u0161a \u0161kola se uvijek trudila da bude ukorak sa vremenom, a tako je bilo i po pitanju elektronskog dnevnika. <br>Na kraju prvog polugodi\u0161ta \u0161kolske 2017\/2018.  u O\u0160 \u201eMirsad Prnjavorac\u201c zavr\u0161ena je eksperimentalna faza primjene \u201eelektronskog dnevnika\u201c \u2013 pilot programa u kojem je u\u010destvovalo 10 \u0161kola u Kantonu Sarajevo. eDnevnik je i danas platforma koji roditeljima\/u\u010denicima omogu\u0107ava svakodnevni uvid u ocjene, vladanje i izostanke u\u010denika. Od drugog polugodi\u0161ta \u0161kolske 2023\/2024. godine sve \u0161kole u Kantonu Sarajevo su pre\u0161le na novi <a href=\"https:\/\/web.emis.edu.ba\/#\/auth\/prijava\">eDnevnik<\/a> koji je povezan za EMIS bazom svih u\u010denika navedenog kantona.<\/p>\n\n\n\n<p style=\"background-color:#f1dfc6;font-size:18px\" class=\"has-background\">Razli\u010dita vremena nose razli\u010dite izazove. Tako je bilo i vrijeme Covida 19 koji nas je sve iznenadio. Me\u0111utim, zahvaljuju\u0107i dobroj organizaciji uprave \u0161kole, ali i cjelokupnog nastavnog osobolja nismo bili toliko nepripremljeni. Puno prije pandemije na\u0161a \u0161kola je provodila online nastavu. Prvobitno je to bilo kao pilot projekat preko <a href=\"https:\/\/www.edmodo.com\/\">Edmodo<\/a> platforme, da bi smo poslije pre\u0161li na platformu koju i danas koristimo, a to je<a href=\"https:\/\/www.microsoft.com\/en-us\/microsoft-teams\/group-chat-software\"> Office 365 \/ Microsoft Teams.<\/a><\/p>\n\n\n\n<p style=\"background-color:#beb1a3;font-size:18px\" class=\"has-background\">U ovoj selekciji stranice mo\u017eete prona\u0107i sve o:<\/p>\n\n\n\n<p style=\"background-color:#fee2d2\" class=\"has-text-color has-background has-medium-font-size has-pale-cyan-blue-color\"><a href=\"http:\/\/osmp.edu.ba\/?page_id=6174\"><strong style=\"color:white;font-size:25px;text-shadow: -1px 1px 0 #000, \n                          1px 1px 0 #000, \n                         1px -1px 0 #000, \n                        -1px -1px 0 #000;\"> &#8211; eDNEVNIKU<\/strong><\/a><\/p>\n\n\n\n<p style=\"background-color:#fee2d2\" class=\"has-text-color has-background has-medium-font-size has-pale-cyan-blue-color\"><a href=\"http:\/\/osmp.edu.ba\/?page_id=4087\"><strong style=\"color:white;font-size:25px;text-shadow: -1px 1px 0 #000, \n                          1px 1px 0 #000, \n                         1px -1px 0 #000, \n                        -1px -1px 0 #000;\"> &#8211; EDUKATIVNOJ PLATFORMI OFFICE 365 \/ MICROSOFT TEAMS<\/strong><\/a><\/p>\n","protected":false},"excerpt":{"rendered":"<p>Na\u0161a \u0161kola se uvijek trudila da bude ukorak sa vremenom, a tako je bilo i&#8230;<\/p>\n","protected":false},"author":1,"featured_media":8715,"parent":0,"menu_order":0,"comment_status":"closed","ping_status":"closed","template":"","meta":{"ngg_post_thumbnail":0,"footnotes":""},"class_list":["post-6458","page","type-page","status-publish","has-post-thumbnail","hentry"],"_links":{"self":[{"href":"https:\/\/osmp.edu.ba\/index.php?rest_route=\/wp\/v2\/pages\/6458","targetHints":{"allow":["GET"]}}],"collection":[{"href":"https:\/\/osmp.edu.ba\/index.php?rest_route=\/wp\/v2\/pages"}],"about":[{"href":"https:\/\/osmp.edu.ba\/index.php?rest_route=\/wp\/v2\/types\/page"}],"author":[{"embeddable":true,"href":"https:\/\/osmp.edu.ba\/index.php?rest_route=\/wp\/v2\/users\/1"}],"replies":[{"embeddable":true,"href":"https:\/\/osmp.edu.ba\/index.php?rest_route=%2Fwp%2Fv2%2Fcomments&post=6458"}],"version-history":[{"count":14,"href":"https:\/\/osmp.edu.ba\/index.php?rest_route=\/wp\/v2\/pages\/6458\/revisions"}],"predecessor-version":[{"id":9695,"href":"https:\/\/osmp.edu.ba\/index.php?rest_route=\/wp\/v2\/pages\/6458\/revisions\/9695"}],"wp:featuredmedia":[{"embeddable":true,"href":"https:\/\/osmp.edu.ba\/index.php?rest_route=\/wp\/v2\/media\/8715"}],"wp:attachment":[{"href":"https:\/\/osmp.edu.ba\/index.php?rest_route=%2Fwp%2Fv2%2Fmedia&parent=6458"}],"curies":[{"name":"wp","href":"https:\/\/api.w.org\/{rel}","templated":true}]}}