{"id":8544,"date":"2023-11-01T00:08:21","date_gmt":"2023-11-01T00:08:21","guid":{"rendered":"http:\/\/osmp.edu.ba\/?page_id=8544"},"modified":"2023-11-01T00:08:22","modified_gmt":"2023-11-01T00:08:22","slug":"spisak-lektira","status":"publish","type":"page","link":"https:\/\/osmp.edu.ba\/?page_id=8544","title":{"rendered":"SPISAK LEKTIRA"},"content":{"rendered":"<p><br>\n<br>\n<!--StartFragment--><\/p>\n\n\n<p style=\"background-color:#f3cbdb;color:#121212;font-size:26px;text-align:center\" class=\"has-text-color has-background\"><strong>Spisak lektira:<\/strong><\/p>\n\n\n\n<p class=\"has-background has-medium-font-size has-luminous-vivid-amber-background-color\"><strong>I \u2013 RAZRED<\/strong><\/p>\n\n\n\n<p class=\"has-background has-very-light-gray-background-color\">\n\n\n\n\n\n\n\n\n\n\n\n\n\n\n\n\nU\nprvom razredu u\u010denici se samo uvode u prvu fazu obrade lektire.&nbsp;\n\n\n\n<\/p>\n\n\n\n<p><br><\/p>\n\n\n\n<p class=\"has-background has-medium-font-size has-luminous-vivid-amber-background-color\"><strong>II \u2013 RAZRED<\/strong><\/p>\n\n\n\n<p class=\"has-background has-very-light-gray-background-color\">\n\n\n\n\n\n\n\n\n\n\n\n\n\n\n\n\n1.\n\u0106opi\u0107 Branko: JE\u017dEVA KU\u0106ICA<br>\n2. \u0160krinjari\u0107 Sun\u010dana: DU\u0106AN KOD SVRAKE<br>\n3. Hubijar Zehra: MEDIN RO\u0110ENDAN\n\n\n\n<\/p>\n\n\n\n<p class=\"has-background has-medium-font-size has-luminous-vivid-amber-background-color\"><strong>III \u2013 RAZRED<\/strong><\/p>\n\n\n\n<p class=\"has-background has-very-light-gray-background-color\">\n\n\n\n\n\n\n\n\n\n\n\n\n\n\n\n\n1.\nKapid\u017ei\u0107-Had\u017ei\u0107 Nasiha: PJESME (po izboru)<br>\n2. E\u0161i\u0107 \u0160imo: VEZENA TORBICA<br>\n3. Hromad\u017ei\u0107 Ahmet: ZELENA \u0160UMA<br>\n4. Femeni\u0107 Stanislav: IDI PA VIDI<br>\n5. Gianni Rodari: TELEFONSKE PRI\u010cE\n\n\n\n<\/p>\n\n\n\n<p><br><\/p>\n\n\n\n<p class=\"has-background has-luminous-vivid-amber-background-color\"><strong>IV \u2013 RAZRED<\/strong><\/p>\n\n\n\n<p class=\"has-background has-very-light-gray-background-color\"> 1. Rori\u0107 Ivica Vanja: PLAVI VJETAR<br> 2. Alikadi\u0107 Bisera: KRALJICA IZ DVORI\u0160TA<br> 3. Hromad\u017ei\u0107 Ahmet: PATULJAK VAM PRI\u010cA<br> 4. Kolodi Karlo: PINOKIO<br> 5. Vrelo ljepote \/ Stihovi u lektiri \/(izbor iz bosansko-hercegova\u010dke poezije za djecu)&nbsp;<\/p>\n\n\n\n<p><br><\/p>\n\n\n\n<p class=\"has-background has-medium-font-size has-luminous-vivid-amber-background-color\"><strong>V \u2013 RAZRED<\/strong><\/p>\n\n\n\n<p class=\"has-background has-very-light-gray-background-color\"> 1. Hromad\u017ei\u0107 Ahmet: PATULJAK IZ ZABORAVLJENE ZEMLJE<br> 2. Dubo\u010danin Alija: TIHA RIJEKA DJETINJSTVA<br> 3. Brli\u0107-Ma\u017eurani\u0107 Ivana: PRI\u010cE IZ DAVNINE<br> 4. Rodari Giana: PUTOVANJE PLAVE STRIJELE<br> 5. Lovrak Mato: VLAK U SNIJEGU<br> 6. Bekri\u0107 Ismet: JESEN U GRADU (izabrane pjesme)&nbsp;<\/p>\n\n\n\n<p><br><\/p>\n\n\n\n<p class=\"has-background has-medium-font-size has-luminous-vivid-amber-background-color\"><strong>VI \u2013 RAZRED<\/strong><\/p>\n\n\n\n<p class=\"has-background has-very-light-gray-background-color\">1. \u0106opi\u0107 Branko: ORLOVI RANO LETE<br>2. Alikadi\u0107 Bisera: VOZ DO NEBA<br>3. Anti\u0107 Miroslav: PLAVI \u010cUPERAK<br>4. Ivankovi\u0107 \u017deljko: ZVJEZDANGRAD<br>5. Lati\u0107 D\u017eemaludin: SREBRNA \u010cESMA<br>6. Defo Danijel: ROBINZON KRUSO<br>7. Pand\u017eo \u0160ukrija: SAMO JO\u0160 KOSOVI ZVI\u017dDU\u0106U\/RUKA NA KOSI     <br>            8. Seli\u0161kar Tone: DRU\u017dBA SINJEG GALEBA<\/p>\n\n\n\n<p><\/p>\n\n\n\n<p class=\"has-background has-medium-font-size has-luminous-vivid-amber-background-color\"><strong>VII \u2013 RAZRED<\/strong><\/p>\n\n\n\n<p class=\"has-background has-very-light-gray-background-color\">1. Ko\u010di\u0107 Petar: JAZAVAC PRED SUDOM<br>2. Kulenovi\u0107 Skender: GROMOVO \u0110ULE<br>3. Tadijanovi\u0107 Dragutin: SREBRNE SVIRALE (izbor poezije)<br>4. Maksimvi\u0107 Desanka: STREPNJA (izbor poezije)<br>5. Twain Mark: KRALJEVI\u0106 I PROSJAK<br>6. Vajld Oskar: SRETNI KRALJEVI\u0106 I DRUGE BAJKE<br>7. Samokovlija Isak: NOSA\u010c SAMUEL I DRUGE PRIPOVIJETKE    <br>                8. Dubo\u010danin, Alija H.: LA\u0110ARSKI PUT<br><\/p>\n\n\n\n<p class=\"has-background has-medium-font-size has-luminous-vivid-amber-background-color\"><strong>VIII \u2013 RAZRED<\/strong><\/p>\n\n\n\n<p class=\"has-background has-very-light-gray-background-color\">1. Bazdulj Hubijar Nura: RU\u017dA I i \u010cEKAJU\u0106I TAHIRA<br>2. \u0160anti\u0107 Aleksa: PJESME<br>3. Jovanovi\u0107 Zoran M.: BULKE PORED PRUGE <br>4. Nu\u0161i\u0107 Branislav: SUMNJIVO LICE (izabrane komedije) <br>5. Buck Pearl: VELIKI TALAS <br>6. Frank Ana: DNEVNIK ANE FRANK  <br>7. Dizdarevi\u0107 Zija: PROSANJANE JESENI<br>8. Bazdulj Hubijar Nura: \u010cEKAJU\u0106I TAHIRA <br><br><\/p>\n\n\n\n<p class=\"has-background has-medium-font-size has-luminous-vivid-amber-background-color\"><strong>IX \u2013 RAZRED<\/strong><\/p>\n\n\n\n<p class=\"has-background has-very-light-gray-background-color\">1. Ibri\u0161imovi\u0107 Ned\u017ead: NEPOZNATI LJUDI (izbor pripovijetki)<br>2. Hemingway Ernest: STARAC I MORE<br>3. \u0160ekspir Vilijam: ROMEO I JULIJA<br>4. Molijer: TVRDICA<br>5. Andri\u0107 Ivo: PRIPOVIJETKE (izbor)<br>6. Popa Vasko: O\u010cIJU TVOJIH DA NIJE (izbor pjesama)     <br>                     7. Dizdar, Mehmedalija Mak:  KAMENI SPAVA\u010c&nbsp;     <br>                                 8.  Pavlovi\u0107, Ranko: MA\u0160TA NA TUFNICE<br><br><\/p>\n\n\n<p><!--EndFragment--><br>\n<br>\n<\/p>","protected":false},"excerpt":{"rendered":"<p>Spisak lektira: I \u2013 RAZRED U prvom razredu u\u010denici se samo uvode u prvu fazu&#8230;<\/p>\n","protected":false},"author":1,"featured_media":0,"parent":5253,"menu_order":0,"comment_status":"closed","ping_status":"closed","template":"","meta":{"ngg_post_thumbnail":0,"footnotes":""},"class_list":["post-8544","page","type-page","status-publish","hentry"],"_links":{"self":[{"href":"https:\/\/osmp.edu.ba\/index.php?rest_route=\/wp\/v2\/pages\/8544","targetHints":{"allow":["GET"]}}],"collection":[{"href":"https:\/\/osmp.edu.ba\/index.php?rest_route=\/wp\/v2\/pages"}],"about":[{"href":"https:\/\/osmp.edu.ba\/index.php?rest_route=\/wp\/v2\/types\/page"}],"author":[{"embeddable":true,"href":"https:\/\/osmp.edu.ba\/index.php?rest_route=\/wp\/v2\/users\/1"}],"replies":[{"embeddable":true,"href":"https:\/\/osmp.edu.ba\/index.php?rest_route=%2Fwp%2Fv2%2Fcomments&post=8544"}],"version-history":[{"count":1,"href":"https:\/\/osmp.edu.ba\/index.php?rest_route=\/wp\/v2\/pages\/8544\/revisions"}],"predecessor-version":[{"id":8546,"href":"https:\/\/osmp.edu.ba\/index.php?rest_route=\/wp\/v2\/pages\/8544\/revisions\/8546"}],"up":[{"embeddable":true,"href":"https:\/\/osmp.edu.ba\/index.php?rest_route=\/wp\/v2\/pages\/5253"}],"wp:attachment":[{"href":"https:\/\/osmp.edu.ba\/index.php?rest_route=%2Fwp%2Fv2%2Fmedia&parent=8544"}],"curies":[{"name":"wp","href":"https:\/\/api.w.org\/{rel}","templated":true}]}}