{"id":8916,"date":"2023-11-16T22:52:32","date_gmt":"2023-11-16T22:52:32","guid":{"rendered":"http:\/\/osmp.edu.ba\/?page_id=8916"},"modified":"2025-10-04T12:10:24","modified_gmt":"2025-10-04T12:10:24","slug":"vijece-ucenika","status":"publish","type":"page","link":"https:\/\/osmp.edu.ba\/?page_id=8916","title":{"rendered":"VIJE\u0106E U\u010cENIKA"},"content":{"rendered":"\n<p class=\"has-background\" style=\"background-color:#e7e7b9;font-size:18px\"><strong>Vije\u0107e u\u010denika<\/strong> je izabrano tijelo u \u0161koli koga \u010dine po jedan u\u010denik iz svakog odjeljenja (osim u\u010denika I razreda). Bira se na po\u010detku svake \u0161kolske godine sa ciljem zastupanja u\u010deni\u010dkih prava. Kada se formira, \u010dlanovi Vije\u0107a u\u010denika biraju presjednika, zamjenika i zapisni\u010dara. <\/p>\n\n\n\n<p class=\"has-background\" style=\"background-color:#bde4f5;font-size:19px\"><strong>Funkcija Vije\u0107a u\u010denika je:  <\/strong><\/p>\n\n\n\n<p class=\"has-background\" style=\"background-color:#ece1e1;font-size:17px\">\u25d9 za\u0161tita prava i obaveza, kao i potreba i interesa u\u010denika\/u\u010denica,<br>\u25d9 promoviranje intersa \u0161kole u zajednici na \u010dijem podru\u010dju se nalazi \u0161kola,<br>\u25d9 podsticanje anga\u017eiranosti u\u010denika\/u\u010denica u radu \u0161kole kroz raznovrsne vidove nastave u \u0161koli,<br>\u25d9 prezentiranje stavova u\u010denika\/u\u010denica Nastavni\u010dkom vije\u0107u,<br>\u25d9 organizovanje aktivnosti kroz radionice koje su edukativnog i preventivnog karaktera,<br>\u25d9 pokretanje raznih humanitarnih, volonterskih akcija u cilju za\u0161tite, pomo\u0107i i pru\u017eanja podr\u0161ke djeci bez roditeljskog staranja, bolesnoj djeci, kao i djeci koja su u stanju socijalne potrebe,<br>\u25d9 organizovanje aktivnosti koje su zabavnog i kulturno \u2013 umjetni\u010dkog karaktera, u cilju promocije javne i kulturne djelatnosti \u0161kole,<br>\u25d9 izgradnja partnerskog odnosa sa nastavnim osobljem, upravom \u0161kole i Vije\u0107em roditelja,<br>\u25d9 informisanje \u0160kolskog odbora o svojim stavovima, kada ocijeni da je to potrebno ili po zahtjevu \u0160kolskog odbora o svakom pitanju koje se odnosi na rad i upravljanje \u0161kolom i<br>\u25d9 saradnja sa institucijama koje se bave pitanjima mladih.<\/p>\n\n\n\n<p class=\"has-background\" style=\"background-color:#e7e7b9;font-size:18px\"> U tabeli ispod mo\u017eete pogledati \u010dlanove Vije\u0107a za \u0161kolsku 2025\/2026. godinu. <\/p>\n\n\n\n<figure class=\"wp-block-table\"><table class=\"has-fixed-layout\"><tbody><tr><td><strong>Razred<\/strong><\/td><td><strong>Odjeljenje<\/strong><\/td><td><strong>Predstavnik u Vije\u0107u u\u010denika<\/strong> <strong>&nbsp;<\/strong><\/td><\/tr><tr><td>IV<\/td><td>1<\/td><td>Kanti\u0107 Dani<\/td><\/tr><tr><td>IV<\/td><td>2<\/td><td>Ali\u010dkovi\u0107 Lana<\/td><\/tr><tr><td>IV<\/td><td>3<\/td><td>Kustura Asad<\/td><\/tr><tr><td>IV<\/td><td>4<\/td><td>Kraji\u0161nik Davud<\/td><\/tr><tr><td>V<\/td><td>1<\/td><td>Sivac Naima<\/td><\/tr><tr><td>V<\/td><td>2<\/td><td>Sinanovi\u0107 Hanah<\/td><\/tr><tr><td>V<\/td><td>3<\/td><td>Emina Biki\u0107<\/td><\/tr><tr><td>V<\/td><td>4<\/td><td>Osmanovi\u0107 Ned\u017ela<\/td><\/tr><tr><td>VI<\/td><td>1<\/td><td>Sa\u010di\u0107 Nedim<\/td><\/tr><tr><td>VI<\/td><td>2<\/td><td>Sabljica Merjem<\/td><\/tr><tr><td>VI<\/td><td>3<\/td><td>Hod\u017ei\u0107 D\u017eenis<\/td><\/tr><tr><td>VI<\/td><td>4<\/td><td>Ko\u017eljak Berina<\/td><\/tr><tr><td>VI<\/td><td>5<\/td><td>\u0160uman Jakub<\/td><\/tr><tr><td>VII<\/td><td>1<\/td><td>Curi\u0107 Muhamed<\/td><\/tr><tr><td>VII<\/td><td>2<\/td><td>Smailhod\u017ei\u0107 Jahja<\/td><\/tr><tr><td>VII<\/td><td>3<\/td><td>Be\u0161lija Nejla<\/td><\/tr><tr><td>VII<\/td><td>4<\/td><td>Hafizovi\u0107 Hana<\/td><\/tr><tr><td>VII<\/td><td>5<\/td><td>\u0110iver Imad<\/td><\/tr><tr><td>VIII<\/td><td>1<\/td><td>Muratovi\u0107 Anda<\/td><\/tr><tr><td>VIII<\/td><td>2<\/td><td>Hasanovi\u0107 Merjem<\/td><\/tr><tr><td>VIII<\/td><td>3<\/td><td>\u0160uman Ishak<\/td><\/tr><tr><td>VIII<\/td><td>4<\/td><td>\u010colakovi\u0107 Faris<\/td><\/tr><tr><td>IX<\/td><td>1<\/td><td>Huri\u0107 Iman<\/td><\/tr><tr><td>IX<\/td><td>2<\/td><td>Rahmanovi\u0107 Belma<\/td><\/tr><tr><td>IX<\/td><td>3<\/td><td>Vra\u017ealica Elma<\/td><\/tr><tr><td>IX<\/td><td>4<\/td><td>Korjeni\u0107 Amila<\/td><\/tr><\/tbody><\/table><\/figure>\n\n\n\n<p><\/p>\n","protected":false},"excerpt":{"rendered":"<p>Vije\u0107e u\u010denika je izabrano tijelo u \u0161koli koga \u010dine po jedan u\u010denik iz svakog odjeljenja&#8230;<\/p>\n","protected":false},"author":1,"featured_media":0,"parent":24,"menu_order":0,"comment_status":"closed","ping_status":"closed","template":"","meta":{"ngg_post_thumbnail":0,"footnotes":""},"class_list":["post-8916","page","type-page","status-publish","hentry"],"_links":{"self":[{"href":"https:\/\/osmp.edu.ba\/index.php?rest_route=\/wp\/v2\/pages\/8916","targetHints":{"allow":["GET"]}}],"collection":[{"href":"https:\/\/osmp.edu.ba\/index.php?rest_route=\/wp\/v2\/pages"}],"about":[{"href":"https:\/\/osmp.edu.ba\/index.php?rest_route=\/wp\/v2\/types\/page"}],"author":[{"embeddable":true,"href":"https:\/\/osmp.edu.ba\/index.php?rest_route=\/wp\/v2\/users\/1"}],"replies":[{"embeddable":true,"href":"https:\/\/osmp.edu.ba\/index.php?rest_route=%2Fwp%2Fv2%2Fcomments&post=8916"}],"version-history":[{"count":20,"href":"https:\/\/osmp.edu.ba\/index.php?rest_route=\/wp\/v2\/pages\/8916\/revisions"}],"predecessor-version":[{"id":13539,"href":"https:\/\/osmp.edu.ba\/index.php?rest_route=\/wp\/v2\/pages\/8916\/revisions\/13539"}],"up":[{"embeddable":true,"href":"https:\/\/osmp.edu.ba\/index.php?rest_route=\/wp\/v2\/pages\/24"}],"wp:attachment":[{"href":"https:\/\/osmp.edu.ba\/index.php?rest_route=%2Fwp%2Fv2%2Fmedia&parent=8916"}],"curies":[{"name":"wp","href":"https:\/\/api.w.org\/{rel}","templated":true}]}}