{"id":8929,"date":"2023-11-16T23:28:11","date_gmt":"2023-11-16T23:28:11","guid":{"rendered":"http:\/\/osmp.edu.ba\/?page_id=8929"},"modified":"2025-10-02T07:02:04","modified_gmt":"2025-10-02T07:02:04","slug":"vijece-roditelja","status":"publish","type":"page","link":"https:\/\/osmp.edu.ba\/?page_id=8929","title":{"rendered":"VIJE\u0106E RODITELJA"},"content":{"rendered":"\n<p class=\"has-background\" style=\"background-color:#f0e6d6;font-size:18px\"> <strong>Vije\u0107e roditelja<\/strong> je nestrana\u010dko, nevladino i neprofitno udru\u017eenje \u010diji je cilj da kroz saradnju sa doma\u0107im i inostranim vladinim i nevladinim institucijama, udru\u017eenjima i organizacijama ostvari napredak u razvoju obrazovanja, odgoja, mentalnog i fizi\u010dkog zdravlja te rasta i razvoja djece uzrasta osnovno\u0161kolskog i srednjo\u0161kolskog obrazovanja. Ciljeve ostvaruje kroz aktivnosti <a href=\"https:\/\/vrks.org\/\">Vije\u0107a roditelja osnovnih i srednjih \u0161kola Kantona Sarajevo<\/a> i \u010dlanova Udru\u017eenja. Vije\u0107e roditelja u na\u0161oj \u0161koli \u010dine po jedan roditelj iz svakog odjeljenja. Bira se na po\u010detku \u0161kolske godine, a nakon formiranja \u010dlanovi Vije\u0107a biraju presjednika, zamjenika i zapisni\u010dara. U tabeli ispod mo\u017eete pogledati \u010dlanove Vije\u0107a roditelja za \u0161kolsku 2025\/2026. godinu.<\/p>\n\n\n\n<p class=\"has-background\" style=\"background-color:#f0e6d6;font-size:18px\"><\/p>\n\n\n\n<figure class=\"wp-block-table\"><table class=\"has-fixed-layout\"><tbody><tr><td><strong>Razred<\/strong><\/td><td><strong>Odjeljenje<\/strong><\/td><td><strong>Predstavnik Vije\u0107a roditelja<\/strong> <strong>&nbsp;<\/strong><\/td><\/tr><tr><td>I<\/td><td>1<\/td><td>Ustavdi\u0107 Emir<\/td><\/tr><tr><td>I<\/td><td>2<\/td><td>Matanovi\u0107 Samra<\/td><\/tr><tr><td>I<\/td><td>3<\/td><td>Deli\u0107 Ervin<\/td><\/tr><tr><td>I<\/td><td>4<\/td><td>Ali\u0107 Rabija<\/td><\/tr><tr><td>II<\/td><td>1<\/td><td>\u010civa Amila<\/td><\/tr><tr><td>II<\/td><td>2<\/td><td>Hasanspahi\u0107 Merima<\/td><\/tr><tr><td>II<\/td><td>3<\/td><td>Tihi\u0107 Ismira<\/td><\/tr><tr><td>II<\/td><td>4<\/td><td>Numanovi\u0107 Samira<\/td><\/tr><tr><td>III<\/td><td>1<\/td><td>Ramusovi\u0107 Alden<\/td><\/tr><tr><td>III<\/td><td>2<\/td><td>\u0160egalo Emir<\/td><\/tr><tr><td>III<\/td><td>3<\/td><td>Osmi\u0107 Jasna<\/td><\/tr><tr><td>III<\/td><td>4<\/td><td>Ahmedhod\u017ei\u0107 Elvedina<\/td><\/tr><tr><td>IV<\/td><td>1<\/td><td>Cocali\u0107 \u0160ejla<\/td><\/tr><tr><td>IV<\/td><td>2<\/td><td>Mehanovi\u0107 Ivana<\/td><\/tr><tr><td>IV<\/td><td>3<\/td><td>Bijedi\u0107 Aida<\/td><\/tr><tr><td>IV<\/td><td>4<\/td><td>Hod\u017ei\u0107 Nejra<\/td><\/tr><tr><td>V<\/td><td>1<\/td><td>Hasanovi\u0107 Adnan<\/td><\/tr><tr><td>V<\/td><td>2<\/td><td>Mehi\u0107 Almira<\/td><\/tr><tr><td>V<\/td><td>3<\/td><td>Uzuni\u0107 Selma<\/td><\/tr><tr><td>V<\/td><td>4<\/td><td>Durak Medina<\/td><\/tr><tr><td>VI<\/td><td>1<\/td><td>Gojak-Sa\u010di\u0107 Irma<\/td><\/tr><tr><td>VI<\/td><td>2<\/td><td>Mufti\u0107-Arapovi\u0107 Amela<\/td><\/tr><tr><td>VI<\/td><td>3<\/td><td>Pita Minela<\/td><\/tr><tr><td>VI<\/td><td>4<\/td><td>\u010cengi\u0107 Aj\u0161a<\/td><\/tr><tr><td>VI<\/td><td>5<\/td><td>Memovi\u0107 Anela<\/td><\/tr><tr><td>VII<\/td><td>1<\/td><td>\u017digi\u0107 Merisa<\/td><\/tr><tr><td>VII<\/td><td>2<\/td><td>Gasal Elma<\/td><\/tr><tr><td>VII<\/td><td>3<\/td><td>Alikadi\u0107 Adnan<\/td><\/tr><tr><td>VII<\/td><td>4<\/td><td>Numanovi\u0107 Alma<\/td><\/tr><tr><td>VII<\/td><td>5<\/td><td>Halilagi\u0107 Seida<\/td><\/tr><tr><td>VIII<\/td><td>1<\/td><td>Mrdi\u0107 Almira<\/td><\/tr><tr><td>VIII<\/td><td>2<\/td><td>Zun\u0111a Selma<\/td><\/tr><tr><td>VIII<\/td><td>3<\/td><td>Rid\u017eanovi\u0107 Edita<\/td><\/tr><tr><td>VIII<\/td><td>4<\/td><td>Kuli\u0107 Azra<\/td><\/tr><tr><td>IX<\/td><td>1<\/td><td>Salihovi\u0107 Mirsada<\/td><\/tr><tr><td>IX<\/td><td>2<\/td><td>Smaji\u0107 Almina<\/td><\/tr><tr><td>IX<\/td><td>3<\/td><td>Bubi\u0107 Arnela<\/td><\/tr><tr><td>IX<\/td><td>4<\/td><td>Hamzi\u0107 Amela<\/td><\/tr><\/tbody><\/table><\/figure>\n\n\n\n<p class=\"has-background\" style=\"background-color:#f0e6d6;font-size:18px\"><\/p>\n","protected":false},"excerpt":{"rendered":"<p>Vije\u0107e roditelja je nestrana\u010dko, nevladino i neprofitno udru\u017eenje \u010diji je cilj da kroz saradnju sa&#8230;<\/p>\n","protected":false},"author":1,"featured_media":0,"parent":26,"menu_order":0,"comment_status":"closed","ping_status":"closed","template":"","meta":{"ngg_post_thumbnail":0,"footnotes":""},"class_list":["post-8929","page","type-page","status-publish","hentry"],"_links":{"self":[{"href":"https:\/\/osmp.edu.ba\/index.php?rest_route=\/wp\/v2\/pages\/8929","targetHints":{"allow":["GET"]}}],"collection":[{"href":"https:\/\/osmp.edu.ba\/index.php?rest_route=\/wp\/v2\/pages"}],"about":[{"href":"https:\/\/osmp.edu.ba\/index.php?rest_route=\/wp\/v2\/types\/page"}],"author":[{"embeddable":true,"href":"https:\/\/osmp.edu.ba\/index.php?rest_route=\/wp\/v2\/users\/1"}],"replies":[{"embeddable":true,"href":"https:\/\/osmp.edu.ba\/index.php?rest_route=%2Fwp%2Fv2%2Fcomments&post=8929"}],"version-history":[{"count":6,"href":"https:\/\/osmp.edu.ba\/index.php?rest_route=\/wp\/v2\/pages\/8929\/revisions"}],"predecessor-version":[{"id":13536,"href":"https:\/\/osmp.edu.ba\/index.php?rest_route=\/wp\/v2\/pages\/8929\/revisions\/13536"}],"up":[{"embeddable":true,"href":"https:\/\/osmp.edu.ba\/index.php?rest_route=\/wp\/v2\/pages\/26"}],"wp:attachment":[{"href":"https:\/\/osmp.edu.ba\/index.php?rest_route=%2Fwp%2Fv2%2Fmedia&parent=8929"}],"curies":[{"name":"wp","href":"https:\/\/api.w.org\/{rel}","templated":true}]}}