{"id":9081,"date":"2023-11-27T16:23:11","date_gmt":"2023-11-27T16:23:11","guid":{"rendered":"http:\/\/osmp.edu.ba\/?page_id=9081"},"modified":"2024-05-14T14:39:13","modified_gmt":"2024-05-14T14:39:13","slug":"skola-roditeljstva","status":"publish","type":"page","link":"https:\/\/osmp.edu.ba\/?page_id=9081","title":{"rendered":"\u0160KOLA RODITELJSTVA"},"content":{"rendered":"\n<p style=\"background-color:#f5ebdb;font-size:18px\" class=\"has-background\">Po\u0161tovani roditelji\/staratelji u ovom dijelu stranice mo\u017eete prona\u0107i jako puno korisnih stvari i savjeta koji mogu pomo\u0107i u odgoju va\u0161eg djeteta, shvatanju njegovih potreba i oblikovanja li\u010dnosti koja \u0107e se bez ikakvih problema nositi sa svim \u017eivotnim preprekama.<\/p>\n\n\n\n<p style=\"background-color:#ddedf5\" class=\"has-text-color has-background has-medium-font-size has-very-light-gray-color\"><strong style=\"color:white;font-size:25px;text-shadow: -1px 1px 0 #000, \n                          1px 1px 0 #000, \n                         1px -1px 0 #000, \n                        -1px -1px 0 #000;\">ZA PRED\u0160KOLCE:<\/strong><\/p>\n\n\n\n<p><\/p>\n\n\n\n<b><p style=\"background-color:#f5d3dc\" class=\"has-background\"><a href=\"http:\/\/osmp.edu.ba\/wp-content\/uploads\/2023\/11\/Bro\u0161ura-Roditeljstvo-je-i-\u017eivotni-izazov.pdf\">Bro\u0161ura &#8211; Roditeljstvo je i \u017eivotni izazov<\/a><\/p><\/b>\n\n\n\n<b><p style=\"background-color:#f5d3dc\" class=\"has-background\"><a href=\"http:\/\/osmp.edu.ba\/wp-content\/uploads\/2023\/11\/Bro\u0161ura-Zdrav-po\u010detak-\u017eivota.pdf\">Bro\u0161ura &#8211; Zdrav po\u010detak \u017eivota<\/a><\/p><\/b>\n\n\n\n<b><p style=\"background-color:#f5d3dc\" class=\"has-background\"><a href=\"http:\/\/osmp.edu.ba\/wp-content\/uploads\/2023\/11\/\u0160kola-roditeljstva-pred\u0161kolci.pdf\">\u0160kola roditeljstva &#8211; pred\u0161kolci<\/a><\/p><\/b>\n\n\n\n<b><p style=\"background-color:#f5d3dc\" class=\"has-background\"><a href=\"http:\/\/osmp.edu.ba\/wp-content\/uploads\/2023\/11\/Bro\u0161ura-Naj\u010de\u0161\u0107e-pogre\u0161ke-roditelja-u-odgoju.pdf\">Bro\u0161ura &#8211; Naj\u010de\u0161\u0107e pogre\u0161ke roditelja u odgoju<\/a><\/p><\/b>\n\n\n\n<p><\/p>\n\n\n\n<div class=\"wp-block-image\"><figure class=\"aligncenter is-resized\"><img fetchpriority=\"high\" decoding=\"async\" src=\"http:\/\/osmp.edu.ba\/wp-content\/uploads\/2023\/11\/TITLE-633x1024.jpg\" alt=\"\" class=\"wp-image-9098\" width=\"475\" height=\"768\" srcset=\"https:\/\/osmp.edu.ba\/wp-content\/uploads\/2023\/11\/TITLE-633x1024.jpg 633w, https:\/\/osmp.edu.ba\/wp-content\/uploads\/2023\/11\/TITLE-185x300.jpg 185w, https:\/\/osmp.edu.ba\/wp-content\/uploads\/2023\/11\/TITLE-768x1243.jpg 768w, https:\/\/osmp.edu.ba\/wp-content\/uploads\/2023\/11\/TITLE-1024x1657.jpg 1024w, https:\/\/osmp.edu.ba\/wp-content\/uploads\/2023\/11\/TITLE.jpg 1074w\" sizes=\"(max-width: 475px) 100vw, 475px\" \/><figcaption style=\"background-color:#d5edf7\"><strong>FOTO: 10 zlatnih savjeta roditeljima (https:\/\/mo.ks.gov.ba\/)<\/strong><\/figcaption><\/figure><\/div>\n\n\n\n<p><\/p>\n\n\n\n<div class=\"wp-block-image\"><figure class=\"aligncenter is-resized\"><img decoding=\"async\" src=\"http:\/\/osmp.edu.ba\/wp-content\/uploads\/2023\/11\/TITLE2-633x1024.jpg\" alt=\"\" class=\"wp-image-9100\" width=\"475\" height=\"768\" srcset=\"https:\/\/osmp.edu.ba\/wp-content\/uploads\/2023\/11\/TITLE2-633x1024.jpg 633w, https:\/\/osmp.edu.ba\/wp-content\/uploads\/2023\/11\/TITLE2-185x300.jpg 185w, https:\/\/osmp.edu.ba\/wp-content\/uploads\/2023\/11\/TITLE2-768x1243.jpg 768w, https:\/\/osmp.edu.ba\/wp-content\/uploads\/2023\/11\/TITLE2-1024x1657.jpg 1024w, https:\/\/osmp.edu.ba\/wp-content\/uploads\/2023\/11\/TITLE2.jpg 1074w\" sizes=\"(max-width: 475px) 100vw, 475px\" \/><figcaption style=\"background-color:#d5edf7\"><strong>FOTO: Samopo\u0161tovanje (https:\/\/mo.ks.gov.ba\/)<\/strong><\/figcaption><\/figure><\/div>\n\n\n\n<div class=\"wp-block-image\"><figure class=\"aligncenter is-resized\"><img decoding=\"async\" src=\"http:\/\/osmp.edu.ba\/wp-content\/uploads\/2023\/11\/TITLE3-633x1024.jpg\" alt=\"\" class=\"wp-image-9101\" width=\"475\" height=\"768\" srcset=\"https:\/\/osmp.edu.ba\/wp-content\/uploads\/2023\/11\/TITLE3-633x1024.jpg 633w, https:\/\/osmp.edu.ba\/wp-content\/uploads\/2023\/11\/TITLE3-185x300.jpg 185w, https:\/\/osmp.edu.ba\/wp-content\/uploads\/2023\/11\/TITLE3-768x1243.jpg 768w, https:\/\/osmp.edu.ba\/wp-content\/uploads\/2023\/11\/TITLE3-1024x1657.jpg 1024w, https:\/\/osmp.edu.ba\/wp-content\/uploads\/2023\/11\/TITLE3.jpg 1074w\" sizes=\"(max-width: 475px) 100vw, 475px\" \/><figcaption style=\"background-color:#d5edf7\"><strong>FOTO: Samoprihva\u0107anje (https:\/\/mo.ks.gov.ba\/)<\/strong><\/figcaption><\/figure><\/div>\n\n\n\n<p><\/p>\n\n\n\n<p style=\"background-color:#dbe8d2\" class=\"has-text-color has-background has-medium-font-size has-very-light-gray-color\"><strong style=\"color:white;font-size:25px;text-shadow: -1px 1px 0 #000, \n                          1px 1px 0 #000, \n                         1px -1px 0 #000, \n                        -1px -1px 0 #000;\">ZA OSNOVCE:<\/strong><\/p>\n\n\n\n<b><p style=\"background-color:#d5edf7\" class=\"has-background\"><a href=\"http:\/\/osmp.edu.ba\/wp-content\/uploads\/2023\/11\/Bro\u0161ura-Za\u0161tita-djece-od-bolesti.pdf\">Bro\u0161ura &#8211; Za\u0161tita djece od bolesti<\/a><\/p><\/b>\n\n\n\n<b><p style=\"background-color:#d5edf7\" class=\"has-background\"><a href=\"http:\/\/osmp.edu.ba\/wp-content\/uploads\/2023\/11\/\u0160kola-roditeljstva-osnovci.pdf\">\u0160kola roditeljstva &#8211; osnovci<\/a><\/p><\/b>\n\n\n\n<b><p style=\"background-color:#d5edf7\" class=\"has-background\"><a href=\"http:\/\/osmp.edu.ba\/wp-content\/uploads\/2023\/11\/Bro\u0161ura-Zajednicke-aktivnosti-roditelja-i-djece.pdf\">Bro\u0161ura &#8211; Zajednicke aktivnosti roditelja i djece<\/a><\/p><\/b>\n\n\n\n<b><p style=\"background-color:#d5edf7\" class=\"has-background\"><a href=\"http:\/\/osmp.edu.ba\/wp-content\/uploads\/2023\/11\/\u0160kola-roditeljstva-zdravstvo.pdf\">\u0160kola roditeljstva &#8211; zdravstvo<\/a><\/p><\/b>\n\n\n\n<p><\/p>\n\n\n\n<div class=\"wp-block-image\"><figure class=\"aligncenter is-resized\"><img loading=\"lazy\" decoding=\"async\" src=\"http:\/\/osmp.edu.ba\/wp-content\/uploads\/2023\/11\/TITLE4-633x1024.jpg\" alt=\"\" class=\"wp-image-9102\" width=\"475\" height=\"768\" srcset=\"https:\/\/osmp.edu.ba\/wp-content\/uploads\/2023\/11\/TITLE4-633x1024.jpg 633w, https:\/\/osmp.edu.ba\/wp-content\/uploads\/2023\/11\/TITLE4-185x300.jpg 185w, https:\/\/osmp.edu.ba\/wp-content\/uploads\/2023\/11\/TITLE4-768x1243.jpg 768w, https:\/\/osmp.edu.ba\/wp-content\/uploads\/2023\/11\/TITLE4-1024x1657.jpg 1024w, https:\/\/osmp.edu.ba\/wp-content\/uploads\/2023\/11\/TITLE4.jpg 1074w\" sizes=\"(max-width: 475px) 100vw, 475px\" \/><figcaption style=\"background-color:#d5edf7\"><strong>FOTO: Kako komunicirati sa djetetom? (https:\/\/mo.ks.gov.ba\/)<\/strong><\/figcaption><\/figure><\/div>\n\n\n\n<div class=\"wp-block-image\"><figure class=\"aligncenter is-resized\"><img loading=\"lazy\" decoding=\"async\" src=\"http:\/\/osmp.edu.ba\/wp-content\/uploads\/2023\/11\/TITL5-641x1024.jpg\" alt=\"\" class=\"wp-image-9103\" width=\"481\" height=\"768\" srcset=\"https:\/\/osmp.edu.ba\/wp-content\/uploads\/2023\/11\/TITL5-641x1024.jpg 641w, https:\/\/osmp.edu.ba\/wp-content\/uploads\/2023\/11\/TITL5-188x300.jpg 188w, https:\/\/osmp.edu.ba\/wp-content\/uploads\/2023\/11\/TITL5-768x1226.jpg 768w, https:\/\/osmp.edu.ba\/wp-content\/uploads\/2023\/11\/TITL5-1024x1635.jpg 1024w, https:\/\/osmp.edu.ba\/wp-content\/uploads\/2023\/11\/TITL5.jpg 1074w\" sizes=\"(max-width: 481px) 100vw, 481px\" \/><figcaption style=\"background-color:#d5edf7\"><strong>FOTO: Kako roditelji mogu pomo\u0107i djetetu da se lak\u0161e nose sa \u0161kolskim obavezama? (https:\/\/mo.ks.gov.ba\/)<\/strong><\/figcaption><\/figure><\/div>\n\n\n\n<p style=\"background-color:#f7cfcc;font-size:18px\" class=\"has-text-color has-background has-very-dark-gray-color\"> Za\u00a0<strong>detaljniji pregled<\/strong> slika dovoljno je samo kliknuti desni klik na sliku i odabrati prvu opciju s vrha (<strong>Otvori sliku u novoj kartici<\/strong>\/<strong>Open image in new tab<\/strong>).\u00a0 <\/p>\n\n\n\n<figure class=\"wp-block-embed aligncenter is-type-rich is-provider-ju-os-quot-mirsad-prnjavorac-quot-vogosca\"><div class=\"wp-block-embed__wrapper\">\n<blockquote class=\"wp-embedded-content\" data-secret=\"hCEnZM8Oaf\"><a href=\"http:\/\/osmp.edu.ba\/?p=11498\">\u0160KOLA RODITELJSTVA: ODR\u017dANA RADIONICA NA TEMU &#8220;PSIHOLO\u0160KE POTREBE U\u010cENIKA&#8221;<\/a><\/blockquote><iframe class=\"wp-embedded-content\" sandbox=\"allow-scripts\" security=\"restricted\" style=\"position: absolute; visibility: hidden;\" title=\"&#8220;\u0160KOLA RODITELJSTVA: ODR\u017dANA RADIONICA NA TEMU &#8220;PSIHOLO\u0160KE POTREBE U\u010cENIKA&#8221;&#8221; &#8212; JU O\u0160 &quot;Mirsad Prnjavorac&quot; Vogo\u0161\u0107a\" src=\"http:\/\/osmp.edu.ba\/?p=11498&#038;embed=true#?secret=eHkkFOZvoM#?secret=hCEnZM8Oaf\" data-secret=\"hCEnZM8Oaf\" width=\"600\" height=\"338\" frameborder=\"0\" marginwidth=\"0\" marginheight=\"0\" scrolling=\"no\"><\/iframe>\n<\/div><\/figure>\n\n\n\n<figure class=\"wp-block-embed aligncenter is-type-rich is-provider-ju-os-quot-mirsad-prnjavorac-quot-vogosca\"><div class=\"wp-block-embed__wrapper\">\n<blockquote class=\"wp-embedded-content\" data-secret=\"Mh18c0lVoo\"><a href=\"http:\/\/osmp.edu.ba\/?p=11345\">\u0160KOLA RODITELJSTVA: ODR\u017dANA EDUKATIVNA RADIONICA ZA RODITELJE &#8220;MOJ ELEMENT&#8221;<\/a><\/blockquote><iframe class=\"wp-embedded-content\" sandbox=\"allow-scripts\" security=\"restricted\" style=\"position: absolute; visibility: hidden;\" title=\"&#8220;\u0160KOLA RODITELJSTVA: ODR\u017dANA EDUKATIVNA RADIONICA ZA RODITELJE &#8220;MOJ ELEMENT&#8221;&#8221; &#8212; JU O\u0160 &quot;Mirsad Prnjavorac&quot; Vogo\u0161\u0107a\" src=\"http:\/\/osmp.edu.ba\/?p=11345&#038;embed=true#?secret=XAH3Z17SKM#?secret=Mh18c0lVoo\" data-secret=\"Mh18c0lVoo\" width=\"600\" height=\"338\" frameborder=\"0\" marginwidth=\"0\" marginheight=\"0\" scrolling=\"no\"><\/iframe>\n<\/div><\/figure>\n\n\n\n<figure class=\"wp-block-embed aligncenter is-type-rich is-provider-ju-os-quot-mirsad-prnjavorac-quot-vogosca\"><div class=\"wp-block-embed__wrapper\">\n<blockquote class=\"wp-embedded-content\" data-secret=\"8AR6lbqP6Q\"><a href=\"http:\/\/osmp.edu.ba\/?p=9940\">PROJEKAT &#8220;\u0160KOLA RODITELJSTVA&#8221; ZA RODITELJE U\u010cENIKA OD I DO VI RAZREDA<\/a><\/blockquote><iframe class=\"wp-embedded-content\" sandbox=\"allow-scripts\" security=\"restricted\" style=\"position: absolute; visibility: hidden;\" title=\"&#8220;PROJEKAT &#8220;\u0160KOLA RODITELJSTVA&#8221; ZA RODITELJE U\u010cENIKA OD I DO VI RAZREDA&#8221; &#8212; JU O\u0160 &quot;Mirsad Prnjavorac&quot; Vogo\u0161\u0107a\" src=\"http:\/\/osmp.edu.ba\/?p=9940&#038;embed=true#?secret=9C9yForKS8#?secret=8AR6lbqP6Q\" data-secret=\"8AR6lbqP6Q\" width=\"600\" height=\"338\" frameborder=\"0\" marginwidth=\"0\" marginheight=\"0\" scrolling=\"no\"><\/iframe>\n<\/div><\/figure>\n\n\n\n<figure class=\"wp-block-embed aligncenter is-type-rich is-provider-ju-os-quot-mirsad-prnjavorac-quot-vogosca\"><div class=\"wp-block-embed__wrapper\">\n<blockquote class=\"wp-embedded-content\" data-secret=\"eD5h4w6ese\"><a href=\"http:\/\/osmp.edu.ba\/?p=9438\">ODR\u017dANA PRVA EDUKACIJA ZA RODITELJE U SKLOPU PROJEKTA &#8220;\u0160KOLA RODITELJSTVA&#8221;<\/a><\/blockquote><iframe class=\"wp-embedded-content\" sandbox=\"allow-scripts\" security=\"restricted\" style=\"position: absolute; visibility: hidden;\" title=\"&#8220;ODR\u017dANA PRVA EDUKACIJA ZA RODITELJE U SKLOPU PROJEKTA &#8220;\u0160KOLA RODITELJSTVA&#8221;&#8221; &#8212; JU O\u0160 &quot;Mirsad Prnjavorac&quot; Vogo\u0161\u0107a\" src=\"http:\/\/osmp.edu.ba\/?p=9438&#038;embed=true#?secret=fV21RtUEjl#?secret=eD5h4w6ese\" data-secret=\"eD5h4w6ese\" width=\"600\" height=\"338\" frameborder=\"0\" marginwidth=\"0\" marginheight=\"0\" scrolling=\"no\"><\/iframe>\n<\/div><\/figure>\n","protected":false},"excerpt":{"rendered":"<p>Po\u0161tovani roditelji\/staratelji u ovom dijelu stranice mo\u017eete prona\u0107i jako puno korisnih stvari i savjeta koji&#8230;<\/p>\n","protected":false},"author":1,"featured_media":0,"parent":26,"menu_order":0,"comment_status":"closed","ping_status":"closed","template":"","meta":{"ngg_post_thumbnail":0,"footnotes":""},"class_list":["post-9081","page","type-page","status-publish","hentry"],"_links":{"self":[{"href":"https:\/\/osmp.edu.ba\/index.php?rest_route=\/wp\/v2\/pages\/9081","targetHints":{"allow":["GET"]}}],"collection":[{"href":"https:\/\/osmp.edu.ba\/index.php?rest_route=\/wp\/v2\/pages"}],"about":[{"href":"https:\/\/osmp.edu.ba\/index.php?rest_route=\/wp\/v2\/types\/page"}],"author":[{"embeddable":true,"href":"https:\/\/osmp.edu.ba\/index.php?rest_route=\/wp\/v2\/users\/1"}],"replies":[{"embeddable":true,"href":"https:\/\/osmp.edu.ba\/index.php?rest_route=%2Fwp%2Fv2%2Fcomments&post=9081"}],"version-history":[{"count":21,"href":"https:\/\/osmp.edu.ba\/index.php?rest_route=\/wp\/v2\/pages\/9081\/revisions"}],"predecessor-version":[{"id":11548,"href":"https:\/\/osmp.edu.ba\/index.php?rest_route=\/wp\/v2\/pages\/9081\/revisions\/11548"}],"up":[{"embeddable":true,"href":"https:\/\/osmp.edu.ba\/index.php?rest_route=\/wp\/v2\/pages\/26"}],"wp:attachment":[{"href":"https:\/\/osmp.edu.ba\/index.php?rest_route=%2Fwp%2Fv2%2Fmedia&parent=9081"}],"curies":[{"name":"wp","href":"https:\/\/api.w.org\/{rel}","templated":true}]}}