{"id":9511,"date":"2024-01-05T15:09:34","date_gmt":"2024-01-05T15:09:34","guid":{"rendered":"http:\/\/osmp.edu.ba\/?page_id=9511"},"modified":"2025-03-12T19:07:21","modified_gmt":"2025-03-12T19:07:21","slug":"skolski-odbor","status":"publish","type":"page","link":"https:\/\/osmp.edu.ba\/?page_id=9511","title":{"rendered":"\u0160KOLSKI ODBOR"},"content":{"rendered":"\n<figure class=\"wp-block-image\"><img fetchpriority=\"high\" decoding=\"async\" width=\"2264\" height=\"410\" src=\"http:\/\/osmp.edu.ba\/wp-content\/uploads\/2024\/02\/sk_odbor_Web.jpg\" alt=\"\" class=\"wp-image-9809\" srcset=\"https:\/\/osmp.edu.ba\/wp-content\/uploads\/2024\/02\/sk_odbor_Web.jpg 2264w, https:\/\/osmp.edu.ba\/wp-content\/uploads\/2024\/02\/sk_odbor_Web-300x54.jpg 300w, https:\/\/osmp.edu.ba\/wp-content\/uploads\/2024\/02\/sk_odbor_Web-768x139.jpg 768w, https:\/\/osmp.edu.ba\/wp-content\/uploads\/2024\/02\/sk_odbor_Web-1024x185.jpg 1024w\" sizes=\"(max-width: 2264px) 100vw, 2264px\" \/><\/figure>\n\n\n\n<p style=\"background-color:#d6e6ec\" class=\"has-background has-medium-font-size\"><strong><b style=\"color:red\">\u0160kolski odbor<\/b><\/em><\/strong> je organ upravljanja \u0161kole i broji \u010detiri \u010dlana (<strong>1<\/strong> predstavnik kojeg imenuje <strong>Ministarstvo za odgoj i obrazovanje Kantona Sarajevo, 1<\/strong> predstavnik iz reda roditelja, <strong>1<\/strong> predstavnik op\u0107ine  i <strong>1<\/strong> predstavnik  <strong>radnika \u0161kole<\/strong>.  <br>\u0160kolski odbor osigurava djelotvorno i efikasno kori\u0161tenje svih resursa \u0161kole. <\/p>\n\n\n\n<details style=\" border:1px; border-style:solid; border-color:#1fbede;      background-color:#d6e6ec\" class=\"has-background has-medium-font-size\">\n  <summary style=\"text-align:center\">\n   <img decoding=\"async\" height=\"30px\" width=\"30px\" src=\"http:\/\/osmp.edu.ba\/wp-content\/uploads\/2024\/02\/icons8-drop-down.gif\"> Nadle\u017enosti \u0160kolskog odbora \u0161kole su:\n<img decoding=\"async\" height=\"30px\" width=\"30px\" src=\"http:\/\/osmp.edu.ba\/wp-content\/uploads\/2024\/02\/icons8-drop-down.gif\">\n    <span class=\"icon\"><\/span>\n  <\/summary>\n  <p style=\"background-color:#faf0e8\">\n\n\u2689 Dono\u0161enje pravila \u0161kole<br>\n\u2689 Imenovanje i razrje\u0161avanje direktora<br>\n\u2689 Vr\u0161enje izbora pomo\u0107nika direktora<br>\n\u2689 Objavljivanje konkursa za izbor nastavnika i stru\u010dnih saradnika, te imenoanje komisije za izbor uposlenika \u0161kole<br>\n\u2689 Odlu\u010divanje o \u017ealbama po konkursu  i prestanku prava nastavnika  i stru\u010dnih saradnika za daljnji odgojno-obrazovni proces<br>\n\u2689 Usvajanje Godi\u0161nji program rada \u0161kole<br>\n\u2689 Dono\u0161enje finansijskog plana i usvajanje godi\u0161nji obra\u010duna<br>\n\u2689 Usmjeravanje, kontroliranje i ocjenjivanje rada direktora<br>\n\u2689 Pra\u0107enje uspjeha u\u010denika i preduzimanje mjere za  pobolj\u0161anje odgojno-obrazovnog rada<br>\n\u2689 Dono\u0161enje svog programa rada, a Izvje\u0161taj o svom radu podnosi  Ministarstvu<br>\n\u2689 Obavljanje drugih poslova u skladu sa zakonom i pravilima \u0161kole\n  <\/p>\n<\/details><br>\n\n\n\n<p style=\"background-color:#d6e6ec;font-size:20px\" class=\"has-background\"><b style=\"color:red\">\u010clanovi \u0160kolskog odbora na\u0161e \u0161kole su:<\/b><br><b>1. Melis Zun\u0111a<\/b>, \u010dlan \u0160kolskog odbora &#8211; predstavnik roditelja<br><b>2. Aldijana Hamza<\/b>, \u010dlan \u0160kolskog odbora &#8211; predstavnik op\u0107ine Vogo\u0161\u0107a<br><b>3. Elvira Roka<\/b>, \u010dlan \u0160kolskog odbora &#8211; predstavnik radnika \u0161kole<\/p>\n\n\n\n<hr style=\"height:4px; background-color:#1fbede\">\n\n\n\n<p style=\"background-color:#d6e6ec;text-align:center\" class=\"has-text-color has-background has-medium-font-size has-very-light-gray-color\"><strong style=\"color:white;font-size:25px;text-shadow: -1px 1px 0 #000, \n                          1px 1px 0 #000, \n                         1px -1px 0 #000, \n                        -1px -1px 0 #000;\">DOKUMENTI &#8211; \u0160KOLSKI ODBOR: <\/strong><\/p>\n\n\n\n<p style=\"font-size:18px\" class=\"has-background has-luminous-vivid-amber-background-color\"><a href=\"http:\/\/osmp.edu.ba\/wp-content\/uploads\/2024\/01\/Odluka-o-usvajanju-GPR%C5%A0-a.pdf\">Odluka o usvajanju GPR\u0160-a\ufeff<\/a><\/p>\n","protected":false},"excerpt":{"rendered":"<p>\u0160kolski odbor je organ upravljanja \u0161kole i broji \u010detiri \u010dlana (1 predstavnik kojeg imenuje Ministarstvo&#8230;<\/p>\n","protected":false},"author":1,"featured_media":0,"parent":77,"menu_order":6,"comment_status":"closed","ping_status":"closed","template":"","meta":{"ngg_post_thumbnail":0,"footnotes":""},"class_list":["post-9511","page","type-page","status-publish","hentry"],"_links":{"self":[{"href":"https:\/\/osmp.edu.ba\/index.php?rest_route=\/wp\/v2\/pages\/9511","targetHints":{"allow":["GET"]}}],"collection":[{"href":"https:\/\/osmp.edu.ba\/index.php?rest_route=\/wp\/v2\/pages"}],"about":[{"href":"https:\/\/osmp.edu.ba\/index.php?rest_route=\/wp\/v2\/types\/page"}],"author":[{"embeddable":true,"href":"https:\/\/osmp.edu.ba\/index.php?rest_route=\/wp\/v2\/users\/1"}],"replies":[{"embeddable":true,"href":"https:\/\/osmp.edu.ba\/index.php?rest_route=%2Fwp%2Fv2%2Fcomments&post=9511"}],"version-history":[{"count":64,"href":"https:\/\/osmp.edu.ba\/index.php?rest_route=\/wp\/v2\/pages\/9511\/revisions"}],"predecessor-version":[{"id":12730,"href":"https:\/\/osmp.edu.ba\/index.php?rest_route=\/wp\/v2\/pages\/9511\/revisions\/12730"}],"up":[{"embeddable":true,"href":"https:\/\/osmp.edu.ba\/index.php?rest_route=\/wp\/v2\/pages\/77"}],"wp:attachment":[{"href":"https:\/\/osmp.edu.ba\/index.php?rest_route=%2Fwp%2Fv2%2Fmedia&parent=9511"}],"curies":[{"name":"wp","href":"https:\/\/api.w.org\/{rel}","templated":true}]}}