{"id":9513,"date":"2024-01-05T15:12:52","date_gmt":"2024-01-05T15:12:52","guid":{"rendered":"http:\/\/osmp.edu.ba\/?page_id=9513"},"modified":"2024-02-07T14:37:44","modified_gmt":"2024-02-07T14:37:44","slug":"nastavnicko-vijece","status":"publish","type":"page","link":"https:\/\/osmp.edu.ba\/?page_id=9513","title":{"rendered":"NASTAVNI\u010cKO VIJE\u0106E"},"content":{"rendered":"\n<figure class=\"wp-block-image\"><img fetchpriority=\"high\" decoding=\"async\" width=\"1024\" height=\"185\" src=\"http:\/\/osmp.edu.ba\/wp-content\/uploads\/2024\/02\/nastav_vije_banner-1024x185.jpg\" alt=\"\" class=\"wp-image-9843\" srcset=\"https:\/\/osmp.edu.ba\/wp-content\/uploads\/2024\/02\/nastav_vije_banner-1024x185.jpg 1024w, https:\/\/osmp.edu.ba\/wp-content\/uploads\/2024\/02\/nastav_vije_banner-300x54.jpg 300w, https:\/\/osmp.edu.ba\/wp-content\/uploads\/2024\/02\/nastav_vije_banner-768x139.jpg 768w\" sizes=\"(max-width: 1024px) 100vw, 1024px\" \/><\/figure>\n\n\n\n<p style=\"background-color:#d6e6ec\" class=\"has-background has-medium-font-size\"><b style=\"color:red\">Nastavni\u010dko vije\u0107e<\/b> predstavlja stru\u010dni organ \u0161kole. Sa\u010dinjavaju ga svi nastavnici i stru\u010dni saradnici (pedagog, psiholog i socijalni radnik). Direktor \u0161kole je osoba koja rukovodi Nastavni\u010dkim vije\u0107em.<\/p>\n\n\n\n<details style=\" border:1px; border-style:solid; border-color:#1fbede;      background-color:#d6e6ec\" class=\"has-background has-medium-font-size\">\n  <summary style=\"text-align:center\">\n   <img decoding=\"async\" height=\"30px\" width=\"30px\" src=\"http:\/\/osmp.edu.ba\/wp-content\/uploads\/2024\/02\/icons8-drop-down.gif\"> Nadle\u017enosti Nastavni\u010dkog vije\u0107a \u0161kole su:\n<img decoding=\"async\" height=\"30px\" width=\"30px\" src=\"http:\/\/osmp.edu.ba\/wp-content\/uploads\/2024\/02\/icons8-drop-down.gif\">\n    <span class=\"icon\"><\/span>\n  <\/summary>\n  <p style=\"background-color:#faf0e8\">\n\u2689 Utvr\u0111ivanje prijedloga Godi\u0161njeg programa rada \u0161kole<br>\n\u2689 Dono\u0161enje odluka o organizaciji odgojno-obrazovnog rada<br>\n\u2689 Pra\u0107enje ostvarivanja NPP i podno\u0161enje izvje\u0161taja \u0160kolskom odboru<br>\n\u2689 Osvrtanje na postignu\u0107a u\u010denika kao i kontinuitet ocjenjivanja<br>\n\u2689 Izbor razrednika<br>\n\u2689 Analiziranje uspjeha u\u010denika i rada Odjeljenskog vije\u0107a<br>\n\u2689 Analiziranje rada nastavnika i stru\u010dnih saradnika<br>\n\u2689 Imenovanje komisije za polaganje ispita<br>\n\u2689 Razmatranje odgovaraju\u0107ih disciplinskih mjera\n\n  <\/p>\n<\/details><br>\n\n\n\n<p style=\"background-color:#d6e6ec;text-align:center\" class=\"has-text-color has-background has-medium-font-size has-very-light-gray-color\"><strong style=\"color:white;font-size:25px;text-shadow: -1px 1px 0 #000, \n                          1px 1px 0 #000, \n                         1px -1px 0 #000, \n                        -1px -1px 0 #000;\">DOKUMENTI &#8211; NASTAVNI\u010cKO VIJE\u0106E: <\/strong><\/p>\n\n\n\n<p class=\"has-background has-luminous-vivid-amber-background-color\"><a href=\"http:\/\/osmp.edu.ba\/wp-content\/uploads\/2024\/01\/Odluka-o-usvajanju-prijedloga-GPR\u0160-a.pdf\">Odluka o usvajanju prijedloga GPR\u0160-a<\/a><\/p>\n","protected":false},"excerpt":{"rendered":"<p>Nastavni\u010dko vije\u0107e predstavlja stru\u010dni organ \u0161kole. Sa\u010dinjavaju ga svi nastavnici i stru\u010dni saradnici (pedagog, psiholog&#8230;<\/p>\n","protected":false},"author":1,"featured_media":0,"parent":77,"menu_order":7,"comment_status":"closed","ping_status":"closed","template":"","meta":{"ngg_post_thumbnail":0,"footnotes":""},"class_list":["post-9513","page","type-page","status-publish","hentry"],"_links":{"self":[{"href":"https:\/\/osmp.edu.ba\/index.php?rest_route=\/wp\/v2\/pages\/9513","targetHints":{"allow":["GET"]}}],"collection":[{"href":"https:\/\/osmp.edu.ba\/index.php?rest_route=\/wp\/v2\/pages"}],"about":[{"href":"https:\/\/osmp.edu.ba\/index.php?rest_route=\/wp\/v2\/types\/page"}],"author":[{"embeddable":true,"href":"https:\/\/osmp.edu.ba\/index.php?rest_route=\/wp\/v2\/users\/1"}],"replies":[{"embeddable":true,"href":"https:\/\/osmp.edu.ba\/index.php?rest_route=%2Fwp%2Fv2%2Fcomments&post=9513"}],"version-history":[{"count":6,"href":"https:\/\/osmp.edu.ba\/index.php?rest_route=\/wp\/v2\/pages\/9513\/revisions"}],"predecessor-version":[{"id":9854,"href":"https:\/\/osmp.edu.ba\/index.php?rest_route=\/wp\/v2\/pages\/9513\/revisions\/9854"}],"up":[{"embeddable":true,"href":"https:\/\/osmp.edu.ba\/index.php?rest_route=\/wp\/v2\/pages\/77"}],"wp:attachment":[{"href":"https:\/\/osmp.edu.ba\/index.php?rest_route=%2Fwp%2Fv2%2Fmedia&parent=9513"}],"curies":[{"name":"wp","href":"https:\/\/api.w.org\/{rel}","templated":true}]}}