{"id":9515,"date":"2024-01-05T15:14:22","date_gmt":"2024-01-05T15:14:22","guid":{"rendered":"http:\/\/osmp.edu.ba\/?page_id=9515"},"modified":"2024-12-26T14:09:01","modified_gmt":"2024-12-26T14:09:01","slug":"konkursi","status":"publish","type":"page","link":"https:\/\/osmp.edu.ba\/?page_id=9515","title":{"rendered":"KONKURSI"},"content":{"rendered":"\n<figure class=\"wp-block-image\"><img fetchpriority=\"high\" decoding=\"async\" width=\"2264\" height=\"410\" src=\"http:\/\/osmp.edu.ba\/wp-content\/uploads\/2024\/02\/KONKURSI_HEADER.jpg\" alt=\"\" class=\"wp-image-9856\" srcset=\"https:\/\/osmp.edu.ba\/wp-content\/uploads\/2024\/02\/KONKURSI_HEADER.jpg 2264w, https:\/\/osmp.edu.ba\/wp-content\/uploads\/2024\/02\/KONKURSI_HEADER-300x54.jpg 300w, https:\/\/osmp.edu.ba\/wp-content\/uploads\/2024\/02\/KONKURSI_HEADER-768x139.jpg 768w, https:\/\/osmp.edu.ba\/wp-content\/uploads\/2024\/02\/KONKURSI_HEADER-1024x185.jpg 1024w\" sizes=\"(max-width: 2264px) 100vw, 2264px\" \/><\/figure>\n\n\n\n<p style=\"background-color:#f1e8e3\" class=\"has-background has-medium-font-size\">Na ovom odjeljku stranice mo\u017eete prona\u0107i sve o najaktuelnijim <strong>konkursima<\/strong> i <strong>bodovnim rang listama<\/strong> vezanim za iste. Ukoliko do\u0111e do bilo kakvih izmjena konkursa, rang listi to tako\u0111er mo\u017eete prona\u0107i u ovom odjeljku. <strong>Sve konkurse<\/strong> i rang liste mo\u017eete prona\u0107i klikom na tag <strong><a href=\"http:\/\/osmp.edu.ba\/?cat=10\">Konkursi<\/a><\/strong> u podno\u017eju stranice, ili klikom na <a href=\"http:\/\/osmp.edu.ba\/?cat=10\">link<\/a>.<\/p>\n\n\n\n<p style=\"background-color:#e9e1cf\" class=\"has-background\"> Sve konkurse i rang liste mo\u017eete prona\u0107i klikom na tag <strong><a href=\"http:\/\/osmp.edu.ba\/?cat=10\">Konkursi<\/a><\/strong> u podno\u017eju stranice, ili klikom na <a href=\"http:\/\/osmp.edu.ba\/?cat=10\">link<\/a>.<\/p>\n\n\n\n<p style=\"background-color:#f1e8e3\" class=\"has-background has-medium-font-size\">Neki od posljednjih objavljenih konkursa:<\/p>\n\n\n\n<figure class=\"wp-block-embed aligncenter is-type-rich is-provider-ju-os-quot-mirsad-prnjavorac-quot-vogosca\"><div class=\"wp-block-embed__wrapper\">\n<blockquote class=\"wp-embedded-content\" data-secret=\"YKTx7HNkxy\"><a href=\"http:\/\/osmp.edu.ba\/?p=12391\">JAVNI OGLAS &#8211; \u0160KOLSKI ODBOR<\/a><\/blockquote><iframe class=\"wp-embedded-content\" sandbox=\"allow-scripts\" security=\"restricted\" style=\"position: absolute; visibility: hidden;\" title=\"&#8220;JAVNI OGLAS &#8211; \u0160KOLSKI ODBOR&#8221; &#8212; JU O\u0160 &quot;Mirsad Prnjavorac&quot; Vogo\u0161\u0107a\" src=\"http:\/\/osmp.edu.ba\/?p=12391&#038;embed=true#?secret=Eur0yhvrTr#?secret=YKTx7HNkxy\" data-secret=\"YKTx7HNkxy\" width=\"600\" height=\"338\" frameborder=\"0\" marginwidth=\"0\" marginheight=\"0\" scrolling=\"no\"><\/iframe>\n<\/div><\/figure>\n\n\n\n<figure class=\"wp-block-embed aligncenter is-type-rich is-provider-ju-os-quot-mirsad-prnjavorac-quot-vogosca\"><div class=\"wp-block-embed__wrapper\">\n<blockquote class=\"wp-embedded-content\" data-secret=\"FmLc6By3vB\"><a href=\"http:\/\/osmp.edu.ba\/?p=12358\">TEKST JAVNOG KONKURSA ZA POPUNU UPRA\u017dNJENIH RADNIH MJESTA &#8211; \u0160KOLSKE 2024\/2025. GODINA<\/a><\/blockquote><iframe class=\"wp-embedded-content\" sandbox=\"allow-scripts\" security=\"restricted\" style=\"position: absolute; visibility: hidden;\" title=\"&#8220;TEKST JAVNOG KONKURSA ZA POPUNU UPRA\u017dNJENIH RADNIH MJESTA &#8211; \u0160KOLSKE 2024\/2025. GODINA&#8221; &#8212; JU O\u0160 &quot;Mirsad Prnjavorac&quot; Vogo\u0161\u0107a\" src=\"http:\/\/osmp.edu.ba\/?p=12358&#038;embed=true#?secret=Xk5nS4hn9Z#?secret=FmLc6By3vB\" data-secret=\"FmLc6By3vB\" width=\"600\" height=\"338\" frameborder=\"0\" marginwidth=\"0\" marginheight=\"0\" scrolling=\"no\"><\/iframe>\n<\/div><\/figure>\n\n\n\n<figure class=\"wp-block-embed aligncenter is-type-rich is-provider-ju-os-quot-mirsad-prnjavorac-quot-vogosca\"><div class=\"wp-block-embed__wrapper\">\n<blockquote class=\"wp-embedded-content\" data-secret=\"iqeSGXeYVA\"><a href=\"http:\/\/osmp.edu.ba\/?p=12355\">JAVNI KONKURS ZA IZBOR DIREKTORA\/DIREKTORICE JU O\u0160 \u201eMIRSAD PRNJAVORAC\u201c VOGO\u0160\u0106A ZA MANDAT OD 2025. DO 2029. GODINE<\/a><\/blockquote><iframe class=\"wp-embedded-content\" sandbox=\"allow-scripts\" security=\"restricted\" style=\"position: absolute; visibility: hidden;\" title=\"&#8220;JAVNI KONKURS ZA IZBOR DIREKTORA\/DIREKTORICE JU O\u0160 \u201eMIRSAD PRNJAVORAC\u201c VOGO\u0160\u0106A ZA MANDAT OD 2025. DO 2029. GODINE&#8221; &#8212; JU O\u0160 &quot;Mirsad Prnjavorac&quot; Vogo\u0161\u0107a\" src=\"http:\/\/osmp.edu.ba\/?p=12355&#038;embed=true#?secret=01yzH8cXPI#?secret=iqeSGXeYVA\" data-secret=\"iqeSGXeYVA\" width=\"600\" height=\"338\" frameborder=\"0\" marginwidth=\"0\" marginheight=\"0\" scrolling=\"no\"><\/iframe>\n<\/div><\/figure>\n\n\n\n<figure class=\"wp-block-embed aligncenter is-type-rich is-provider-ju-os-quot-mirsad-prnjavorac-quot-vogosca\"><div class=\"wp-block-embed__wrapper\">\n<blockquote class=\"wp-embedded-content\" data-secret=\"eMmGZlkZJI\"><a href=\"http:\/\/osmp.edu.ba\/?p=11876\">INTERNI OGLAS ZA IZBOR POMO\u0106NIKA DIREKTORA\/ VODITELJA NASTAVNOG PROCESA<\/a><\/blockquote><iframe class=\"wp-embedded-content\" sandbox=\"allow-scripts\" security=\"restricted\" style=\"position: absolute; visibility: hidden;\" title=\"&#8220;INTERNI OGLAS ZA IZBOR POMO\u0106NIKA DIREKTORA\/ VODITELJA NASTAVNOG PROCESA&#8221; &#8212; JU O\u0160 &quot;Mirsad Prnjavorac&quot; Vogo\u0161\u0107a\" src=\"http:\/\/osmp.edu.ba\/?p=11876&#038;embed=true#?secret=c15MAsUc0b#?secret=eMmGZlkZJI\" data-secret=\"eMmGZlkZJI\" width=\"600\" height=\"338\" frameborder=\"0\" marginwidth=\"0\" marginheight=\"0\" scrolling=\"no\"><\/iframe>\n<\/div><\/figure>\n\n\n\n<figure class=\"wp-block-embed aligncenter is-type-rich is-provider-ju-os-quot-mirsad-prnjavorac-quot-vogosca\"><div class=\"wp-block-embed__wrapper\">\n<blockquote class=\"wp-embedded-content\" data-secret=\"2SYxL19bRn\"><a href=\"http:\/\/osmp.edu.ba\/?p=10995\">KONKURSI &#8211; BODOVNA RANG LISTA &#8211; 1. DNEVNI \u010cUVAR<\/a><\/blockquote><iframe class=\"wp-embedded-content\" sandbox=\"allow-scripts\" security=\"restricted\" style=\"position: absolute; visibility: hidden;\" title=\"&#8220;KONKURSI &#8211; BODOVNA RANG LISTA &#8211; 1. DNEVNI \u010cUVAR&#8221; &#8212; JU O\u0160 &quot;Mirsad Prnjavorac&quot; Vogo\u0161\u0107a\" src=\"http:\/\/osmp.edu.ba\/?p=10995&#038;embed=true#?secret=rr3J2yy0Rf#?secret=2SYxL19bRn\" data-secret=\"2SYxL19bRn\" width=\"600\" height=\"338\" frameborder=\"0\" marginwidth=\"0\" marginheight=\"0\" scrolling=\"no\"><\/iframe>\n<\/div><\/figure>\n\n\n\n<figure class=\"wp-block-embed aligncenter is-type-rich is-provider-ju-os-quot-mirsad-prnjavorac-quot-vogosca\"><div class=\"wp-block-embed__wrapper\">\n<blockquote class=\"wp-embedded-content\" data-secret=\"XMhib1WsNI\"><a href=\"http:\/\/osmp.edu.ba\/?p=10129\">TEKST JAVNOG KONKURSA ZA POPUNU UPRA\u017dNJENIH RADNIH MJESTA<\/a><\/blockquote><iframe class=\"wp-embedded-content\" sandbox=\"allow-scripts\" security=\"restricted\" style=\"position: absolute; visibility: hidden;\" title=\"&#8220;TEKST JAVNOG KONKURSA ZA POPUNU UPRA\u017dNJENIH RADNIH MJESTA&#8221; &#8212; JU O\u0160 &quot;Mirsad Prnjavorac&quot; Vogo\u0161\u0107a\" src=\"http:\/\/osmp.edu.ba\/?p=10129&#038;embed=true#?secret=U1f3IQEn9T#?secret=XMhib1WsNI\" data-secret=\"XMhib1WsNI\" width=\"600\" height=\"338\" frameborder=\"0\" marginwidth=\"0\" marginheight=\"0\" scrolling=\"no\"><\/iframe>\n<\/div><\/figure>\n\n\n\n<figure class=\"wp-block-embed aligncenter is-type-rich is-provider-ju-os-quot-mirsad-prnjavorac-quot-vogosca\"><div class=\"wp-block-embed__wrapper\">\n<blockquote class=\"wp-embedded-content\" data-secret=\"ArmtT4TrB8\"><a href=\"http:\/\/osmp.edu.ba\/?p=9211\">TEKST JAVNOG KONKURSA ZA POPUNU UPRA\u017dNJENIH RADNIH MJESTA<\/a><\/blockquote><iframe class=\"wp-embedded-content\" sandbox=\"allow-scripts\" security=\"restricted\" style=\"position: absolute; visibility: hidden;\" title=\"&#8220;TEKST JAVNOG KONKURSA ZA POPUNU UPRA\u017dNJENIH RADNIH MJESTA&#8221; &#8212; JU O\u0160 &quot;Mirsad Prnjavorac&quot; Vogo\u0161\u0107a\" src=\"http:\/\/osmp.edu.ba\/?p=9211&#038;embed=true#?secret=KvZ3ncimZN#?secret=ArmtT4TrB8\" data-secret=\"ArmtT4TrB8\" width=\"600\" height=\"338\" frameborder=\"0\" marginwidth=\"0\" marginheight=\"0\" scrolling=\"no\"><\/iframe>\n<\/div><\/figure>\n\n\n\n<figure class=\"wp-block-embed aligncenter is-type-rich is-provider-ju-os-quot-mirsad-prnjavorac-quot-vogosca\"><div class=\"wp-block-embed__wrapper\">\n<blockquote class=\"wp-embedded-content\" data-secret=\"1lAoBQoYD8\"><a href=\"http:\/\/osmp.edu.ba\/?p=6477\">ISPRAVKA I DOPUNA TEKSTA JAVNOG KONKURSA<\/a><\/blockquote><iframe class=\"wp-embedded-content\" sandbox=\"allow-scripts\" security=\"restricted\" style=\"position: absolute; visibility: hidden;\" title=\"&#8220;ISPRAVKA I DOPUNA TEKSTA JAVNOG KONKURSA&#8221; &#8212; JU O\u0160 &quot;Mirsad Prnjavorac&quot; Vogo\u0161\u0107a\" src=\"http:\/\/osmp.edu.ba\/?p=6477&#038;embed=true#?secret=bsvbNjhARq#?secret=1lAoBQoYD8\" data-secret=\"1lAoBQoYD8\" width=\"600\" height=\"338\" frameborder=\"0\" marginwidth=\"0\" marginheight=\"0\" scrolling=\"no\"><\/iframe>\n<\/div><\/figure>\n\n\n\n<figure class=\"wp-block-embed aligncenter is-type-rich is-provider-ju-os-quot-mirsad-prnjavorac-quot-vogosca\"><div class=\"wp-block-embed__wrapper\">\n<blockquote class=\"wp-embedded-content\" data-secret=\"soWbqwUhnj\"><a href=\"http:\/\/osmp.edu.ba\/?p=6268\">JAVNI KONKURS<\/a><\/blockquote><iframe class=\"wp-embedded-content\" sandbox=\"allow-scripts\" security=\"restricted\" style=\"position: absolute; visibility: hidden;\" title=\"&#8220;JAVNI KONKURS&#8221; &#8212; JU O\u0160 &quot;Mirsad Prnjavorac&quot; Vogo\u0161\u0107a\" src=\"http:\/\/osmp.edu.ba\/?p=6268&#038;embed=true#?secret=rtx55nQgQL#?secret=soWbqwUhnj\" data-secret=\"soWbqwUhnj\" width=\"600\" height=\"338\" frameborder=\"0\" marginwidth=\"0\" marginheight=\"0\" scrolling=\"no\"><\/iframe>\n<\/div><\/figure>\n\n\n\n<p style=\"background-color:#dbd8e9\" class=\"has-background has-medium-font-size\">Za vi\u0161e konkursa raspisanih od strane  <a href=\"https:\/\/mo.ks.gov.ba\/\">Ministarstva za odgoj i obrazovanje Kantona Sarajevo<\/a> mo\u017eete posjetiti web stranicu na <a href=\"https:\/\/mo.ks.gov.ba\/aktuelno\/konkursi\">linku<\/a>. <\/p>\n","protected":false},"excerpt":{"rendered":"<p>Na ovom odjeljku stranice mo\u017eete prona\u0107i sve o najaktuelnijim konkursima i bodovnim rang listama vezanim&#8230;<\/p>\n","protected":false},"author":1,"featured_media":0,"parent":77,"menu_order":9,"comment_status":"closed","ping_status":"closed","template":"","meta":{"ngg_post_thumbnail":0,"footnotes":""},"class_list":["post-9515","page","type-page","status-publish","hentry"],"_links":{"self":[{"href":"https:\/\/osmp.edu.ba\/index.php?rest_route=\/wp\/v2\/pages\/9515","targetHints":{"allow":["GET"]}}],"collection":[{"href":"https:\/\/osmp.edu.ba\/index.php?rest_route=\/wp\/v2\/pages"}],"about":[{"href":"https:\/\/osmp.edu.ba\/index.php?rest_route=\/wp\/v2\/types\/page"}],"author":[{"embeddable":true,"href":"https:\/\/osmp.edu.ba\/index.php?rest_route=\/wp\/v2\/users\/1"}],"replies":[{"embeddable":true,"href":"https:\/\/osmp.edu.ba\/index.php?rest_route=%2Fwp%2Fv2%2Fcomments&post=9515"}],"version-history":[{"count":13,"href":"https:\/\/osmp.edu.ba\/index.php?rest_route=\/wp\/v2\/pages\/9515\/revisions"}],"predecessor-version":[{"id":12443,"href":"https:\/\/osmp.edu.ba\/index.php?rest_route=\/wp\/v2\/pages\/9515\/revisions\/12443"}],"up":[{"embeddable":true,"href":"https:\/\/osmp.edu.ba\/index.php?rest_route=\/wp\/v2\/pages\/77"}],"wp:attachment":[{"href":"https:\/\/osmp.edu.ba\/index.php?rest_route=%2Fwp%2Fv2%2Fmedia&parent=9515"}],"curies":[{"name":"wp","href":"https:\/\/api.w.org\/{rel}","templated":true}]}}