{"id":9567,"date":"2024-01-13T21:45:25","date_gmt":"2024-01-13T21:45:25","guid":{"rendered":"http:\/\/osmp.edu.ba\/?page_id=9567"},"modified":"2025-01-27T18:30:25","modified_gmt":"2025-01-27T18:30:25","slug":"prvacici","status":"publish","type":"page","link":"https:\/\/osmp.edu.ba\/?page_id=9567","title":{"rendered":"PRVA\u010cI\u0106I"},"content":{"rendered":"\n<p style=\"background-color:#d2e2e8;font-size:18px\" class=\"has-background\">Cijenjeni roditelji i dragi prva\u010di\u0107i, \u0161kola je mjesto koje nas kontinuirano priprema za \u017eivotne izazove, mjesto u kojem rastemo grade\u0107i viziju na\u0161e budu\u0107nosti. Svaki novi period nosi odre\u0111ene te\u0161ko\u0107e, ali konkretne informacije olak\u0161avaju dobar dio toga. U ovom odjeljku stranice prona\u0107i \u0107e te sve vezano za upis u prvi razred. Za najnovije informacije vezane za \u0111ake &#8211; prvake mo\u017eete kliknuti na tag &#8220;<strong><a href=\"http:\/\/osmp.edu.ba\/?cat=18\">PRVA\u010cI\u0106I<\/a><\/strong>&#8221; u donjem dijelu stranice ili na <a href=\"http:\/\/osmp.edu.ba\/?cat=18\">link<\/a>.<\/p>\n\n\n\n<p style=\"background-color:#b5e3f7;text-align:center\" class=\"has-text-color has-background has-medium-font-size has-very-light-gray-color\"><strong style=\"color:white;font-size:25px;text-shadow: -1px 1px 0 #000, \n                          1px 1px 0 #000, \n                         1px -1px 0 #000, \n                        -1px -1px 0 #000;\">POSLJEDNJA OBJAVLJENA OBAVJE\u0160TENJA: <\/strong><\/p>\n\n\n\n<figure class=\"wp-block-embed aligncenter is-type-rich is-provider-ju-os-quot-mirsad-prnjavorac-quot-vogosca\"><div class=\"wp-block-embed__wrapper\">\n<blockquote class=\"wp-embedded-content\" data-secret=\"oY0t5ZRKZa\"><a href=\"http:\/\/osmp.edu.ba\/?p=12548\">OBAVJE\u0160TENJE I POZIV ZA UPIS PRVA\u010cI\u0106A ZA \u0160KOLSKU 2025.\/2026. GODINU<\/a><\/blockquote><iframe class=\"wp-embedded-content\" sandbox=\"allow-scripts\" security=\"restricted\" style=\"position: absolute; visibility: hidden;\" title=\"&#8220;OBAVJE\u0160TENJE I POZIV ZA UPIS PRVA\u010cI\u0106A ZA \u0160KOLSKU 2025.\/2026. GODINU&#8221; &#8212; JU O\u0160 &quot;Mirsad Prnjavorac&quot; Vogo\u0161\u0107a\" src=\"http:\/\/osmp.edu.ba\/?p=12548&#038;embed=true#?secret=5EUHYtkQce#?secret=oY0t5ZRKZa\" data-secret=\"oY0t5ZRKZa\" width=\"600\" height=\"338\" frameborder=\"0\" marginwidth=\"0\" marginheight=\"0\" scrolling=\"no\"><\/iframe>\n<\/div><\/figure>\n\n\n\n<p style=\"background-color:#b5e3f7;text-align:center\" class=\"has-text-color has-background has-medium-font-size has-very-light-gray-color\"><strong style=\"color:white;font-size:25px;text-shadow: -1px 1px 0 #000, \n                          1px 1px 0 #000, \n                         1px -1px 0 #000, \n                        -1px -1px 0 #000;\">POJEDINOSTI OKO UPISA U PRVI RAZRED:<\/strong><\/p>\n\n\n\n<p style=\"background-color:#eae7d2;font-size:18px\" class=\"has-background\">Obavezno je poha\u0111anje redovne osnovne \u0161kole u trajanju od devet godina, i to za djecu od \u0161est do petnaest godina starosti. \u0160kolskim obveznikom redovne osnovne \u0161kole smatra se dijete koje \u0107e 1. marta teku\u0107e godine navr\u0161iti 5 i po godina \u017eivota. <\/p>\n\n\n\n<p style=\"background-color:#eae7d2;font-size:18px\" class=\"has-background\">Upis u redovnu osnovnu \u0161kolu se obavlja u <strong>februaru<\/strong> u terminu od <strong>01.02. do 28.02.2025. godine<\/strong>. U izuzetnim opravdanim slu\u010dajevima upis djece \u0107e se obaviti i u augustu te se pozivaju roditelji\/staratelji da djecu prijave za upis u <strong>februarskom roku<\/strong>, a samo <strong>izuzetno, uz opravdane razloge mogu se prijaviti u augustu<\/strong>.  <br>\u0160kola mo\u017ee omogu\u0107iti upis i djetetu mla\u0111em od utvr\u0111ene starosne dobi za po\u010detak obaveznog odgoja i obrazovanja, uz pismeni zahtjev roditelja\/staratelja i ako \u0161kola, nakon \u0161to razmotri preporuke Komisije za upis u\u010denika u prvi razred, i ako je to u najboljem interesu djeteta. Upis djeteta mla\u0111eg od utvr\u0111ene starosne dobi mo\u017ee se izvr\u0161iti samo ako dijete do kraja kalendarske godine puni \u0161est godina \u017eivota. <\/p>\n\n\n\n<p><\/p>\n\n\n\n<p style=\"background-color:#eae7d2;font-size:18px\" class=\"has-background\">Odgojno-obrazovni rad sa djecom sa posebnim obrazovnim potrebama se odvija u specijalnim \u0161kolama i ustanovama na osnovu principa integriranog odgoja i obrazovanja, \u0161to zna\u010di da svi u\u010denici, uklju\u010duju\u0107i i u\u010denike sa posebnim obrazovnim potrebama, imaju pravo da budu u redovnim odjeljenjima, s tim da se rad s djecom sa posebnim obrazovnim potrebama odvija po individualno prilago\u0111enom programu.<\/p>\n\n\n\n<p style=\"background-color:#eae7d2;font-size:18px\" class=\"has-background\">Shodno navedenom, pozivamo roditelje, \u010dija su djeca \u0161kolski obveznici, da na vrijeme izvr\u0161e zakonsku obavezu i upi\u0161u svoje dijete u osnovnu \u0161kolu i time omogu\u0107e svojoj djeci ispunjavanje jednog od osnovnih ljudskih i dje\u010dijih prava \u2013 pravo na obrazovanje.<\/p>\n\n\n\n<p style=\"background-color:#eae7d2;font-size:18px\" class=\"has-background\">Napominjemo da razgovor koji komisija na nivou \u0161kole obavlja sa budu\u0107im \u201eprva\u010di\u0107ima\u201c, ne predstavlja testiranje djece ni u kojem smislu, ve\u0107 razgovor koji prvenstveno ima za cilj utvrditi da li je dijete dovoljno socijalizirano.<\/p>\n\n\n\n<div class=\"wp-block-image\"><figure class=\"aligncenter is-resized\"><img fetchpriority=\"high\" decoding=\"async\" src=\"http:\/\/osmp.edu.ba\/wp-content\/uploads\/2024\/01\/pngwing.com_.png\" alt=\"\" class=\"wp-image-9630\" width=\"488\" height=\"333\" srcset=\"https:\/\/osmp.edu.ba\/wp-content\/uploads\/2024\/01\/pngwing.com_.png 650w, https:\/\/osmp.edu.ba\/wp-content\/uploads\/2024\/01\/pngwing.com_-300x205.png 300w\" sizes=\"(max-width: 488px) 100vw, 488px\" \/><figcaption> <strong>FOTO: https:\/\/www.pngwing.com\/<\/strong><\/figcaption><\/figure><\/div>\n\n\n\n<p><\/p>\n\n\n\n<p style=\"background-color:#b5e3f7;text-align:center\" class=\"has-text-color has-background has-medium-font-size has-very-light-gray-color\"><strong style=\"color:white;font-size:25px;text-shadow: -1px 1px 0 #000, \n                          1px 1px 0 #000, \n                         1px -1px 0 #000, \n                        -1px -1px 0 #000;\">DOKUMENTACIJA ZA UPIS U PRVI RAZRED<\/strong><\/p>\n\n\n\n<p style=\"background-color:#ebf2f5;font-size:19px\" class=\"has-background\"><b>1.<\/b> Popunjen obrazac &#8220;Prijava za upis djeteta u prvi razred 2025\/2026. godine&#8221;, koji roditelji\/staratelji preuzimaju u pred\u0161kolskim ustanovama;<br>\n<b>2.<\/b>  Izvod iz mati\u010dne knjige ro\u0111enih (original ili ovjerena kopija); <br>\n<b>3.<\/b> Ljekarsko uvjerenje o psihofizi\u010dkom stanju djeteta za upis u \u0161kolu i zdravstvenom statusu s opisom pote\u0161ko\u0107a, izdato od nadle\u017ene javne zdravstvene ustanove; <br>\n<b>4.<\/b> Uvjerenje\/certifikat o poha\u0111anju obaveznog pred\u0161kolskog programa za djecu u godini pred polazak u \u0161kolu, izdato od nadle\u017ene pred\u0161kolske ustanove. U slua\u010dju da roditelj\/staratelj ne prilo\u017ei uvjerenje o poha\u0111anju obaveznog pred\u0161kolskog programa du\u017ean je podnijeti pismeno obrazlo\u017eenje koje se odnosi na razloge nepoha\u0111anja istog; <br>\n<b>5. <\/b>CIPS prijava o prebivali\u0161tu, kao dokaz o pripadnosti \u0161kolskom podru\u010dju.\n<br>\n<br>\n<b>Prikupljena dokumentacija se dostavlja na adresu \u0161kole.<\/b>\n<br>\n<b>Testiranje upisane djece \u0107e se obaviti prema rasporedu koji \u0107e se utvrditi prilikom upisa.\n<\/b>\n\n<\/p>\n\n\n\n<p style=\"background-color:#b5e3f7;text-align:center\" class=\"has-text-color has-background has-medium-font-size has-very-light-gray-color\"><strong style=\"color:white;font-size:25px;text-shadow: -1px 1px 0 #000, \n                          1px 1px 0 #000, \n                         1px -1px 0 #000, \n                        -1px -1px 0 #000;\">\u0160KOLSKO PODRU\u010cJE<\/strong><\/p>\n\n\n\n<p style=\"background-color:#ebf2f5;font-size:19px\" class=\"has-background\"><b>JU O\u0160 \u201eMirsad Prnjavorac\u201c Vogo\u0161\u0107a obuhvata sljede\u0107e ulice:<\/b><br> \n\u2689 Jo\u0161ani\u010dka (sve osim brojeva: bb, 2, 4, 6, 8, 10, 11, 12, 13, 15, 17), Bra\u0107e Hala\u0107, Samira Gradi\u0161i\u0107a, Akifa ef. Biserovi\u0107a, Igmanska od br.16., Vogo\u0161\u0107anskih odreda, Branilaca Vijenca, Remzije Veje, Spasoja Blagov\u010danina, Skendera Kulenovi\u0107a, Merzuka Feriza, Bra\u0107e Kr\u0161o, Partizanskog odreda Zvijezda, Kreme\u0161, Gornja Jo\u0161anica I, Gornja Jo\u0161anica II, Gornja Jo\u0161anica III, Donja Jo\u0161anica I, Donja Jo\u0161anica II, Ahmeda Rizve, ul. Rosulje &#8211; svi neparni brojevi, Rosulje I, Rosulje lII, Blagovac I, Blagovac III, Blagovac IV. <br><br>\n\u2689 U skladu sa \u010dlanom 62. stav 7. Zakona o osnovnom odgoju i obrazovanju, po zahtjevu roditelja, \u0160kola mo\u017ee upisati i u\u010denike koji ne pripadaju navedenom \u0161kolskom podru\u010dju u skladu sa raspolo\u017eivim prostornim i kadrovskim kapacitetima uz obavezu po\u0161tivanja Pedago\u0161kih standarda i normativa za osnovni odgoj i obrazovanje i normativa radnog prostora, opreme, nastavnih sredstava i u\u010dila po predmetima za osnovnu \u0161kolu (&#8220;Slu\u017ebene novine Kantona Sarajevo&#8221;, broj 30\/18, 9\/22 , 20\/22 i 23\/23).\n<\/p>\n\n\n\n<p><\/p>\n","protected":false},"excerpt":{"rendered":"<p>Cijenjeni roditelji i dragi prva\u010di\u0107i, \u0161kola je mjesto koje nas kontinuirano priprema za \u017eivotne izazove,&#8230;<\/p>\n","protected":false},"author":1,"featured_media":9636,"parent":26,"menu_order":5,"comment_status":"closed","ping_status":"closed","template":"","meta":{"ngg_post_thumbnail":0,"footnotes":""},"class_list":["post-9567","page","type-page","status-publish","has-post-thumbnail","hentry"],"_links":{"self":[{"href":"https:\/\/osmp.edu.ba\/index.php?rest_route=\/wp\/v2\/pages\/9567","targetHints":{"allow":["GET"]}}],"collection":[{"href":"https:\/\/osmp.edu.ba\/index.php?rest_route=\/wp\/v2\/pages"}],"about":[{"href":"https:\/\/osmp.edu.ba\/index.php?rest_route=\/wp\/v2\/types\/page"}],"author":[{"embeddable":true,"href":"https:\/\/osmp.edu.ba\/index.php?rest_route=\/wp\/v2\/users\/1"}],"replies":[{"embeddable":true,"href":"https:\/\/osmp.edu.ba\/index.php?rest_route=%2Fwp%2Fv2%2Fcomments&post=9567"}],"version-history":[{"count":51,"href":"https:\/\/osmp.edu.ba\/index.php?rest_route=\/wp\/v2\/pages\/9567\/revisions"}],"predecessor-version":[{"id":12563,"href":"https:\/\/osmp.edu.ba\/index.php?rest_route=\/wp\/v2\/pages\/9567\/revisions\/12563"}],"up":[{"embeddable":true,"href":"https:\/\/osmp.edu.ba\/index.php?rest_route=\/wp\/v2\/pages\/26"}],"wp:featuredmedia":[{"embeddable":true,"href":"https:\/\/osmp.edu.ba\/index.php?rest_route=\/wp\/v2\/media\/9636"}],"wp:attachment":[{"href":"https:\/\/osmp.edu.ba\/index.php?rest_route=%2Fwp%2Fv2%2Fmedia&parent=9567"}],"curies":[{"name":"wp","href":"https:\/\/api.w.org\/{rel}","templated":true}]}}